{"id":2343,"date":"2023-09-22T15:35:24","date_gmt":"2023-09-22T22:35:24","guid":{"rendered":"https:\/\/victoryoung.com\/?page_id=2343"},"modified":"2025-12-20T09:17:26","modified_gmt":"2025-12-20T17:17:26","slug":"victor-young-liens-connexes","status":"publish","type":"page","link":"https:\/\/victoryoung.com\/fr\/victor-young-liens-connexes\/","title":{"rendered":"Liens"},"content":{"rendered":"<div data-elementor-type=\"wp-page\" data-elementor-id=\"2343\" class=\"elementor elementor-2343\" data-elementor-post-type=\"page\">\n\t\t\t\t\t\t<section class=\"elementor-section elementor-top-section elementor-element elementor-element-178298ed elementor-section-height-min-height elementor-section-boxed elementor-section-height-default elementor-section-items-middle\" data-id=\"178298ed\" data-element_type=\"section\" data-e-type=\"section\" data-settings=\"{&quot;background_background&quot;:&quot;classic&quot;}\">\n\t\t\t\t\t\t\t<div class=\"elementor-background-overlay\"><\/div>\n\t\t\t\t\t\t\t<div class=\"elementor-container elementor-column-gap-no\">\n\t\t\t\t\t<div class=\"elementor-column elementor-col-100 elementor-top-column elementor-element elementor-element-4828f475\" data-id=\"4828f475\" data-element_type=\"column\" data-e-type=\"column\">\n\t\t\t<div class=\"elementor-widget-wrap elementor-element-populated\">\n\t\t\t\t\t\t<div class=\"elementor-element elementor-element-7c4922be elementor-widget-divider--view-line elementor-widget elementor-widget-divider\" data-id=\"7c4922be\" data-element_type=\"widget\" data-e-type=\"widget\" data-widget_type=\"divider.default\">\n\t\t\t\t<div class=\"elementor-widget-container\">\n\t\t\t\t\t\t\t<div class=\"elementor-divider\">\n\t\t\t<span class=\"elementor-divider-separator\">\n\t\t\t\t\t\t<\/span>\n\t\t<\/div>\n\t\t\t\t\t\t<\/div>\n\t\t\t\t<\/div>\n\t\t\t\t\t<\/div>\n\t\t<\/div>\n\t\t\t\t\t<\/div>\n\t\t<\/section>\n\t\t\t\t<section class=\"elementor-section elementor-top-section elementor-element elementor-element-34d8521f elementor-section-height-min-height elementor-section-boxed elementor-section-height-default elementor-section-items-middle\" data-id=\"34d8521f\" data-element_type=\"section\" data-e-type=\"section\" data-settings=\"{&quot;background_background&quot;:&quot;classic&quot;}\">\n\t\t\t\t\t\t<div class=\"elementor-container elementor-column-gap-no\">\n\t\t\t\t\t<div class=\"elementor-column elementor-col-100 elementor-top-column elementor-element elementor-element-5298c8ce\" data-id=\"5298c8ce\" data-element_type=\"column\" data-e-type=\"column\">\n\t\t\t<div class=\"elementor-widget-wrap elementor-element-populated\">\n\t\t\t\t\t\t<div class=\"elementor-element elementor-element-2c8b0605 elementor-widget elementor-widget-heading\" data-id=\"2c8b0605\" data-element_type=\"widget\" data-e-type=\"widget\" data-widget_type=\"heading.default\">\n\t\t\t\t<div class=\"elementor-widget-container\">\n\t\t\t\t\t<h2 class=\"elementor-heading-title elementor-size-default\">Types de sites web li\u00e9s \u00e0 VictorYoung.com<\/h2>\t\t\t\t<\/div>\n\t\t\t\t<\/div>\n\t\t\t\t<div class=\"elementor-element elementor-element-b0302a6 elementor-drop-cap-yes elementor-drop-cap-view-default elementor-widget elementor-widget-text-editor\" data-id=\"b0302a6\" data-element_type=\"widget\" data-e-type=\"widget\" data-settings=\"{&quot;drop_cap&quot;:&quot;yes&quot;}\" data-widget_type=\"text-editor.default\">\n\t\t\t\t<div class=\"elementor-widget-container\">\n\t\t\t\t\t\t\t\t\t<p>Au cours de mes recherches sur la biographie de M. Young, j'ai envoy\u00e9 des courriels, parl\u00e9 avec toutes sortes de personnes et d'organisations, ou je suis entr\u00e9 en contact avec elles.  Nombre d'entre elles disposent de leur propre site web, qui est pr\u00e9sent\u00e9 ici, avec une br\u00e8ve description, afin que vous puissiez y donner suite si vous le souhaitez.<\/p><p>Pour visiter un site, veuillez cliquer sur le lien ci-dessous ...<\/p>\t\t\t\t\t\t\t\t<\/div>\n\t\t\t\t<\/div>\n\t\t\t\t\t<\/div>\n\t\t<\/div>\n\t\t\t\t\t<\/div>\n\t\t<\/section>\n\t\t\t\t<section class=\"elementor-section elementor-top-section elementor-element elementor-element-3dae88f elementor-section-boxed elementor-section-height-default elementor-section-height-default\" data-id=\"3dae88f\" data-element_type=\"section\" data-e-type=\"section\">\n\t\t\t\t\t\t<div class=\"elementor-container elementor-column-gap-default\">\n\t\t\t\t\t<div class=\"elementor-column elementor-col-100 elementor-top-column elementor-element elementor-element-f4a490c\" data-id=\"f4a490c\" data-element_type=\"column\" data-e-type=\"column\">\n\t\t\t<div class=\"elementor-widget-wrap elementor-element-populated\">\n\t\t\t\t\t\t<div class=\"elementor-element elementor-element-dcac636 elementor-widget elementor-widget-text-editor\" data-id=\"dcac636\" data-element_type=\"widget\" data-e-type=\"widget\" data-widget_type=\"text-editor.default\">\n\t\t\t\t<div class=\"elementor-widget-container\">\n\t\t\t\t\t\t\t\t\t<p><strong>Liens<\/strong> (par ordre alphab\u00e9tique du premier mot)<\/p><ul><li><strong>Universit\u00e9 de Brandeis<\/strong>.  La collection Victor Young \u00e0 Brandeis comprend plus de 100 partitions musicales et enregistrements LP ainsi que des r\u00e9compenses (dont un Oscar et un Golden Globe), des coupures de presse, des photographies et des souvenirs. Donn\u00e9e \u00e0 Brandeis par la famille Young, la collection est fr\u00e9quemment utilis\u00e9e par les musicologues et autres chercheurs.  La collection est accompagn\u00e9e d'un instrument de recherche d\u00e9taill\u00e9 et d'une br\u00e8ve biographie.<ul><li><a href=\"https:\/\/www.brandeis.edu\/library\/archives\/essays\/special-collections\/victor-young.html\" target=\"_blank\" rel=\"noopener\">https:\/\/www.brandeis.edu\/library\/archives\/essays\/special-collections\/victor-young.html<\/a><\/li><\/ul><\/li><li><strong>Biblioth\u00e8que publique de Boston<\/strong>.  La collection contient 1400 pi\u00e8ces, principalement des partitions de chef d'orchestre, des partitions vocales\/piano, des feuilles de chant et des parties instrumentales, utilis\u00e9es autrefois par le compositeur, arrangeur et chef d'orchestre Victor Young. Connu pour sa partition pour le film\u00a0<em>Le tour du monde en 80 jours<\/em> (1956), Young a \u00e9galement compos\u00e9 la musique de plus de 300 films, de deux spectacles de Broadway et de nombreux tubes et publicit\u00e9s.<ul><li><a href=\"https:\/\/www.bpl.org\/archival_post\/young-victor-1900-1956-collection\/\" target=\"_blank\" rel=\"noopener\">https:\/\/www.bpl.org\/archival_post\/young-victor-1900-1956-collection\/<\/a><\/li><\/ul><\/li><li><strong>Chris Malone<\/strong>.  Ing\u00e9nieur du son qui a travaill\u00e9 sur de nombreux projets de restauration minutieuse de la musique de Victor Young \u00e0 partir d'enregistrements originaux d\u00e9t\u00e9rior\u00e9s.  Son travail a inclus un titre de 2014 pour Kritzerland, <em>Victor Young \u00e0 Paramount Vol 1,<\/em> sauver les rep\u00e8res des films <em>Rendez-vous avec le danger<\/em>, <i>Les\u00a0<\/i><em>Accus\u00e9<\/em>, et <em>Affaire de septembre<\/em>, et <em>Victor Young \u00e0 Paramount Vol 2,<\/em> la restauration des indices de <em>L'orgueilleux et le profane<\/em>, <em>Femme \u00e0 vie<\/em>, <em>Petit gar\u00e7on perdu<\/em>, et <em>Mon espion pr\u00e9f\u00e9r\u00e9<\/em>.<ul><li><a href=\"https:\/\/www.malonedigital.com\/\" target=\"_blank\" rel=\"noopener\">https:\/\/www.malonedigital.com\/<\/a><\/li><\/ul><\/li><li><strong>Kuba Stankiewicz<\/strong>.  Page Facebook du pianiste polonais Kuba Stankiewicz, qui a \u00e9t\u00e9 le fer de lance du mouvement moderne visant \u00e0 reconna\u00eetre les racines polonaises oubli\u00e9es de la musique de Victor Young, originaire de Chicago, et \u00e0 en promouvoir l'\u00e9tude et l'interpr\u00e9tation.  Kuba a jou\u00e9 un r\u00f4le d\u00e9terminant dans la cr\u00e9ation de l'\u00e9v\u00e9nement annuel <i>Festival de jazz Victor Young<\/i> \u00e0 M\u0142awa, en Pologne.  Il a publi\u00e9 en 2014 un CD intitul\u00e9 <i>La musique de Victor Young<\/i>, y compris des morceaux moins connus, comme \u2018Everything I Do\u2019 et \u2018It's Christmas Time Again\u2019, un travail d'amour en collaboration avec les musiciens Darek Oleszkiewicz et Peter Erskine.<ul><li><a href=\"https:\/\/www.facebook.com\/KubaStankiewiczKSQmusic\" target=\"_blank\" rel=\"noopener\">https:\/\/www.facebook.com\/KubaStankiewiczKSQmusic<\/a><\/li><\/ul><\/li><li><strong>Biblioth\u00e8que Margaret Herrick<\/strong>.  La biblioth\u00e8que Margaret Herrick est une collection de r\u00e9f\u00e9rence et de recherche de renomm\u00e9e mondiale, non circulante, consacr\u00e9e \u00e0 l'histoire et au d\u00e9veloppement du cin\u00e9ma en tant que forme d'art et industrie, g\u00e9r\u00e9e par l'Academy of Motion Picture Arts and Sciences (Acad\u00e9mie des arts et des sciences du cin\u00e9ma). Cr\u00e9\u00e9e en 1928 et situ\u00e9e \u00e0 Beverly Hills, la biblioth\u00e8que est ouverte au public sur rendez-vous et est utilis\u00e9e toute l'ann\u00e9e par des \u00e9tudiants, des chercheurs, des historiens et des professionnels de l'industrie.  Les collections comprennent un dossier biographique sur Victor Young, contenant des coupures de presse et des photographies, ainsi que des dossiers de production pour de nombreux films dont il a sign\u00e9 la musique, tels que <i>Les non invit\u00e9s<\/i> et <i>Le tour du monde en 80 jours<\/i>.<ul><li><a href=\"https:\/\/www.oscars.org\/library\" target=\"_blank\" rel=\"noopener\">https:\/\/www.oscars.org\/library<\/a><\/li><\/ul><\/li><li><strong>Michael Moreno<\/strong>.  Guitariste et compositeur de jazz.  En plus d'\u00e9crire et de jouer de la musique, Michael donne un cours sur les origines des standards de la musique jazz issus du monde du cin\u00e9ma, dont plusieurs sont l'\u0153uvre de Victor Young, tels que \u2018Stella By Starlight\u2019 et \u2018My Foolish Heart\u2019.  Ces morceaux peuvent \u00eatre \u00e9cout\u00e9s sur la liste de lecture Spotify, et commencent par des dialogues tir\u00e9s des films, situant le contexte de ces th\u00e8mes d'amour bien connus.<ul><li><a href=\"http:\/\/www.mikemoreno.com\/\" target=\"_blank\" rel=\"noopener\">http:\/\/www.mikemoreno.com\/<\/a><\/li><\/ul><\/li><li><strong>Ron Seymour Photography<\/strong>.  Ron est le fils du c\u00e9l\u00e8bre photographe des stars de Chicago, Maurice Seymour, dont il suit les traces.  Maurice a compos\u00e9 un portrait de Victor Young qui ne ressemble \u00e0 aucun autre dans son vaste r\u00e9pertoire comprenant des personnalit\u00e9s telles que Tommy Dorsey, Tony Bennett et Sylvia Sidney.  Le portrait unique de Young orne la couverture de nombreux morceaux de ses partitions populaires, comme \u2018Love Is The Thing\u2019 et \u2018Cabin In The Cotton\u2019<i>, <\/i>et m\u00eame des reprises de la musique d'autres auteurs qu'il a contribu\u00e9 \u00e0 populariser, comme \u2018Mood Indigo\u2019 de Duke Ellington\u2019<i>.<\/i><ul><li><a href=\"https:\/\/ronseymour.com\/the-maurice-seymour-gallery\/\" target=\"_blank\" rel=\"noopener\">https:\/\/ronseymour.com\/the-maurice-seymour-gallery\/<\/a><\/li><\/ul><\/li><li><strong>Biblioth\u00e8que de l'UCLA<\/strong>. Cette collection comprend des esquisses manuscrites, des partitions et des parties de compositions de Victor Young, cr\u00e9\u00e9es pour les \u00e9missions de t\u00e9l\u00e9vision Medic, The Tony Martin Show (\u00e0 partir de mat\u00e9riel provenant du Texaco Star Theater), ainsi que pour divers films et musiciens populaires des ann\u00e9es 1950.<ul><li><a href=\"https:\/\/oac.cdlib.org\/findaid\/ark:%2F13030%2Ftf796nb4d2\" target=\"_blank\" rel=\"noopener\">https:\/\/oac.cdlib.org\/findaid\/ark:%2F13030%2Ftf796nb4d2<\/a><\/li><\/ul><\/li><\/ul>\t\t\t\t\t\t\t\t<\/div>\n\t\t\t\t<\/div>\n\t\t\t\t\t<\/div>\n\t\t<\/div>\n\t\t\t\t\t<\/div>\n\t\t<\/section>\n\t\t\t\t<\/div>","protected":false},"excerpt":{"rendered":"<p>Types of Websites Linked to VictorYoung.com In the research stage of Mr. Young&#8217;s biography I have emailed, talked with, or otherwise connected with all kinds of people and organizations.\u00a0 Many of these have websites of their own and these are provided here, with a brief description, to follow up as you have interest. To visit [&hellip;]<\/p>\n","protected":false},"author":2,"featured_media":0,"parent":0,"menu_order":0,"comment_status":"closed","ping_status":"closed","template":"","meta":{"nf_dc_page":"","footnotes":""},"class_list":["post-2343","page","type-page","status-publish","hentry"],"_links":{"self":[{"href":"https:\/\/victoryoung.com\/fr\/wp-json\/wp\/v2\/pages\/2343","targetHints":{"allow":["GET"]}}],"collection":[{"href":"https:\/\/victoryoung.com\/fr\/wp-json\/wp\/v2\/pages"}],"about":[{"href":"https:\/\/victoryoung.com\/fr\/wp-json\/wp\/v2\/types\/page"}],"author":[{"embeddable":true,"href":"https:\/\/victoryoung.com\/fr\/wp-json\/wp\/v2\/users\/2"}],"replies":[{"embeddable":true,"href":"https:\/\/victoryoung.com\/fr\/wp-json\/wp\/v2\/comments?post=2343"}],"version-history":[{"count":5,"href":"https:\/\/victoryoung.com\/fr\/wp-json\/wp\/v2\/pages\/2343\/revisions"}],"predecessor-version":[{"id":3008,"href":"https:\/\/victoryoung.com\/fr\/wp-json\/wp\/v2\/pages\/2343\/revisions\/3008"}],"wp:attachment":[{"href":"https:\/\/victoryoung.com\/fr\/wp-json\/wp\/v2\/media?parent=2343"}],"curies":[{"name":"wp","href":"https:\/\/api.w.org\/{rel}","templated":true}]}}