{"id":2485,"date":"2025-12-16T15:26:17","date_gmt":"2025-12-16T23:26:17","guid":{"rendered":"https:\/\/victoryoung.com\/?page_id=2485"},"modified":"2025-12-20T09:16:37","modified_gmt":"2025-12-20T17:16:37","slug":"films","status":"publish","type":"page","link":"https:\/\/victoryoung.com\/fr\/films\/","title":{"rendered":"Films"},"content":{"rendered":"<div data-elementor-type=\"wp-page\" data-elementor-id=\"2485\" class=\"elementor elementor-2485\" data-elementor-post-type=\"page\">\n\t\t\t\t\t\t<section class=\"elementor-section elementor-top-section elementor-element elementor-element-178298ed elementor-section-height-min-height elementor-section-boxed elementor-section-height-default elementor-section-items-middle\" data-id=\"178298ed\" data-element_type=\"section\" data-e-type=\"section\" data-settings=\"{&quot;background_background&quot;:&quot;classic&quot;}\">\n\t\t\t\t\t\t\t<div class=\"elementor-background-overlay\"><\/div>\n\t\t\t\t\t\t\t<div class=\"elementor-container elementor-column-gap-no\">\n\t\t\t\t\t<div class=\"elementor-column elementor-col-100 elementor-top-column elementor-element elementor-element-4828f475\" data-id=\"4828f475\" data-element_type=\"column\" data-e-type=\"column\">\n\t\t\t<div class=\"elementor-widget-wrap elementor-element-populated\">\n\t\t\t\t\t\t<div class=\"elementor-element elementor-element-7c4922be elementor-widget-divider--view-line elementor-widget elementor-widget-divider\" data-id=\"7c4922be\" data-element_type=\"widget\" data-e-type=\"widget\" data-widget_type=\"divider.default\">\n\t\t\t\t<div class=\"elementor-widget-container\">\n\t\t\t\t\t\t\t<div class=\"elementor-divider\">\n\t\t\t<span class=\"elementor-divider-separator\">\n\t\t\t\t\t\t<\/span>\n\t\t<\/div>\n\t\t\t\t\t\t<\/div>\n\t\t\t\t<\/div>\n\t\t\t\t\t<\/div>\n\t\t<\/div>\n\t\t\t\t\t<\/div>\n\t\t<\/section>\n\t\t\t\t<section class=\"elementor-section elementor-top-section elementor-element elementor-element-34d8521f elementor-section-height-min-height elementor-section-boxed elementor-section-height-default elementor-section-items-middle\" data-id=\"34d8521f\" data-element_type=\"section\" data-e-type=\"section\" data-settings=\"{&quot;background_background&quot;:&quot;classic&quot;}\">\n\t\t\t\t\t\t<div class=\"elementor-container elementor-column-gap-no\">\n\t\t\t\t\t<div class=\"elementor-column elementor-col-100 elementor-top-column elementor-element elementor-element-5298c8ce\" data-id=\"5298c8ce\" data-element_type=\"column\" data-e-type=\"column\">\n\t\t\t<div class=\"elementor-widget-wrap elementor-element-populated\">\n\t\t\t\t\t\t<div class=\"elementor-element elementor-element-2c8b0605 elementor-widget elementor-widget-heading\" data-id=\"2c8b0605\" data-element_type=\"widget\" data-e-type=\"widget\" data-widget_type=\"heading.default\">\n\t\t\t\t<div class=\"elementor-widget-container\">\n\t\t\t\t\t<h2 class=\"elementor-heading-title elementor-size-default\">Films cin\u00e9matographiques des ann\u00e9es 1930, 1940 et 1950 dont la musique a \u00e9t\u00e9 \u00e9crite par Victor Young<\/h2>\t\t\t\t<\/div>\n\t\t\t\t<\/div>\n\t\t\t\t<div class=\"elementor-element elementor-element-b0302a6 elementor-drop-cap-yes elementor-drop-cap-view-default elementor-widget elementor-widget-text-editor\" data-id=\"b0302a6\" data-element_type=\"widget\" data-e-type=\"widget\" data-settings=\"{&quot;drop_cap&quot;:&quot;yes&quot;}\" data-widget_type=\"text-editor.default\">\n\t\t\t\t<div class=\"elementor-widget-container\">\n\t\t\t\t\t\t\t\t\t<p>Si vous souhaitez commencer \u00e0 regarder des films dont la musique a \u00e9t\u00e9 compos\u00e9e par Victor Young, cette courte liste pr\u00e9sente quatre choix pour chacune des d\u00e9cennies au cours desquelles il a travaill\u00e9 \u00e0 Hollywood.  Beaucoup sont disponibles \u00e0 la location sur YouTube et Amazon.  Les liens vers les versions gratuites sur YouTube ne sont pas fournis ici car ils sont souvent modifi\u00e9s ou supprim\u00e9s.<\/p>\t\t\t\t\t\t\t\t<\/div>\n\t\t\t\t<\/div>\n\t\t\t\t\t<\/div>\n\t\t<\/div>\n\t\t\t\t\t<\/div>\n\t\t<\/section>\n\t\t\t\t<section class=\"elementor-section elementor-top-section elementor-element elementor-element-3dae88f elementor-section-boxed elementor-section-height-default elementor-section-height-default\" data-id=\"3dae88f\" data-element_type=\"section\" data-e-type=\"section\">\n\t\t\t\t\t\t<div class=\"elementor-container elementor-column-gap-default\">\n\t\t\t\t\t<div class=\"elementor-column elementor-col-100 elementor-top-column elementor-element elementor-element-f4a490c\" data-id=\"f4a490c\" data-element_type=\"column\" data-e-type=\"column\">\n\t\t\t<div class=\"elementor-widget-wrap elementor-element-populated\">\n\t\t\t\t\t\t<div class=\"elementor-element elementor-element-dcac636 elementor-widget elementor-widget-text-editor\" data-id=\"dcac636\" data-element_type=\"widget\" data-e-type=\"widget\" data-widget_type=\"text-editor.default\">\n\t\t\t\t<div class=\"elementor-widget-container\">\n\t\t\t\t\t\t\t\t\t<p><span style=\"text-decoration: underline;\"><strong>Films des ann\u00e9es 30<\/strong><\/span><\/p><ul><li class=\"translation-block\"><strong>Fatal Lady<\/strong> (1936). La carri\u00e8re d'une star de l'op\u00e9ra est mise \u00e0 mal lorsqu'elle est soup\u00e7onn\u00e9e de meurtre. Origine de la chanson populaire \u2018Je Vous Adore\u2019, que Young a \u00e9crite avec le parolier Sam Coslow, et qui semble aujourd'hui oubli\u00e9e.<\/li><li class=\"translation-block\">&lt;Wells Fargo<\/strong> (1937). Un r\u00e9cit tentaculaire et fictif de la cr\u00e9ation du c\u00e9l\u00e8bre service express. La Paramount a cr\u00e9\u00e9 un court m\u00e9trage de 15 minutes sur la musique du film, dans lequel Victor Young et Boris Morros figurent en bonne place, entre autres.<\/li><li class=\"translation-block\"><strong>Mar\u00e9e descendante (1937). <\/strong>Des marins naufrag\u00e9s tombent entre les mains d'un fanatique religieux. C'est le premier des deux films que Victor Young a identifi\u00e9s, \u00e0 la fin de sa carri\u00e8re, comme ses musiques de film pr\u00e9f\u00e9r\u00e9es. Origine de la chanson populaire \u2018Ebb Tide\u2019 de Ralph Rainger et Leo Robin.<\/li><li class=\"translation-block\"><strong>Maid of Salem<\/strong> (1937). De jeunes amoureux se heurtent \u00e0 la soci\u00e9t\u00e9 r\u00e9pressive alors que les anciens de Salem sont pris dans la chasse aux sorci\u00e8res et les proc\u00e8s du Massachusetts du XVIIe si\u00e8cle. Il s'agit du deuxi\u00e8me des deux films que Young a identifi\u00e9s, \u00e0 la fin de sa carri\u00e8re, comme \u00e9tant ses musiques de film pr\u00e9f\u00e9r\u00e9es.<\/li><\/ul><p><span style=\"text-decoration: underline;\"><strong>Films des ann\u00e9es 1940<\/strong><\/span><\/p><ul><li class=\"translation-block\">&lt;Pour qui sonne le glas<\/strong> (1943). Un Am\u00e9ricain combat dans la guerre civile espagnole, tombant amoureux en cours de route. \u00c0 l'origine de la chanson populaire \u2018A Love Like This\u2019, que Young a \u00e9crite avec le parolier Ned Washington et qui est aujourd'hui pratiquement oubli\u00e9e. L'une des partitions les plus dramatiques de Young, elle a \u00e9t\u00e9 nomin\u00e9e pour le prix de la meilleure musique de film dramatique ou de com\u00e9die.<\/li><\/ul><ul><li class=\"translation-block\"><strong>The Uninvited<\/strong> (1944). Une fratrie londonienne ach\u00e8te un manoir c\u00f4tier inoccup\u00e9 au pass\u00e9 sombre. A l'origine de la chanson populaire \u2018Stella By Starlight\u2019, que Young a \u00e9crite avec le parolier Ned Washington, consid\u00e9r\u00e9e aujourd'hui comme un <span style=\"text-decoration : underline\">Standard<\/span>. Premier traitement hollywoodien s\u00e9rieux de la hantise, il regorge de th\u00e8mes riches et originaux, comme le pimpant \u2018Squirrel Chase\u2019 (Poursuite des \u00e9cureuils).\u2019<\/li><li class=\"translation-block\"><strong>Love Letters<\/strong> (1945). Un GI de la Seconde Guerre mondiale persuade son ami d'\u00e9crire ses lettres \u00e0 la maison et doit faire face aux cons\u00e9quences lorsqu'il revient \u00e0 la fin de la guerre. Selon une source, le th\u00e8me amoureux de Victor, \u2018Love Letters\u2019, \u00e9crit avec le parolier Ed Heyman, \u00e9tait la chanson pr\u00e9f\u00e9r\u00e9e des GI \u00e0 leur retour. Elle a \u00e9t\u00e9 nomin\u00e9e pour la meilleure chanson originale et est consid\u00e9r\u00e9e aujourd'hui comme un <span style=\"text-decoration : underline\">Standard<\/span>.<\/li><li class=\"translation-block\"><strong>I Walk Alone<\/strong> (1947). Un gangster revient de prison et d\u00e9couvre une ville chang\u00e9e et une nouvelle fa\u00e7on de faire des affaires. La partition est remplie d'airs populaires bien connus, interpr\u00e9t\u00e9s par un orchestre ou par un chanteur de flambeaux. Il est int\u00e9ressant de noter que Young a compos\u00e9 son propre th\u00e8me d'amour, que l'on peut entendre lorsque Lizabeth Scott et Burt Lancaster sont seuls ensemble.<\/li><\/ul><p><span style=\"text-decoration: underline;\"><strong>Films des ann\u00e9es 1950<\/strong><\/span><\/p><ul><li class=\"translation-block\"><strong>Une minute \u00e0 z\u00e9ro<\/strong> (1952). Un fonctionnaire id\u00e9aliste de l'ONU est confront\u00e9 \u00e0 la dure r\u00e9alit\u00e9, au d\u00e9but de la guerre de Cor\u00e9e, et tombe amoureux de l'officier charg\u00e9 d'\u00e9vacuer les civils. Origine de la chanson populaire \u2018When I Fall In Love\u2019, \u00e9crite avec le parolier Ed Heyman, consid\u00e9r\u00e9e aujourd'hui comme un <span style=\"text-decoration : underline\">Standard<\/span>.<\/li><li class=\"translation-block\">&lt;Shane<\/strong> (1953). Western historique dans lequel les \u00e9leveurs de b\u00e9tail et les nouveaux colons se disputent l'utilisation des terres, consid\u00e9r\u00e9 par beaucoup comme le meilleur western jamais r\u00e9alis\u00e9. Avec Alan Ladd, le th\u00e8me de <em>Shane<\/em> (\u2018The Call Of The Faraway Hills\u2019, \u00e9crit avec le parolier Mack David) est largement oubli\u00e9 aujourd'hui, mais on l'entendait fr\u00e9quemment dans la maison des Ladd et il \u00e9tait jou\u00e9 lors des fun\u00e9railles d'Alan, qui citait souvent \u2018Shane\u2019 comme son r\u00f4le pr\u00e9f\u00e9r\u00e9.<\/li><li class=\"translation-block\"><strong>Strategic Air Command<\/strong> (1955). Une \u00e9pop\u00e9e exaltante de la guerre froide sur le d\u00e9veloppement de la puissance a\u00e9rienne am\u00e9ricaine, avec Jimmy Stewart, v\u00e9ritable pilote de bombardier de la Seconde Guerre mondiale. Le th\u00e8me de l'amour a \u00e9t\u00e9 repris dans la chanson populaire \u2018The World Is Mine\u2019, \u00e9crite avec le parolier Stanley Adams, qui est aujourd'hui largement oubli\u00e9e. De m\u00eame, l'origine de la marche palpitante \u2018The Air Force Takes Command\u2019, \u00e9crite avec Ned Washington et le major Tommy Thomson, Jr.<\/li><li class=\"translation-block\"><strong>Run Of The Arrow<\/strong> (1957). Un v\u00e9t\u00e9ran de la guerre de S\u00e9cession tente d'\u00e9chapper \u00e0 son pass\u00e9 dans l'Ouest troubl\u00e9, mais il ne peut \u00e9viter le conflit qui l'oppose aux Am\u00e9rindiens. La partition, \u00e9crite pour le producteur, sc\u00e9nariste et r\u00e9alisateur Samuel Fuller, est l'avant-derni\u00e8re partition compl\u00e8te de Victor Young.<\/li><\/ul>\t\t\t\t\t\t\t\t<\/div>\n\t\t\t\t<\/div>\n\t\t\t\t\t<\/div>\n\t\t<\/div>\n\t\t\t\t\t<\/div>\n\t\t<\/section>\n\t\t\t\t<\/div>","protected":false},"excerpt":{"rendered":"<p>Motion Pictures Scored By Victor Young From The 1930s, 40s, and 50s If you would like to begin watching films scored by Victor Young, this short list presents four choices from each decade that he worked in Hollywood.\u00a0 Many are available for rent on YouTube and Amazon.\u00a0 Links to free versions on YouTube are not [&hellip;]<\/p>\n","protected":false},"author":2,"featured_media":0,"parent":0,"menu_order":0,"comment_status":"closed","ping_status":"closed","template":"","meta":{"nf_dc_page":"","footnotes":""},"class_list":["post-2485","page","type-page","status-publish","hentry"],"_links":{"self":[{"href":"https:\/\/victoryoung.com\/fr\/wp-json\/wp\/v2\/pages\/2485","targetHints":{"allow":["GET"]}}],"collection":[{"href":"https:\/\/victoryoung.com\/fr\/wp-json\/wp\/v2\/pages"}],"about":[{"href":"https:\/\/victoryoung.com\/fr\/wp-json\/wp\/v2\/types\/page"}],"author":[{"embeddable":true,"href":"https:\/\/victoryoung.com\/fr\/wp-json\/wp\/v2\/users\/2"}],"replies":[{"embeddable":true,"href":"https:\/\/victoryoung.com\/fr\/wp-json\/wp\/v2\/comments?post=2485"}],"version-history":[{"count":5,"href":"https:\/\/victoryoung.com\/fr\/wp-json\/wp\/v2\/pages\/2485\/revisions"}],"predecessor-version":[{"id":3005,"href":"https:\/\/victoryoung.com\/fr\/wp-json\/wp\/v2\/pages\/2485\/revisions\/3005"}],"wp:attachment":[{"href":"https:\/\/victoryoung.com\/fr\/wp-json\/wp\/v2\/media?parent=2485"}],"curies":[{"name":"wp","href":"https:\/\/api.w.org\/{rel}","templated":true}]}}