{"id":278,"date":"2020-09-11T02:58:08","date_gmt":"2020-09-11T02:58:08","guid":{"rendered":"http:\/\/victoryoung.com\/testimonial\/"},"modified":"2025-12-22T13:59:29","modified_gmt":"2025-12-22T21:59:29","slug":"biographies","status":"publish","type":"page","link":"https:\/\/victoryoung.com\/fr\/biographies\/","title":{"rendered":"Biographies"},"content":{"rendered":"<div data-elementor-type=\"wp-page\" data-elementor-id=\"278\" class=\"elementor elementor-278\" data-elementor-post-type=\"page\">\n\t\t\t\t\t\t<section class=\"elementor-section elementor-top-section elementor-element elementor-element-034a199 elementor-section-height-min-height elementor-section-boxed elementor-section-height-default elementor-section-items-middle\" data-id=\"034a199\" data-element_type=\"section\" data-e-type=\"section\" data-settings=\"{&quot;background_background&quot;:&quot;classic&quot;}\">\n\t\t\t\t\t\t\t<div class=\"elementor-background-overlay\"><\/div>\n\t\t\t\t\t\t\t<div class=\"elementor-container elementor-column-gap-no\">\n\t\t\t\t\t<div class=\"elementor-column elementor-col-100 elementor-top-column elementor-element elementor-element-3f16b53\" data-id=\"3f16b53\" data-element_type=\"column\" data-e-type=\"column\">\n\t\t\t<div class=\"elementor-widget-wrap elementor-element-populated\">\n\t\t\t\t\t\t<div class=\"elementor-element elementor-element-48255a3 elementor-widget-divider--view-line elementor-widget elementor-widget-divider\" data-id=\"48255a3\" data-element_type=\"widget\" data-e-type=\"widget\" data-widget_type=\"divider.default\">\n\t\t\t\t<div class=\"elementor-widget-container\">\n\t\t\t\t\t\t\t<div class=\"elementor-divider\">\n\t\t\t<span class=\"elementor-divider-separator\">\n\t\t\t\t\t\t<\/span>\n\t\t<\/div>\n\t\t\t\t\t\t<\/div>\n\t\t\t\t<\/div>\n\t\t\t\t\t<\/div>\n\t\t<\/div>\n\t\t\t\t\t<\/div>\n\t\t<\/section>\n\t\t\t\t<section class=\"elementor-section elementor-top-section elementor-element elementor-element-ae0e712 elementor-section-content-middle elementor-section-boxed elementor-section-height-default elementor-section-height-default\" data-id=\"ae0e712\" data-element_type=\"section\" data-e-type=\"section\" data-settings=\"{&quot;background_background&quot;:&quot;classic&quot;}\">\n\t\t\t\t\t\t<div class=\"elementor-container elementor-column-gap-no\">\n\t\t\t\t\t<div class=\"elementor-column elementor-col-50 elementor-top-column elementor-element elementor-element-7791fbf\" data-id=\"7791fbf\" data-element_type=\"column\" data-e-type=\"column\">\n\t\t\t<div class=\"elementor-widget-wrap elementor-element-populated\">\n\t\t\t\t\t\t<div class=\"elementor-element elementor-element-e941ea6 elementor-widget elementor-widget-image\" data-id=\"e941ea6\" data-element_type=\"widget\" data-e-type=\"widget\" data-widget_type=\"image.default\">\n\t\t\t\t<div class=\"elementor-widget-container\">\n\t\t\t\t\t\t\t\t\t\t\t\t\t\t\t<img fetchpriority=\"high\" decoding=\"async\" width=\"500\" height=\"648\" src=\"https:\/\/victoryoung.com\/wp-content\/uploads\/2022\/08\/victoryoungbiog.png\" class=\"attachment-full size-full wp-image-463\" alt=\"portrait de victor young\" srcset=\"https:\/\/victoryoung.com\/wp-content\/uploads\/2022\/08\/victoryoungbiog.png 500w, https:\/\/victoryoung.com\/wp-content\/uploads\/2022\/08\/victoryoungbiog-231x300.png 231w\" sizes=\"(max-width: 500px) 100vw, 500px\" \/>\t\t\t\t\t\t\t\t\t\t\t\t\t\t\t<\/div>\n\t\t\t\t<\/div>\n\t\t\t\t<section class=\"elementor-section elementor-inner-section elementor-element elementor-element-c97470a elementor-section-boxed elementor-section-height-default elementor-section-height-default\" data-id=\"c97470a\" data-element_type=\"section\" data-e-type=\"section\">\n\t\t\t\t\t\t<div class=\"elementor-container elementor-column-gap-no\">\n\t\t\t\t\t<div class=\"elementor-column elementor-col-100 elementor-inner-column elementor-element elementor-element-97619f6\" data-id=\"97619f6\" data-element_type=\"column\" data-e-type=\"column\" data-settings=\"{&quot;background_background&quot;:&quot;classic&quot;}\">\n\t\t\t<div class=\"elementor-widget-wrap elementor-element-populated\">\n\t\t\t\t\t\t<div class=\"elementor-element elementor-element-f1dc735 elementor-widget elementor-widget-testimonial\" data-id=\"f1dc735\" data-element_type=\"widget\" data-e-type=\"widget\" data-widget_type=\"testimonial.default\">\n\t\t\t\t<div class=\"elementor-widget-container\">\n\t\t\t\t\t\t\t<div class=\"elementor-testimonial-wrapper\">\n\t\t\t\t\t\t\t<div class=\"elementor-testimonial-content\">N\u00e9 \u00e0 Chicago et ayant re\u00e7u une \u00e9ducation classique en Pologne, il a travaill\u00e9 \u00e0 New York, Chicago et Hollywood.<\/div>\n\t\t\t\n\t\t\t\t\t<\/div>\n\t\t\t\t\t\t<\/div>\n\t\t\t\t<\/div>\n\t\t\t\t\t<\/div>\n\t\t<\/div>\n\t\t\t\t\t<\/div>\n\t\t<\/section>\n\t\t\t\t\t<\/div>\n\t\t<\/div>\n\t\t\t\t<div class=\"elementor-column elementor-col-50 elementor-top-column elementor-element elementor-element-922da3e\" data-id=\"922da3e\" data-element_type=\"column\" data-e-type=\"column\">\n\t\t\t<div class=\"elementor-widget-wrap elementor-element-populated\">\n\t\t\t\t\t\t<div class=\"elementor-element elementor-element-34eb80a elementor-widget elementor-widget-heading\" data-id=\"34eb80a\" data-element_type=\"widget\" data-e-type=\"widget\" data-widget_type=\"heading.default\">\n\t\t\t\t<div class=\"elementor-widget-container\">\n\t\t\t\t\t<h1 class=\"elementor-heading-title elementor-size-default\">\u2018J'en ai fini avec l'art\u2019 : la vie et la musique incroyables de Victor Young<\/h1>\t\t\t\t<\/div>\n\t\t\t\t<\/div>\n\t\t\t\t<div class=\"elementor-element elementor-element-2548570 elementor-widget elementor-widget-heading\" data-id=\"2548570\" data-element_type=\"widget\" data-e-type=\"widget\" data-widget_type=\"heading.default\">\n\t\t\t\t<div class=\"elementor-widget-container\">\n\t\t\t\t\t<h3 class=\"elementor-heading-title elementor-size-default\">BIOGRAPHIES<\/h3>\t\t\t\t<\/div>\n\t\t\t\t<\/div>\n\t\t\t\t<div class=\"elementor-element elementor-element-9ec78f1 elementor-widget-divider--view-line elementor-widget elementor-widget-divider\" data-id=\"9ec78f1\" data-element_type=\"widget\" data-e-type=\"widget\" data-widget_type=\"divider.default\">\n\t\t\t\t<div class=\"elementor-widget-container\">\n\t\t\t\t\t\t\t<div class=\"elementor-divider\">\n\t\t\t<span class=\"elementor-divider-separator\">\n\t\t\t\t\t\t<\/span>\n\t\t<\/div>\n\t\t\t\t\t\t<\/div>\n\t\t\t\t<\/div>\n\t\t\t\t<div class=\"elementor-element elementor-element-22e57d3 elementor-drop-cap-yes elementor-drop-cap-view-default elementor-widget elementor-widget-text-editor\" data-id=\"22e57d3\" data-element_type=\"widget\" data-e-type=\"widget\" data-settings=\"{&quot;drop_cap&quot;:&quot;yes&quot;}\" data-widget_type=\"text-editor.default\">\n\t\t\t\t<div class=\"elementor-widget-container\">\n\t\t\t\t\t\t\t\t\t<p>De courtes biographies en ligne, plus ou moins d\u00e9taill\u00e9es, sont disponibles dans les liens ci-dessous. Elles concordent assez bien, m\u00eame lorsque des erreurs se sont gliss\u00e9es dans les archives historiques. Par exemple, il est n\u00e9 \u00e0 Chicago le 8 ao\u00fbt 1899, et non en 1900, 1901 ou m\u00eame 1902, arrivant ainsi \u00e0 la fin du XIXe si\u00e8cle. Destin\u00e9 \u00e0 devenir une force cr\u00e9atrice ph\u00e9nom\u00e9nale au XXe si\u00e8cle, Young a apparemment falsifi\u00e9 son ann\u00e9e de naissance en 1900 dans la plupart des r\u00e9cits afin, selon ma th\u00e9orie, d'appara\u00eetre comme un synonyme de la nouvelle \u00e8re et non de l'ancienne.  Peut-\u00eatre son amour de l'innovation et de la nouveaut\u00e9 a-t-il rendu in\u00e9vitable l'abandon de sa formation musicale classique de violoniste soliste pour se lancer dans l'\u00e2ge d'or de la musique de film hollywoodienne et de l'\u00e9criture de chansons populaires. Lorsqu'il s'\u00e9teint soudainement, en 1956, il a laiss\u00e9 derri\u00e8re lui un h\u00e9ritage musical qui aurait \u00e9t\u00e9 le fruit de plus d'une vie. Il a \u00e9crit de la musique non seulement pour des musiques de film, mais aussi pour des \u00e9missions de radio, des pi\u00e8ces de th\u00e9\u00e2tre, des \u00e9v\u00e9nements sp\u00e9ciaux et des enregistrements de textes parl\u00e9s. C'est cette incroyable vie d'aventures musicales que nous d\u00e9couvrirons et explorerons ensemble, lorsque j'aurai achev\u00e9 sa biographie.<\/p><p><strong>\u00a0 \u00a0 \u00a0 \u00a0 \u00a0 \u00a0 \u00a0 \u00a0 \u00a0 \u00a0 \u00a0 \u00a0 \u00a0 \u00a0 \u00a0 \u00a0 \u00a0 \u00a0 \u00a0 \u00a0<\/strong><\/p>\t\t\t\t\t\t\t\t<\/div>\n\t\t\t\t<\/div>\n\t\t\t\t\t<\/div>\n\t\t<\/div>\n\t\t\t\t\t<\/div>\n\t\t<\/section>\n\t\t\t\t<section class=\"elementor-section elementor-top-section elementor-element elementor-element-9b6a6a0 elementor-section-boxed elementor-section-height-default elementor-section-height-default\" data-id=\"9b6a6a0\" data-element_type=\"section\" data-e-type=\"section\" data-settings=\"{&quot;background_background&quot;:&quot;classic&quot;}\">\n\t\t\t\t\t\t<div class=\"elementor-container elementor-column-gap-default\">\n\t\t\t\t\t<div class=\"elementor-column elementor-col-100 elementor-top-column elementor-element elementor-element-ac32535\" data-id=\"ac32535\" data-element_type=\"column\" data-e-type=\"column\">\n\t\t\t<div class=\"elementor-widget-wrap elementor-element-populated\">\n\t\t\t\t\t\t<div class=\"elementor-element elementor-element-ec328f7 elementor-drop-cap-yes elementor-drop-cap-view-default elementor-widget elementor-widget-text-editor\" data-id=\"ec328f7\" data-element_type=\"widget\" data-e-type=\"widget\" data-settings=\"{&quot;drop_cap&quot;:&quot;yes&quot;}\" data-widget_type=\"text-editor.default\">\n\t\t\t\t<div class=\"elementor-widget-container\">\n\t\t\t\t\t\t\t\t\t<p>Lorsque je suis n\u00e9, Victor Young avait disparu depuis plusieurs ann\u00e9es. Des hommages musicaux lui \u00e9taient rendus par des coll\u00e8gues d\u00e9vou\u00e9s, mais l'industrie se tournait vers des m\u00e9thodes d'\u00e9criture \u2018optimistes\u2019, o\u00f9 les guitares \u00e9lectriques, les clavecins et les bongos \u00e9taient \u00e0 l'honneur. Les partitions classiques dans le vaste style orchestral dont Young \u00e9tait l'exemple \u00e9taient moins demand\u00e9es. Au cours des six d\u00e9cennies qui ont suivi sa mort, ceux qui le connaissaient le mieux, ceux qui \u00e9taient familiers avec l'industrie et avec la composition musicale elle-m\u00eame, n'ont jamais trouv\u00e9 le temps d'\u00e9crire la biographie compl\u00e8te que nous souhaiterions tous voir r\u00e9dig\u00e9e. Encourag\u00e9 par des membres de sa famille et par certains musiciens polonais que j'ai rencontr\u00e9s, j'ai relev\u00e9 ce d\u00e9fi de mani\u00e8re modeste et cibl\u00e9e, parce que je suis tomb\u00e9 amoureux de sa musique, en particulier de \u2018Stella by Starlight\u2019, et que je veux attirer davantage l'attention sur ses vastes r\u00e9alisations.<\/p><p>J'ai entendu \u2018Stella\u2019 pour la premi\u00e8re fois en 1983 en regardant <em>Les non invit\u00e9s<\/em> \u00e0 la t\u00e9l\u00e9vision en fin de soir\u00e9e, en faisant une pause dans l'\u00e9tude de la m\u00e9canique quantique. Mon directeur de th\u00e8se en chimie m'a appris \u00e0 faire de la recherche, et j'apporte cette discipline et cette m\u00e9thode pour d\u00e9couvrir une partie de la vie et de l'\u0153uvre \u00e9tonnantes de M. Young, et en particulier pour \u00e9clairer certains de ces petits d\u00e9tails qui ont fait partie de son aventure unique, et que j'aime tant lire dans les biographies. Si un futur lecteur est incit\u00e9 \u00e0 suivre les traces de Young, ou \u00e0 travailler plus dur pour r\u00e9aliser son propre r\u00eave, ou \u00e0 faire des recherches plus approfondies sur les aspects techniques de son travail, ou \u00e0 d\u00e9couvrir un morceau de la musique de Young qu'il n'a jamais entendu auparavant, c'est tant mieux. L'objectif que je m'\u00e9tais fix\u00e9 en \u00e9crivant cette biographie sera atteint.<\/p>\t\t\t\t\t\t\t\t<\/div>\n\t\t\t\t<\/div>\n\t\t\t\t<div class=\"elementor-element elementor-element-03522da elementor-widget elementor-widget-text-editor\" data-id=\"03522da\" data-element_type=\"widget\" data-e-type=\"widget\" data-widget_type=\"text-editor.default\">\n\t\t\t\t<div class=\"elementor-widget-container\">\n\t\t\t\t\t\t\t\t\t<p><strong>LIENS<\/strong><\/p><p><span style=\"background-color: transparent;\">- Panth\u00e9on des auteurs-compositeurs <\/span><span style=\"background-color: transparent; color: #ff242c;\"><a style=\"color: #ff242c;\" href=\"https:\/\/www.songhall.org\/profile\/Victor_Young\" target=\"_blank\" rel=\"noopener\">(Victor Young | Songwriters Hall of Fame (songhall.org))<\/a><\/span><\/p><p><span style=\"background-color: transparent;\">- IMDB <\/span><span style=\"background-color: transparent; color: #ff242c;\"><a style=\"color: #ff242c;\" href=\"https:\/\/www.imdb.com\/name\/nm0000082\/\" target=\"_blank\" rel=\"noopener\">(Victor Young - IMDb)<\/a><\/span><\/p><p><span style=\"background-color: transparent;\">- Standards de jazz <\/span><a href=\"https:\/\/www.jazzstandards.com\/biographies\/biography_126.htm\" target=\"_blank\" rel=\"noopener\"><span style=\"color: #ff242c;\">(Biographie de Victor Young (jazzstandards.com))<\/span><\/a><\/p><p><span style=\"background-color: transparent;\">- Wikipedia<\/span><a href=\"https:\/\/en.wikipedia.org\/wiki\/Victor_Young\" target=\"_blank\" rel=\"noopener\"><span style=\"color: #ff242c;\"> (Victor Young - Wikipedia)<\/span><\/a><\/p><p><span style=\"background-color: transparent;\">- Leonard Maltin <\/span><a title=\"De Samson \u00e0 Shane : le m\u00e9connu Victor Young\" href=\"https:\/\/leonardmaltin.com\/from-samson-to-shane-the-unsung-victor-young\/\" target=\"_blank\" rel=\"noopener\"><span style=\"color: #ff242c;\">(http:\/\/leonardmaltin.com\/from-samson-to-shane-the-unsung-victor-young\/)<\/span><\/a><\/p><p><span style=\"background-color: transparent;\">- MusicienBio <\/span><a style=\"background-color: #f4f4f4;\" href=\"https:\/\/musicianbio.org\/victor-young\/\" target=\"_blank\" rel=\"noopener\"><span style=\"color: #ff242c;\">(Victor Young Bio, Wiki 2017 - Musician Biographies)<\/span><\/a><\/p><p><span style=\"background-color: transparent;\">- Soundtrack Magazine <\/span><span style=\"background-color: transparent; color: #ff0000;\"><a style=\"color: #ff0000;\" href=\"https:\/\/musicianbio.org\/victor-young\/\" target=\"_blank\" rel=\"noopener\">(<\/a><a style=\"color: #ff0000;\" title=\"Essai biographique de Dirk Wickenden\" href=\"https:\/\/cinescores.dudaone.com\/victor-young-1\" target=\"_blank\" rel=\"noopener\">Essai biographique de Dirk Wickenden<\/a>)<\/span><\/p><p><span style=\"background-color: transparent;\">- Centre Cinescores <\/span><span style=\"background-color: transparent; color: #ff0000;\">(<a style=\"color: #ff0000;\" href=\"https:\/\/cinescores.dudaone.com\/confessions-of-a-film-composer\" target=\"_blank\" rel=\"noopener\">Confessions d'un compositeur de films par Victor Young<\/a>)<\/span><\/p>\t\t\t\t\t\t\t\t<\/div>\n\t\t\t\t<\/div>\n\t\t\t\t\t<\/div>\n\t\t<\/div>\n\t\t\t\t\t<\/div>\n\t\t<\/section>\n\t\t\t\t<\/div>","protected":false},"excerpt":{"rendered":"<p>Born In Chicago and Classically Educated in Poland, He Worked in New York, Chicago, and Hollywood. \u2018I\u2019m Done With Art:\u2019 The Incredible Life And Music Of Victor Young BIOGRAPHIES Short online biographies of varying detail can be found in the Links below. These agree quite well, even where errors have crept into the historical record. [&hellip;]<\/p>\n","protected":false},"author":2,"featured_media":0,"parent":0,"menu_order":0,"comment_status":"closed","ping_status":"closed","template":"","meta":{"nf_dc_page":"","footnotes":""},"class_list":["post-278","page","type-page","status-publish","hentry"],"_links":{"self":[{"href":"https:\/\/victoryoung.com\/fr\/wp-json\/wp\/v2\/pages\/278","targetHints":{"allow":["GET"]}}],"collection":[{"href":"https:\/\/victoryoung.com\/fr\/wp-json\/wp\/v2\/pages"}],"about":[{"href":"https:\/\/victoryoung.com\/fr\/wp-json\/wp\/v2\/types\/page"}],"author":[{"embeddable":true,"href":"https:\/\/victoryoung.com\/fr\/wp-json\/wp\/v2\/users\/2"}],"replies":[{"embeddable":true,"href":"https:\/\/victoryoung.com\/fr\/wp-json\/wp\/v2\/comments?post=278"}],"version-history":[{"count":5,"href":"https:\/\/victoryoung.com\/fr\/wp-json\/wp\/v2\/pages\/278\/revisions"}],"predecessor-version":[{"id":3116,"href":"https:\/\/victoryoung.com\/fr\/wp-json\/wp\/v2\/pages\/278\/revisions\/3116"}],"wp:attachment":[{"href":"https:\/\/victoryoung.com\/fr\/wp-json\/wp\/v2\/media?parent=278"}],"curies":[{"name":"wp","href":"https:\/\/api.w.org\/{rel}","templated":true}]}}