{"id":348,"date":"2020-09-09T11:49:05","date_gmt":"2020-09-09T11:49:05","guid":{"rendered":"http:\/\/victoryoung.com\/home\/"},"modified":"2025-12-22T10:14:59","modified_gmt":"2025-12-22T18:14:59","slug":"home","status":"publish","type":"page","link":"https:\/\/victoryoung.com\/fr\/","title":{"rendered":"Accueil"},"content":{"rendered":"<div data-elementor-type=\"wp-page\" data-elementor-id=\"348\" class=\"elementor elementor-348\" data-elementor-post-type=\"page\">\n\t\t\t\t\t\t<section class=\"elementor-section elementor-top-section elementor-element elementor-element-6d28695 elementor-section-content-bottom elementor-section-height-min-height elementor-section-boxed elementor-section-height-default elementor-section-items-middle\" data-id=\"6d28695\" data-element_type=\"section\" data-e-type=\"section\" data-settings=\"{&quot;background_background&quot;:&quot;classic&quot;}\">\n\t\t\t\t\t\t\t<div class=\"elementor-background-overlay\"><\/div>\n\t\t\t\t\t\t\t<div class=\"elementor-container elementor-column-gap-no\">\n\t\t\t\t\t<div class=\"elementor-column elementor-col-50 elementor-top-column elementor-element elementor-element-aa1adfa\" data-id=\"aa1adfa\" data-element_type=\"column\" data-e-type=\"column\">\n\t\t\t<div class=\"elementor-widget-wrap elementor-element-populated\">\n\t\t\t\t\t\t<div class=\"elementor-element elementor-element-c80b990 elementor-widget__width-initial elementor-widget elementor-widget-heading\" data-id=\"c80b990\" data-element_type=\"widget\" data-e-type=\"widget\" data-widget_type=\"heading.default\">\n\t\t\t\t<div class=\"elementor-widget-container\">\n\t\t\t\t\t<h2 class=\"elementor-heading-title elementor-size-default\">D\u00e9di\u00e9 \u00e0 la promotion<\/h2>\t\t\t\t<\/div>\n\t\t\t\t<\/div>\n\t\t\t\t<div class=\"elementor-element elementor-element-aaa16c6 elementor-widget elementor-widget-heading\" data-id=\"aaa16c6\" data-element_type=\"widget\" data-e-type=\"widget\" data-widget_type=\"heading.default\">\n\t\t\t\t<div class=\"elementor-widget-container\">\n\t\t\t\t\t<h1 class=\"elementor-heading-title elementor-size-default\">l'h\u00e9ritage de l'incomparable Victor Young.<\/h1>\t\t\t\t<\/div>\n\t\t\t\t<\/div>\n\t\t\t\t<div class=\"elementor-element elementor-element-acf732d elementor-widget-divider--view-line elementor-widget elementor-widget-divider\" data-id=\"acf732d\" data-element_type=\"widget\" data-e-type=\"widget\" data-widget_type=\"divider.default\">\n\t\t\t\t<div class=\"elementor-widget-container\">\n\t\t\t\t\t\t\t<div class=\"elementor-divider\">\n\t\t\t<span class=\"elementor-divider-separator\">\n\t\t\t\t\t\t<\/span>\n\t\t<\/div>\n\t\t\t\t\t\t<\/div>\n\t\t\t\t<\/div>\n\t\t\t\t<div class=\"elementor-element elementor-element-cf1e7d2 elementor-list-item-link-inline elementor-align-start elementor-mobile-align-center elementor-widget__width-initial elementor-icon-list--layout-traditional elementor-widget elementor-widget-icon-list\" data-id=\"cf1e7d2\" data-element_type=\"widget\" data-e-type=\"widget\" data-widget_type=\"icon-list.default\">\n\t\t\t\t<div class=\"elementor-widget-container\">\n\t\t\t\t\t\t\t<ul class=\"elementor-icon-list-items\">\n\t\t\t\t\t\t\t<li class=\"elementor-icon-list-item\">\n\t\t\t\t\t\t\t\t\t\t\t<a href=\"#intro\">\n\n\t\t\t\t\t\t\t\t\t\t\t\t<span class=\"elementor-icon-list-icon\">\n\t\t\t\t\t\t\t<i aria-hidden=\"true\" class=\"fas fa-angle-down\"><\/i>\t\t\t\t\t\t<\/span>\n\t\t\t\t\t\t\t\t\t\t<span class=\"elementor-icon-list-text\">Veuillez faire d\u00e9filer vers le bas ...<\/span>\n\t\t\t\t\t\t\t\t\t\t\t<\/a>\n\t\t\t\t\t\t\t\t\t<\/li>\n\t\t\t\t\t\t<\/ul>\n\t\t\t\t\t\t<\/div>\n\t\t\t\t<\/div>\n\t\t\t\t\t<\/div>\n\t\t<\/div>\n\t\t\t\t<div class=\"elementor-column elementor-col-50 elementor-top-column elementor-element elementor-element-e29f613\" data-id=\"e29f613\" data-element_type=\"column\" data-e-type=\"column\">\n\t\t\t<div class=\"elementor-widget-wrap elementor-element-populated\">\n\t\t\t\t\t\t<div class=\"elementor-element elementor-element-cb9e01d elementor-align-center elementor-widget elementor-widget-button\" data-id=\"cb9e01d\" data-element_type=\"widget\" data-e-type=\"widget\" data-widget_type=\"button.default\">\n\t\t\t\t<div class=\"elementor-widget-container\">\n\t\t\t\t\t\t\t\t\t<div class=\"elementor-button-wrapper\">\n\t\t\t\t\t<a class=\"elementor-button elementor-button-link elementor-size-sm\" href=\"https:\/\/victoryoung.com\/fr\/bulletin-dinformation\/\">\n\t\t\t\t\t\t<span class=\"elementor-button-content-wrapper\">\n\t\t\t\t\t\t\t\t\t<span class=\"elementor-button-text\">S'INSCRIRE \u00c0 LA LETTRE D'INFORMATION<\/span>\n\t\t\t\t\t<\/span>\n\t\t\t\t\t<\/a>\n\t\t\t\t<\/div>\n\t\t\t\t\t\t\t\t<\/div>\n\t\t\t\t<\/div>\n\t\t\t\t\t<\/div>\n\t\t<\/div>\n\t\t\t\t\t<\/div>\n\t\t<\/section>\n\t\t\t\t<section class=\"elementor-section elementor-top-section elementor-element elementor-element-56e9315 elementor-section-boxed elementor-section-height-default elementor-section-height-default\" data-id=\"56e9315\" data-element_type=\"section\" data-e-type=\"section\" id=\"intro\" data-settings=\"{&quot;background_background&quot;:&quot;classic&quot;}\">\n\t\t\t\t\t\t<div class=\"elementor-container elementor-column-gap-no\">\n\t\t\t\t\t<div class=\"elementor-column elementor-col-100 elementor-top-column elementor-element elementor-element-14c10ef\" data-id=\"14c10ef\" data-element_type=\"column\" data-e-type=\"column\">\n\t\t\t<div class=\"elementor-widget-wrap elementor-element-populated\">\n\t\t\t\t\t\t<div class=\"elementor-element elementor-element-c2e9f40 elementor-widget elementor-widget-heading\" data-id=\"c2e9f40\" data-element_type=\"widget\" data-e-type=\"widget\" data-widget_type=\"heading.default\">\n\t\t\t\t<div class=\"elementor-widget-container\">\n\t\t\t\t\t<h3 class=\"elementor-heading-title elementor-size-default\">Victor Young (1899-1956)<\/h3>\t\t\t\t<\/div>\n\t\t\t\t<\/div>\n\t\t\t\t<section class=\"elementor-section elementor-inner-section elementor-element elementor-element-a5b768a elementor-section-content-middle elementor-section-boxed elementor-section-height-default elementor-section-height-default\" data-id=\"a5b768a\" data-element_type=\"section\" data-e-type=\"section\">\n\t\t\t\t\t\t<div class=\"elementor-container elementor-column-gap-default\">\n\t\t\t\t\t<div class=\"elementor-column elementor-col-50 elementor-inner-column elementor-element elementor-element-e9f074d\" data-id=\"e9f074d\" data-element_type=\"column\" data-e-type=\"column\">\n\t\t\t<div class=\"elementor-widget-wrap elementor-element-populated\">\n\t\t\t\t\t\t<div class=\"elementor-element elementor-element-3ca4f3f elementor-drop-cap-yes elementor-drop-cap-view-default elementor-widget elementor-widget-text-editor\" data-id=\"3ca4f3f\" data-element_type=\"widget\" data-e-type=\"widget\" data-settings=\"{&quot;drop_cap&quot;:&quot;yes&quot;}\" data-widget_type=\"text-editor.default\">\n\t\t\t\t<div class=\"elementor-widget-container\">\n\t\t\t\t\t\t\t\t\t<p>Beaucoup de gens savent qu'il \u00e9tait un c\u00e9l\u00e8bre compositeur de films et de musique populaire, mais ne r\u00e9alisent pas qu'il a \u00e9galement \u00e9crit de la musique \u2018s\u00e9rieuse\u2019 et des chansons originales pour des programmes radiophoniques, et m\u00eame pour la sc\u00e8ne de Broadway. Il \u00e9tait un chef d'orchestre recherch\u00e9 et un arrangeur comp\u00e9tent, un violoniste soliste (qui a fait des tourn\u00e9es en Europe) et un innovateur musical, mais il \u00e9tait tout autant un farceur bon enfant, un photographe d\u00e9vou\u00e9, l'animateur d'une partie de poker hebdomadaire, un exposant de chiens d'exposition, un oncle ador\u00e9, un mari d\u00e9vou\u00e9 et un ami bien-aim\u00e9. \u00c0 titre posthume, il a re\u00e7u l'Oscar de la meilleure musique de film (apr\u00e8s plus de 20 nominations), mais aussi un magnifique hommage en pleine page au dos de la couverture du prestigieux magazine professionnel, <em>The Hollywood Reporter<\/em>, Il y a eu ensuite une s\u00e9rie d'hommages musicaux enregistr\u00e9s et publi\u00e9s par ses pairs qui l'admiraient.  Aujourd'hui, son h\u00e9ritage se perp\u00e9tue, car une nouvelle g\u00e9n\u00e9ration de musiciens s'exerce, reprend et publie chaque jour ses interpr\u00e9tations de sa musique.<\/p>\t\t\t\t\t\t\t\t<\/div>\n\t\t\t\t<\/div>\n\t\t\t\t\t<\/div>\n\t\t<\/div>\n\t\t\t\t<div class=\"elementor-column elementor-col-50 elementor-inner-column elementor-element elementor-element-bc05cbe\" data-id=\"bc05cbe\" data-element_type=\"column\" data-e-type=\"column\">\n\t\t\t<div class=\"elementor-widget-wrap elementor-element-populated\">\n\t\t\t\t\t\t<div class=\"elementor-element elementor-element-468e39f elementor-widget elementor-widget-image\" data-id=\"468e39f\" data-element_type=\"widget\" data-e-type=\"widget\" data-widget_type=\"image.default\">\n\t\t\t\t<div class=\"elementor-widget-container\">\n\t\t\t\t\t\t\t\t\t\t\t\t\t\t\t<img fetchpriority=\"high\" decoding=\"async\" width=\"800\" height=\"560\" src=\"https:\/\/victoryoung.com\/wp-content\/uploads\/2022\/08\/Victor-Young-and-his-Chrysler-Town-and-Country-1024x717.jpg\" class=\"attachment-large size-large wp-image-1554\" alt=\"victor young\" srcset=\"https:\/\/victoryoung.com\/wp-content\/uploads\/2022\/08\/Victor-Young-and-his-Chrysler-Town-and-Country-1024x717.jpg 1024w, https:\/\/victoryoung.com\/wp-content\/uploads\/2022\/08\/Victor-Young-and-his-Chrysler-Town-and-Country-300x210.jpg 300w, https:\/\/victoryoung.com\/wp-content\/uploads\/2022\/08\/Victor-Young-and-his-Chrysler-Town-and-Country-768x538.jpg 768w, https:\/\/victoryoung.com\/wp-content\/uploads\/2022\/08\/Victor-Young-and-his-Chrysler-Town-and-Country.jpg 1441w\" sizes=\"(max-width: 800px) 100vw, 800px\" \/>\t\t\t\t\t\t\t\t\t\t\t\t\t\t\t<\/div>\n\t\t\t\t<\/div>\n\t\t\t\t\t<\/div>\n\t\t<\/div>\n\t\t\t\t\t<\/div>\n\t\t<\/section>\n\t\t\t\t<div class=\"elementor-element elementor-element-7cbaf29 elementor-drop-cap-yes elementor-drop-cap-view-default elementor-widget elementor-widget-text-editor\" data-id=\"7cbaf29\" data-element_type=\"widget\" data-e-type=\"widget\" data-settings=\"{&quot;drop_cap&quot;:&quot;yes&quot;}\" data-widget_type=\"text-editor.default\">\n\t\t\t\t<div class=\"elementor-widget-container\">\n\t\t\t\t\t\t\t\t\t<p>Pour en savoir plus sur la vie et la musique de M. Young, ou sur des \u00e9v\u00e9nements connexes, veuillez naviguer sur le site \u00e0 l'aide du menu (en haut) ou des liens rapides (en bas) :<\/p><p style=\"text-align: left;\" class=\"translation-block\"><b>Biographies<\/b> : Cette page pr\u00e9sente un bref historique de la vie de M. Young et la raison pour laquelle j'ai d\u00e9cid\u00e9 d'\u00e9crire sa premi\u00e8re biographie compl\u00e8te.  Cette page contient \u00e9galement des liens vers des biographies courtes existantes, telles que Wikipedia et le Songwriters Hall of Fame.  Ces liens mettront en lumi\u00e8re pour le lecteur de nombreux \u00e9l\u00e9ments intrigants du parcours de Young, du ghetto de Chicago \u00e0 Beverly Hills, de l'obscurit\u00e9 musicale \u00e0 une carri\u00e8re plus vaste que celle de tout autre compositeur hollywoodien de son \u00e9poque, et peut-\u00eatre m\u00eame de tous les temps.<\/p><p style=\"text-align: left;\" class=\"translation-block\"><b>Bulletin<\/b> : Cette page contient une feuille d'inscription pour mon bulletin trimestriel sur le projet de biographie, et est \u00e9galement un d\u00e9p\u00f4t des bulletins pr\u00e9c\u00e9dents, essentiellement dans un format de blog, de sorte que vous pouvez rattraper les \u00e9ditions pass\u00e9es que vous avez manqu\u00e9es.  Les lettres d'information seront envoy\u00e9es \u00e0 la liste de distribution priv\u00e9e par courriel et affich\u00e9es sur cette page \u00e0 partir de mars 2023.  Le format g\u00e9n\u00e9ral comprendra jusqu'\u00e0 cinq sections courtes :<\/p><p class=\"translation-block\"><span style=\"text-decoration : underline\">Recherche et r\u00e9flexions<\/span> :  Un bref r\u00e9sum\u00e9 d'un sujet de recherche actuel, qui n'est g\u00e9n\u00e9ralement pas abord\u00e9 dans l'une des biographies en ligne,<\/p><p class=\"translation-block\"><span style=\"text-decoration : underline\">Musique en vedette<\/span> : lien YouTube ou Spotify vers une nouvelle reprise de la musique de Young \u00e0 ne pas manquer,<\/p><p class=\"translation-block\"><span style=\"text-decoration : underline\">Films ou \u00e9v\u00e9nements en vedette<\/span> : films sp\u00e9cifiques ou programmes connexes que je souhaite mettre en avant ou spectacles qui ont retenu mon attention.<\/p><p class=\"translation-block\"><span style=\"text-decoration : underline\">Commande de film et chanson en vedette<\/span> - Clip de film ou enregistrement audio d'une commande de film et comparaison de la chanson \u00e9ventuellement d\u00e9riv\u00e9e de la commande de film, et<\/p><p class=\"translation-block\"><span style=\"text-decoration : underline\">Source biographique en vedette<\/span> - Bref aper\u00e7u ou objectif d'une source d\u00e9j\u00e0 consult\u00e9e ou \u00e0 consulter,<\/p><p style=\"text-align: left;\"><b>YouTube<\/b>:  Les publications vid\u00e9o et audio de la musique de Victor Young sur YouTube sont omnipr\u00e9sentes.  Certains sont bien organis\u00e9s en listes de lecture et d'autres sont simplement des posts ponctuels, comme une nouvelle reprise d'une de ses chansons populaires, comme \u2018When I Fall in Love\u2019 ou \u2018A Women's Intuition\u2019.  Cette page organise principalement des extraits de musique de film, qu'un auteur a pris la peine d'\u00e9diter dans une \u2018suite\u2019 li\u00e9e \u00e0 un film particulier, comme par exemple <i>Shane <\/i>ou <i>Pour qui sonne le glas<\/i>.  Elles durent g\u00e9n\u00e9ralement une dizaine de minutes et donnent rapidement \u00e0 l'auditeur une id\u00e9e de la mani\u00e8re dont M. Young a abord\u00e9 un film donn\u00e9.  Le principal lien YouTube de cette page renvoie \u00e0 une collection de cinq heures de suites de musiques de films que j'ai rassembl\u00e9es dans une liste de lecture.  Revenez sur cette page pour d\u00e9couvrir de nouvelles listes de lecture et des liens vers des posts YouTube individuels que je mettrai en avant \u00e0 l'avenir.<\/p><p style=\"text-align: left;\"><b>Spotify<\/b>:  En tant que plateforme de musique en streaming, Spotify propose des abonnements gratuits et payants \u00e0 un catalogue de plus de <b>cent millions<\/b> morceaux de musique.  La page Spotify de VictorYoung.com contient un lien vers une playlist de cinq heures de reprises populaires, dans laquelle j'ai s\u00e9lectionn\u00e9 plus de 70 chansons qui pr\u00e9sentent un \u00e9ventail de styles d'interpr\u00e9tation, depuis les arrangements originaux, souvent des Fox Trot destin\u00e9s \u00e0 la danse, enregistr\u00e9s par Young lui-m\u00eame sous les labels Decca et Brunswick, jusqu'aux interpr\u00e9tations modernes que l'on pourrait entendre lors d'un spectacle en direct n'importe o\u00f9 dans le monde.  Pour cette premi\u00e8re liste de lecture, j'ai fait des s\u00e9lections al\u00e9atoires \u00e0 partir de 3 ou 4 enregistrements d'un m\u00eame ensemble d'environ 25 chansons, afin que vous puissiez entendre comment les musiciens ont interpr\u00e9t\u00e9 la musique de Young au cours des ann\u00e9es 1930, jusqu'aux ann\u00e9es 2020.  Vous d\u00e9couvrirez probablement des titres de chansons que vous n'avez jamais entendus auparavant, ou des musiciens qui vous ont \u00e9chapp\u00e9 jusqu'\u00e0 pr\u00e9sent.<\/p><p><strong>Films<\/strong>:  Pour ceux qui ne connaissent pas les musiques de film de Young dans le contexte des films eux-m\u00eames, cette page r\u00e9sume douze films, quatre chacun, des ann\u00e9es 1930, 1940 et 1950, offrant un \u00e9ventail de genres \u00e0 partir du vaste corpus qu'il a cr\u00e9\u00e9.<\/p><p style=\"text-align: left;\"><b>Ev\u00e9nements<\/b>:  Cette page annonce les concerts et programmes \u00e0 venir (ou les enregistrements li\u00e9s) qui comprennent de la musique \u00e9crite par Victor Young, ou des projections de films dont la musique a \u00e9t\u00e9 \u00e9crite par lui.  Ces \u00e9v\u00e9nements sont parfois port\u00e9s \u00e0 mon attention par le biais d'une recherche Google qui s'effectue tous les jours, mais qui ne parvient pas toujours \u00e0 rep\u00e9rer les annonces avant l'\u00e9v\u00e9nement.  Je soup\u00e7onne que beaucoup d'autres passent inaper\u00e7ues parce que le programmateur n'a pas sp\u00e9cifiquement cit\u00e9 le nom de Young ou ne sait pas qu'il a compos\u00e9 une certaine chanson ou \u00e9crit la musique d'un certain film.  C'est ici que j'ai le plus besoin de VOTRE aide et que je l'appr\u00e9cierais !  Chaque fois que vous tombez sur des annonces de ce type, merci de me les transmettre en utilisant le formulaire suivant <b>Contact <\/b>afin que je puisse les publier sur cette page <b>Ev\u00e9nements <\/b>et en tenir compte dans la page d'accueil. <b>Bulletin d'information<\/b> pour la post\u00e9rit\u00e9.<\/p><p style=\"text-align: left;\"><b>Contact<\/b>:  Enfin, vous trouverez une page o\u00f9 vous pourrez m'envoyer un message en utilisant un formulaire de contact sur ce site web ou en m'envoyant un courriel \u00e0 l'aide de votre propre client de messagerie (\u00e0 l'adresse John@VictorYoung.com). Comme je l'ai indiqu\u00e9 plus haut, je souhaite \u00eatre inform\u00e9 des concerts et des projections de films dans lesquels la musique de M. Young est pr\u00e9sent\u00e9e, mais je souhaite \u00e9galement que vous me parliez de la biographie \u00e0 venir, par exemple des sujets que vous aimeriez voir abord\u00e9s ou des informations que vous souhaiteriez que je connaisse ou que j'\u00e9tudie.  J'aborde ce projet du point de vue d'un scientifique et d'un chef de projet qui aime les biographies, et non en tant que musicien, compositeur, chef d'orchestre, musicologue, historien, etc.<\/p><p style=\"text-align: left;\">\u00a0<\/p>\t\t\t\t\t\t\t\t<\/div>\n\t\t\t\t<\/div>\n\t\t\t\t\t<\/div>\n\t\t<\/div>\n\t\t\t\t\t<\/div>\n\t\t<\/section>\n\t\t\t\t<\/div>","protected":false},"excerpt":{"rendered":"<p>Dedicated to promoting the Legacy of the Incomparable Victor Young. Please Scroll Down &#8230; SIGN UP FOR NEWSLETTER Victor Young (1899-1956) Many people know he was a famous composer for motion pictures and popular music but don\u2019t realize that he also wrote \u2018serious\u2019 music and original songs for radio programs, even the Broadway stage. He [&hellip;]<\/p>\n","protected":false},"author":2,"featured_media":0,"parent":0,"menu_order":0,"comment_status":"closed","ping_status":"closed","template":"","meta":{"nf_dc_page":"","footnotes":""},"class_list":["post-348","page","type-page","status-publish","hentry"],"_links":{"self":[{"href":"https:\/\/victoryoung.com\/fr\/wp-json\/wp\/v2\/pages\/348","targetHints":{"allow":["GET"]}}],"collection":[{"href":"https:\/\/victoryoung.com\/fr\/wp-json\/wp\/v2\/pages"}],"about":[{"href":"https:\/\/victoryoung.com\/fr\/wp-json\/wp\/v2\/types\/page"}],"author":[{"embeddable":true,"href":"https:\/\/victoryoung.com\/fr\/wp-json\/wp\/v2\/users\/2"}],"replies":[{"embeddable":true,"href":"https:\/\/victoryoung.com\/fr\/wp-json\/wp\/v2\/comments?post=348"}],"version-history":[{"count":5,"href":"https:\/\/victoryoung.com\/fr\/wp-json\/wp\/v2\/pages\/348\/revisions"}],"predecessor-version":[{"id":3077,"href":"https:\/\/victoryoung.com\/fr\/wp-json\/wp\/v2\/pages\/348\/revisions\/3077"}],"wp:attachment":[{"href":"https:\/\/victoryoung.com\/fr\/wp-json\/wp\/v2\/media?parent=348"}],"curies":[{"name":"wp","href":"https:\/\/api.w.org\/{rel}","templated":true}]}}