{"id":810,"date":"2022-08-05T15:54:25","date_gmt":"2022-08-05T15:54:25","guid":{"rendered":"http:\/\/victoryoung.com\/?page_id=810"},"modified":"2026-01-02T20:38:30","modified_gmt":"2026-01-03T04:38:30","slug":"spotify","status":"publish","type":"page","link":"https:\/\/victoryoung.com\/fr\/spotify\/","title":{"rendered":"Spotify"},"content":{"rendered":"<div data-elementor-type=\"wp-page\" data-elementor-id=\"810\" class=\"elementor elementor-810\" data-elementor-post-type=\"page\">\n\t\t\t\t\t\t<section class=\"elementor-section elementor-top-section elementor-element elementor-element-dc00f47 elementor-section-height-min-height elementor-section-boxed elementor-section-height-default elementor-section-items-middle\" data-id=\"dc00f47\" data-element_type=\"section\" data-e-type=\"section\" data-settings=\"{&quot;background_background&quot;:&quot;classic&quot;}\">\n\t\t\t\t\t\t\t<div class=\"elementor-background-overlay\"><\/div>\n\t\t\t\t\t\t\t<div class=\"elementor-container elementor-column-gap-no\">\n\t\t\t\t\t<div class=\"elementor-column elementor-col-100 elementor-top-column elementor-element elementor-element-90b462e\" data-id=\"90b462e\" data-element_type=\"column\" data-e-type=\"column\">\n\t\t\t<div class=\"elementor-widget-wrap elementor-element-populated\">\n\t\t\t\t\t\t<div class=\"elementor-element elementor-element-e432d70 elementor-widget-divider--view-line elementor-widget elementor-widget-divider\" data-id=\"e432d70\" data-element_type=\"widget\" data-e-type=\"widget\" data-widget_type=\"divider.default\">\n\t\t\t\t<div class=\"elementor-widget-container\">\n\t\t\t\t\t\t\t<div class=\"elementor-divider\">\n\t\t\t<span class=\"elementor-divider-separator\">\n\t\t\t\t\t\t<\/span>\n\t\t<\/div>\n\t\t\t\t\t\t<\/div>\n\t\t\t\t<\/div>\n\t\t\t\t\t<\/div>\n\t\t<\/div>\n\t\t\t\t\t<\/div>\n\t\t<\/section>\n\t\t\t\t<section class=\"elementor-section elementor-top-section elementor-element elementor-element-0908fd6 elementor-section-height-min-height elementor-section-boxed elementor-section-height-default elementor-section-items-middle\" data-id=\"0908fd6\" data-element_type=\"section\" data-e-type=\"section\" data-settings=\"{&quot;background_background&quot;:&quot;classic&quot;}\">\n\t\t\t\t\t\t<div class=\"elementor-container elementor-column-gap-no\">\n\t\t\t\t\t<div class=\"elementor-column elementor-col-100 elementor-top-column elementor-element elementor-element-d85a586\" data-id=\"d85a586\" data-element_type=\"column\" data-e-type=\"column\">\n\t\t\t<div class=\"elementor-widget-wrap elementor-element-populated\">\n\t\t\t\t\t\t<div class=\"elementor-element elementor-element-a219c2e elementor-widget elementor-widget-heading\" data-id=\"a219c2e\" data-element_type=\"widget\" data-e-type=\"widget\" data-widget_type=\"heading.default\">\n\t\t\t\t<div class=\"elementor-widget-container\">\n\t\t\t\t\t<h2 class=\"elementor-heading-title elementor-size-default\">Victor Young Contenu de la liste de lecture Spotify<\/h2>\t\t\t\t<\/div>\n\t\t\t\t<\/div>\n\t\t\t\t<div class=\"elementor-element elementor-element-3fceee9 elementor-drop-cap-yes elementor-drop-cap-view-default elementor-widget elementor-widget-text-editor\" data-id=\"3fceee9\" data-element_type=\"widget\" data-e-type=\"widget\" data-settings=\"{&quot;drop_cap&quot;:&quot;yes&quot;}\" data-widget_type=\"text-editor.default\">\n\t\t\t\t<div class=\"elementor-widget-container\">\n\t\t\t\t\t\t\t\t\t<p>La liste de lecture, qui dure actuellement 5 heures, contient des reprises de la musique de Victor Young, principalement dans la cat\u00e9gorie Populaire, et non dans la cat\u00e9gorie Orchestrale, pour 35 titres diff\u00e9rents.  Si vous avez de nouvelles reprises \u00e0 recommander, n'h\u00e9sitez pas \u00e0 me contacter dans la section Contact. Mon intention est de garder la liste fra\u00eeche avec du nouveau mat\u00e9riel et surtout d'ajouter des reprises de ses morceaux moins connus (par exemple \u2018A Woman's Intuition\u2019). Certaines de ses chansons n'ont pas d'exemples Spotify actuels \u00e0 poster, comme \u2018Love Me\u2019, \u2018One Look at You\u2019, ou \u2018I Live Again\u2019.  A terme, j'esp\u00e8re cr\u00e9er une section avec une liste de chansons rares et des liens vers des partitions, afin d'encourager la communaut\u00e9 des musiciens \u00e0 les interpr\u00e9ter et \u00e0 poursuivre la construction de l'h\u00e9ritage de M. Young. Si vous n'avez pas de compte Spotify, ils offrent un abonnement gratuit qui a quelques limitations, et un compte payant. Personnellement, je pr\u00e9f\u00e8re Spotify \u00e0 YouTube pour les listes de lecture car le volume des morceaux est nivel\u00e9.<\/p><p>Pour ouvrir la liste de lecture Spotify dans une nouvelle fen\u00eatre, cliquez sur la capture d'\u00e9cran ci-dessous ...<\/p><p>Pour voir une liste de tous les titres de la liste de lecture, veuillez paginer vers le bas sous l'image ...<\/p>\t\t\t\t\t\t\t\t<\/div>\n\t\t\t\t<\/div>\n\t\t\t\t<section class=\"elementor-section elementor-inner-section elementor-element elementor-element-f7e4427 elementor-section-content-bottom elementor-section-boxed elementor-section-height-default elementor-section-height-default\" data-id=\"f7e4427\" data-element_type=\"section\" data-e-type=\"section\">\n\t\t\t\t\t\t<div class=\"elementor-container elementor-column-gap-no\">\n\t\t\t\t\t<div class=\"elementor-column elementor-col-100 elementor-inner-column elementor-element elementor-element-ab1c3a6\" data-id=\"ab1c3a6\" data-element_type=\"column\" data-e-type=\"column\" data-settings=\"{&quot;background_background&quot;:&quot;classic&quot;}\">\n\t\t\t<div class=\"elementor-widget-wrap elementor-element-populated\">\n\t\t\t\t\t\t<div class=\"elementor-element elementor-element-6efc526 elementor-widget elementor-widget-image\" data-id=\"6efc526\" data-element_type=\"widget\" data-e-type=\"widget\" data-widget_type=\"image.default\">\n\t\t\t\t<div class=\"elementor-widget-container\">\n\t\t\t\t\t\t\t\t\t\t\t\t\t\t\t\t<a href=\"https:\/\/open.spotify.com\/playlist\/2TPZ7aet2QOOy38GUvaTYX?si=350ceac2f41e498a&#038;nd=1\" target=\"_blank\" rel=\"noopener\">\n\t\t\t\t\t\t\t<img fetchpriority=\"high\" decoding=\"async\" width=\"1392\" height=\"994\" src=\"https:\/\/victoryoung.com\/wp-content\/uploads\/2026\/01\/Spotify-2026-01-02-202846.png\" class=\"attachment-full size-full wp-image-3153\" alt=\"\" srcset=\"https:\/\/victoryoung.com\/wp-content\/uploads\/2026\/01\/Spotify-2026-01-02-202846.png 1392w, https:\/\/victoryoung.com\/wp-content\/uploads\/2026\/01\/Spotify-2026-01-02-202846-300x214.png 300w, https:\/\/victoryoung.com\/wp-content\/uploads\/2026\/01\/Spotify-2026-01-02-202846-1024x731.png 1024w, https:\/\/victoryoung.com\/wp-content\/uploads\/2026\/01\/Spotify-2026-01-02-202846-768x548.png 768w, https:\/\/victoryoung.com\/wp-content\/uploads\/2026\/01\/Spotify-2026-01-02-202846-18x12.png 18w, https:\/\/victoryoung.com\/wp-content\/uploads\/2026\/01\/Spotify-2026-01-02-202846-1320x943.png 1320w\" sizes=\"(max-width: 1392px) 100vw, 1392px\" \/>\t\t\t\t\t\t\t\t<\/a>\n\t\t\t\t\t\t\t\t\t\t\t\t\t\t\t<\/div>\n\t\t\t\t<\/div>\n\t\t\t\t\t<\/div>\n\t\t<\/div>\n\t\t\t\t\t<\/div>\n\t\t<\/section>\n\t\t\t\t\t<\/div>\n\t\t<\/div>\n\t\t\t\t\t<\/div>\n\t\t<\/section>\n\t\t\t\t<section class=\"elementor-section elementor-top-section elementor-element elementor-element-ebde297 elementor-section-boxed elementor-section-height-default elementor-section-height-default\" data-id=\"ebde297\" data-element_type=\"section\" data-e-type=\"section\">\n\t\t\t\t\t\t<div class=\"elementor-container elementor-column-gap-default\">\n\t\t\t\t\t<div class=\"elementor-column elementor-col-100 elementor-top-column elementor-element elementor-element-2c4616e\" data-id=\"2c4616e\" data-element_type=\"column\" data-e-type=\"column\">\n\t\t\t<div class=\"elementor-widget-wrap elementor-element-populated\">\n\t\t\t\t\t\t<div class=\"elementor-element elementor-element-0abfa6a elementor-widget elementor-widget-text-editor\" data-id=\"0abfa6a\" data-element_type=\"widget\" data-e-type=\"widget\" data-widget_type=\"text-editor.default\">\n\t\t\t\t<div class=\"elementor-widget-container\">\n\t\t\t\t\t\t\t\t\t<p><strong>Victor Young Liste de lecture des chansons populaires<\/strong><\/p><ol><li>Enfin seul<\/li><li>Le paradis est partout sur terre<\/li><li>Autour du monde<\/li><li>Bel Amour<\/li><li>Noir<\/li><li>\u00c9toile bleue<\/li><li>L'appel des collines lointaines<\/li><li>Ne pouvons-nous pas en discuter ?<\/li><li>Delilah<\/li><li>Tout ce que je fais<\/li><li>Boucles d'oreilles en or<\/li><li>J'ai le Sud dans l'\u00e2me<\/li><li>Dans cent ans<\/li><li>Je n'ai pas la moindre chance avec toi<\/li><li>Je devrais en savoir plus sur vous<\/li><li>La main gauche de Dieu Th\u00e8me d'amour<\/li><li>L'amour est la chose<\/li><li>Lettres d'amour<\/li><li>Un amour comme celui-ci<\/li><li>Love Me Tonight<\/li><li>Mon c\u0153ur de fou<\/li><li>Le d\u00e9sir de mon c\u0153ur<\/li><li>Les n\u00f4tres<\/li><li>Les sept collines de Rome<\/li><li>Ombres sur la fen\u00eatre<\/li><li>Le chant de l'abandon<\/li><li>Stella \u00e0 la lumi\u00e8re des \u00e9toiles<\/li><li>La rue des r\u00eaves<\/li><li>Sweet Sue<\/li><li>Quand je tombe amoureux<\/li><li>O\u00f9 puis-je aller sans toi ?<\/li><li>Blanc<\/li><li>L'hiver de l'amour<\/li><li>L'intuition d'une femme<\/li><li>Vous \u00eates une tisseuse de r\u00eaves<\/li><\/ol>\t\t\t\t\t\t\t\t<\/div>\n\t\t\t\t<\/div>\n\t\t\t\t\t<\/div>\n\t\t<\/div>\n\t\t\t\t\t<\/div>\n\t\t<\/section>\n\t\t\t\t<\/div>","protected":false},"excerpt":{"rendered":"<p>Victor Young Spotify Playlist Content The Playlist, currently 5 hours in length, is for covers of Victor Young&#8217;s music, mostly in the Popular, not the Orchestral category, for 35 different titles.\u00a0\u00a0If you have new covers you would like to recommend, please reach out to me in the Contact section. My intent is to keep the [&hellip;]<\/p>\n","protected":false},"author":2,"featured_media":0,"parent":0,"menu_order":0,"comment_status":"closed","ping_status":"closed","template":"","meta":{"nf_dc_page":"","footnotes":""},"class_list":["post-810","page","type-page","status-publish","hentry"],"_links":{"self":[{"href":"https:\/\/victoryoung.com\/fr\/wp-json\/wp\/v2\/pages\/810","targetHints":{"allow":["GET"]}}],"collection":[{"href":"https:\/\/victoryoung.com\/fr\/wp-json\/wp\/v2\/pages"}],"about":[{"href":"https:\/\/victoryoung.com\/fr\/wp-json\/wp\/v2\/types\/page"}],"author":[{"embeddable":true,"href":"https:\/\/victoryoung.com\/fr\/wp-json\/wp\/v2\/users\/2"}],"replies":[{"embeddable":true,"href":"https:\/\/victoryoung.com\/fr\/wp-json\/wp\/v2\/comments?post=810"}],"version-history":[{"count":5,"href":"https:\/\/victoryoung.com\/fr\/wp-json\/wp\/v2\/pages\/810\/revisions"}],"predecessor-version":[{"id":3163,"href":"https:\/\/victoryoung.com\/fr\/wp-json\/wp\/v2\/pages\/810\/revisions\/3163"}],"wp:attachment":[{"href":"https:\/\/victoryoung.com\/fr\/wp-json\/wp\/v2\/media?parent=810"}],"curies":[{"name":"wp","href":"https:\/\/api.w.org\/{rel}","templated":true}]}}