{"id":1600,"date":"2022-08-15T04:10:39","date_gmt":"2022-08-15T04:10:39","guid":{"rendered":"https:\/\/victoryoung.com\/?page_id=1600"},"modified":"2025-12-20T09:19:19","modified_gmt":"2025-12-20T17:19:19","slug":"orkiestra-youtube","status":"publish","type":"page","link":"https:\/\/victoryoung.com\/pl\/orkiestra-youtube\/","title":{"rendered":"YouTube"},"content":{"rendered":"<div data-elementor-type=\"wp-page\" data-elementor-id=\"1600\" class=\"elementor elementor-1600\" data-elementor-post-type=\"page\">\n\t\t\t\t\t\t<section class=\"elementor-section elementor-top-section elementor-element elementor-element-178298ed elementor-section-height-min-height elementor-section-boxed elementor-section-height-default elementor-section-items-middle\" data-id=\"178298ed\" data-element_type=\"section\" data-e-type=\"section\" data-settings=\"{&quot;background_background&quot;:&quot;classic&quot;}\">\n\t\t\t\t\t\t\t<div class=\"elementor-background-overlay\"><\/div>\n\t\t\t\t\t\t\t<div class=\"elementor-container elementor-column-gap-no\">\n\t\t\t\t\t<div class=\"elementor-column elementor-col-100 elementor-top-column elementor-element elementor-element-4828f475\" data-id=\"4828f475\" data-element_type=\"column\" data-e-type=\"column\">\n\t\t\t<div class=\"elementor-widget-wrap elementor-element-populated\">\n\t\t\t\t\t\t<div class=\"elementor-element elementor-element-7c4922be elementor-widget-divider--view-line elementor-widget elementor-widget-divider\" data-id=\"7c4922be\" data-element_type=\"widget\" data-e-type=\"widget\" data-widget_type=\"divider.default\">\n\t\t\t\t<div class=\"elementor-widget-container\">\n\t\t\t\t\t\t\t<div class=\"elementor-divider\">\n\t\t\t<span class=\"elementor-divider-separator\">\n\t\t\t\t\t\t<\/span>\n\t\t<\/div>\n\t\t\t\t\t\t<\/div>\n\t\t\t\t<\/div>\n\t\t\t\t\t<\/div>\n\t\t<\/div>\n\t\t\t\t\t<\/div>\n\t\t<\/section>\n\t\t\t\t<section class=\"elementor-section elementor-top-section elementor-element elementor-element-34d8521f elementor-section-height-min-height elementor-section-boxed elementor-section-height-default elementor-section-items-middle\" data-id=\"34d8521f\" data-element_type=\"section\" data-e-type=\"section\" data-settings=\"{&quot;background_background&quot;:&quot;classic&quot;}\">\n\t\t\t\t\t\t<div class=\"elementor-container elementor-column-gap-no\">\n\t\t\t\t\t<div class=\"elementor-column elementor-col-100 elementor-top-column elementor-element elementor-element-5298c8ce\" data-id=\"5298c8ce\" data-element_type=\"column\" data-e-type=\"column\">\n\t\t\t<div class=\"elementor-widget-wrap elementor-element-populated\">\n\t\t\t\t\t\t<div class=\"elementor-element elementor-element-2c8b0605 elementor-widget elementor-widget-heading\" data-id=\"2c8b0605\" data-element_type=\"widget\" data-e-type=\"widget\" data-widget_type=\"heading.default\">\n\t\t\t\t<div class=\"elementor-widget-container\">\n\t\t\t\t\t<h2 class=\"elementor-heading-title elementor-size-default\">Zawarto\u015b\u0107 playlisty Victora Younga na YouTube<\/h2>\t\t\t\t<\/div>\n\t\t\t\t<\/div>\n\t\t\t\t<div class=\"elementor-element elementor-element-b0302a6 elementor-drop-cap-yes elementor-drop-cap-view-default elementor-widget elementor-widget-text-editor\" data-id=\"b0302a6\" data-element_type=\"widget\" data-e-type=\"widget\" data-settings=\"{&quot;drop_cap&quot;:&quot;yes&quot;}\" data-widget_type=\"text-editor.default\">\n\t\t\t\t<div class=\"elementor-widget-container\">\n\t\t\t\t\t\t\t\t\t<p>Obecnie dost\u0119pnych jest oko\u0142o 5 godzin suit\/zbior\u00f3w oryginalnej muzyki filmowej Victora Younga lub jej odrestaurowanych wersji.  Znajduj\u0105 si\u0119 tu r\u00f3wnie\u017c covery i nowe aran\u017cacje w wykonaniu innych orkiestr. Je\u015bli chcesz poleci\u0107 dodatkow\u0105 muzyk\u0119, skontaktuj si\u0119 ze mn\u0105 za po\u015brednictwem strony kontaktowej.<\/p><p>Aby otworzy\u0107 playlist\u0119 YouTube w nowym oknie, kliknij w poni\u017cszy zrzut ekranu\u2026<\/p>\t\t\t\t\t\t\t\t<\/div>\n\t\t\t\t<\/div>\n\t\t\t\t<section class=\"elementor-section elementor-inner-section elementor-element elementor-element-4d4371aa elementor-section-content-bottom elementor-section-boxed elementor-section-height-default elementor-section-height-default\" data-id=\"4d4371aa\" data-element_type=\"section\" data-e-type=\"section\">\n\t\t\t\t\t\t<div class=\"elementor-container elementor-column-gap-no\">\n\t\t\t\t\t<div class=\"elementor-column elementor-col-100 elementor-inner-column elementor-element elementor-element-4611094c\" data-id=\"4611094c\" data-element_type=\"column\" data-e-type=\"column\" data-settings=\"{&quot;background_background&quot;:&quot;classic&quot;}\">\n\t\t\t<div class=\"elementor-widget-wrap elementor-element-populated\">\n\t\t\t\t\t\t<div class=\"elementor-element elementor-element-23e5af4b elementor-widget elementor-widget-image\" data-id=\"23e5af4b\" data-element_type=\"widget\" data-e-type=\"widget\" data-widget_type=\"image.default\">\n\t\t\t\t<div class=\"elementor-widget-container\">\n\t\t\t\t\t\t\t\t\t\t\t\t\t\t\t\t<a href=\"https:\/\/www.youtube.com\/playlist?list=PLqGbZv5snbK8Jwdan6rtSausIfVtq6hLG\" target=\"_blank\" rel=\"noopener\">\n\t\t\t\t\t\t\t<img fetchpriority=\"high\" decoding=\"async\" width=\"1104\" height=\"612\" src=\"https:\/\/victoryoung.com\/wp-content\/uploads\/2022\/08\/YouTube-Orch-Playlist.jpg\" class=\"attachment-full size-full wp-image-1607\" alt=\"kana\u0142 victor young youtube\" srcset=\"https:\/\/victoryoung.com\/wp-content\/uploads\/2022\/08\/YouTube-Orch-Playlist.jpg 1104w, https:\/\/victoryoung.com\/wp-content\/uploads\/2022\/08\/YouTube-Orch-Playlist-300x166.jpg 300w, https:\/\/victoryoung.com\/wp-content\/uploads\/2022\/08\/YouTube-Orch-Playlist-1024x568.jpg 1024w, https:\/\/victoryoung.com\/wp-content\/uploads\/2022\/08\/YouTube-Orch-Playlist-768x426.jpg 768w\" sizes=\"(max-width: 1104px) 100vw, 1104px\" \/>\t\t\t\t\t\t\t\t<\/a>\n\t\t\t\t\t\t\t\t\t\t\t\t\t\t\t<\/div>\n\t\t\t\t<\/div>\n\t\t\t\t\t<\/div>\n\t\t<\/div>\n\t\t\t\t\t<\/div>\n\t\t<\/section>\n\t\t\t\t\t<\/div>\n\t\t<\/div>\n\t\t\t\t\t<\/div>\n\t\t<\/section>\n\t\t\t\t<section class=\"elementor-section elementor-top-section elementor-element elementor-element-3dae88f elementor-section-boxed elementor-section-height-default elementor-section-height-default\" data-id=\"3dae88f\" data-element_type=\"section\" data-e-type=\"section\">\n\t\t\t\t\t\t<div class=\"elementor-container elementor-column-gap-default\">\n\t\t\t\t\t<div class=\"elementor-column elementor-col-100 elementor-top-column elementor-element elementor-element-f4a490c\" data-id=\"f4a490c\" data-element_type=\"column\" data-e-type=\"column\">\n\t\t\t<div class=\"elementor-widget-wrap elementor-element-populated\">\n\t\t\t\t\t\t<div class=\"elementor-element elementor-element-dcac636 elementor-widget elementor-widget-text-editor\" data-id=\"dcac636\" data-element_type=\"widget\" data-e-type=\"widget\" data-widget_type=\"text-editor.default\">\n\t\t\t\t<div class=\"elementor-widget-container\">\n\t\t\t\t\t\t\t\t\t<p><strong>Lista odtwarzania utwor\u00f3w muzycznych z filmu Victor Younga<\/strong><\/p><ul><li>Scaramouche<\/li><li>Cichy cz\u0142owiek<\/li><li>Run of the Arrow<\/li><li>Trzy monety w fontannie<\/li><li>Wysocy m\u0119\u017cczy\u017ani<\/li><li>Dooko\u0142a \u015bwiata w 80 dni<\/li><li>Shane<\/li><li>Samson i Delilah<\/li><li>Rio Grande<\/li><li>Johnny Guitar<\/li><li>Podr\u00f3\u017ce Guliwera<\/li><li>Odwa\u017cny<\/li><li>Jankes z Connecticut na dworze kr\u00f3la Artura<\/li><li>For Whom the Bell Tolls<\/li><li>Piaski Iwo Jimy<\/li><li>Zdobywca<\/li><li>Lewa r\u0119ka Boga<\/li><\/ul>\t\t\t\t\t\t\t\t<\/div>\n\t\t\t\t<\/div>\n\t\t\t\t\t<\/div>\n\t\t<\/div>\n\t\t\t\t\t<\/div>\n\t\t<\/section>\n\t\t\t\t<\/div>","protected":false},"excerpt":{"rendered":"<p>Victor Young YouTube Playlist Content Currently about 5 hours of Suites\/Collections of Victor Young original film score cues, or restorations thereof. But also covers and new arrangements by other orchestras. If you wish to recommend additional music, please reach out to me on the Contact page. To open the YouTube playlist in a new window, [&hellip;]<\/p>\n","protected":false},"author":2,"featured_media":0,"parent":0,"menu_order":0,"comment_status":"closed","ping_status":"closed","template":"","meta":{"nf_dc_page":"","footnotes":""},"class_list":["post-1600","page","type-page","status-publish","hentry"],"_links":{"self":[{"href":"https:\/\/victoryoung.com\/pl\/wp-json\/wp\/v2\/pages\/1600","targetHints":{"allow":["GET"]}}],"collection":[{"href":"https:\/\/victoryoung.com\/pl\/wp-json\/wp\/v2\/pages"}],"about":[{"href":"https:\/\/victoryoung.com\/pl\/wp-json\/wp\/v2\/types\/page"}],"author":[{"embeddable":true,"href":"https:\/\/victoryoung.com\/pl\/wp-json\/wp\/v2\/users\/2"}],"replies":[{"embeddable":true,"href":"https:\/\/victoryoung.com\/pl\/wp-json\/wp\/v2\/comments?post=1600"}],"version-history":[{"count":5,"href":"https:\/\/victoryoung.com\/pl\/wp-json\/wp\/v2\/pages\/1600\/revisions"}],"predecessor-version":[{"id":3017,"href":"https:\/\/victoryoung.com\/pl\/wp-json\/wp\/v2\/pages\/1600\/revisions\/3017"}],"wp:attachment":[{"href":"https:\/\/victoryoung.com\/pl\/wp-json\/wp\/v2\/media?parent=1600"}],"curies":[{"name":"wp","href":"https:\/\/api.w.org\/{rel}","templated":true}]}}