{"id":228,"date":"2020-09-11T01:19:29","date_gmt":"2020-09-11T01:19:29","guid":{"rendered":"http:\/\/victoryoung.com\/programs\/"},"modified":"2026-03-26T13:11:40","modified_gmt":"2026-03-26T20:11:40","slug":"wydarzenia","status":"publish","type":"page","link":"https:\/\/victoryoung.com\/pl\/wydarzenia\/","title":{"rendered":"Wydarzenia"},"content":{"rendered":"<div data-elementor-type=\"wp-page\" data-elementor-id=\"228\" class=\"elementor elementor-228\" data-elementor-post-type=\"page\">\n\t\t\t\t\t\t<section class=\"elementor-section elementor-top-section elementor-element elementor-element-24820c2 elementor-section-height-min-height elementor-section-boxed elementor-section-height-default elementor-section-items-middle\" data-id=\"24820c2\" data-element_type=\"section\" data-e-type=\"section\" data-settings=\"{&quot;background_background&quot;:&quot;classic&quot;}\">\n\t\t\t\t\t\t\t<div class=\"elementor-background-overlay\"><\/div>\n\t\t\t\t\t\t\t<div class=\"elementor-container elementor-column-gap-no\">\n\t\t\t\t\t<div class=\"elementor-column elementor-col-100 elementor-top-column elementor-element elementor-element-e56810d\" data-id=\"e56810d\" data-element_type=\"column\" data-e-type=\"column\">\n\t\t\t<div class=\"elementor-widget-wrap elementor-element-populated\">\n\t\t\t\t\t\t<div class=\"elementor-element elementor-element-dd668dd elementor-widget-divider--view-line elementor-widget elementor-widget-divider\" data-id=\"dd668dd\" data-element_type=\"widget\" data-e-type=\"widget\" data-widget_type=\"divider.default\">\n\t\t\t\t<div class=\"elementor-widget-container\">\n\t\t\t\t\t\t\t<div class=\"elementor-divider\">\n\t\t\t<span class=\"elementor-divider-separator\">\n\t\t\t\t\t\t<\/span>\n\t\t<\/div>\n\t\t\t\t\t\t<\/div>\n\t\t\t\t<\/div>\n\t\t\t\t\t<\/div>\n\t\t<\/div>\n\t\t\t\t\t<\/div>\n\t\t<\/section>\n\t\t\t\t<section class=\"elementor-section elementor-top-section elementor-element elementor-element-7c806a7 elementor-section-boxed elementor-section-height-default elementor-section-height-default\" data-id=\"7c806a7\" data-element_type=\"section\" data-e-type=\"section\" data-settings=\"{&quot;background_background&quot;:&quot;classic&quot;}\">\n\t\t\t\t\t\t<div class=\"elementor-container elementor-column-gap-no\">\n\t\t\t\t\t<div class=\"elementor-column elementor-col-100 elementor-top-column elementor-element elementor-element-835ab40\" data-id=\"835ab40\" data-element_type=\"column\" data-e-type=\"column\">\n\t\t\t<div class=\"elementor-widget-wrap elementor-element-populated\">\n\t\t\t\t\t\t<div class=\"elementor-element elementor-element-8c21152 elementor-widget elementor-widget-heading\" data-id=\"8c21152\" data-element_type=\"widget\" data-e-type=\"widget\" data-widget_type=\"heading.default\">\n\t\t\t\t<div class=\"elementor-widget-container\">\n\t\t\t\t\t<h2 class=\"elementor-heading-title elementor-size-default\">Wydarzenia<\/h2>\t\t\t\t<\/div>\n\t\t\t\t<\/div>\n\t\t\t\t<div class=\"elementor-element elementor-element-259c628 elementor-widget-divider--view-line elementor-widget elementor-widget-divider\" data-id=\"259c628\" data-element_type=\"widget\" data-e-type=\"widget\" data-widget_type=\"divider.default\">\n\t\t\t\t<div class=\"elementor-widget-container\">\n\t\t\t\t\t\t\t<div class=\"elementor-divider\">\n\t\t\t<span class=\"elementor-divider-separator\">\n\t\t\t\t\t\t<\/span>\n\t\t<\/div>\n\t\t\t\t\t\t<\/div>\n\t\t\t\t<\/div>\n\t\t\t\t\t<\/div>\n\t\t<\/div>\n\t\t\t\t\t<\/div>\n\t\t<\/section>\n\t\t\t\t<section class=\"elementor-section elementor-top-section elementor-element elementor-element-2f018a1 elementor-section-boxed elementor-section-height-default elementor-section-height-default\" data-id=\"2f018a1\" data-element_type=\"section\" data-e-type=\"section\" data-settings=\"{&quot;background_background&quot;:&quot;classic&quot;}\">\n\t\t\t\t\t\t<div class=\"elementor-container elementor-column-gap-no\">\n\t\t\t\t\t<div class=\"elementor-column elementor-col-50 elementor-top-column elementor-element elementor-element-bbd8b71\" data-id=\"bbd8b71\" data-element_type=\"column\" data-e-type=\"column\" data-settings=\"{&quot;background_background&quot;:&quot;classic&quot;}\">\n\t\t\t<div class=\"elementor-widget-wrap elementor-element-populated\">\n\t\t\t\t\t<div class=\"elementor-background-overlay\"><\/div>\n\t\t\t\t\t\t<div class=\"elementor-element elementor-element-78d439f elementor-widget elementor-widget-heading\" data-id=\"78d439f\" data-element_type=\"widget\" data-e-type=\"widget\" data-widget_type=\"heading.default\">\n\t\t\t\t<div class=\"elementor-widget-container\">\n\t\t\t\t\t<h3 class=\"elementor-heading-title elementor-size-default\">Koncerty i programy<\/h3>\t\t\t\t<\/div>\n\t\t\t\t<\/div>\n\t\t\t\t<div class=\"elementor-element elementor-element-f7b5099 elementor-widget elementor-widget-image\" data-id=\"f7b5099\" data-element_type=\"widget\" data-e-type=\"widget\" data-widget_type=\"image.default\">\n\t\t\t\t<div class=\"elementor-widget-container\">\n\t\t\t\t\t\t\t\t\t\t\t\t\t\t\t<img fetchpriority=\"high\" decoding=\"async\" width=\"800\" height=\"463\" src=\"https:\/\/victoryoung.com\/wp-content\/uploads\/2026\/01\/Screenshot-2026-01-14-175545-1024x593.png\" class=\"attachment-large size-large wp-image-3175\" alt=\"\" srcset=\"https:\/\/victoryoung.com\/wp-content\/uploads\/2026\/01\/Screenshot-2026-01-14-175545-1024x593.png 1024w, https:\/\/victoryoung.com\/wp-content\/uploads\/2026\/01\/Screenshot-2026-01-14-175545-300x174.png 300w, https:\/\/victoryoung.com\/wp-content\/uploads\/2026\/01\/Screenshot-2026-01-14-175545-768x445.png 768w, https:\/\/victoryoung.com\/wp-content\/uploads\/2026\/01\/Screenshot-2026-01-14-175545-1536x890.png 1536w, https:\/\/victoryoung.com\/wp-content\/uploads\/2026\/01\/Screenshot-2026-01-14-175545-18x10.png 18w, https:\/\/victoryoung.com\/wp-content\/uploads\/2026\/01\/Screenshot-2026-01-14-175545-1320x765.png 1320w, https:\/\/victoryoung.com\/wp-content\/uploads\/2026\/01\/Screenshot-2026-01-14-175545.png 1899w\" sizes=\"(max-width: 800px) 100vw, 800px\" \/>\t\t\t\t\t\t\t\t\t\t\t\t\t\t\t<\/div>\n\t\t\t\t<\/div>\n\t\t\t\t<div class=\"elementor-element elementor-element-eb055ff elementor-drop-cap-yes elementor-drop-cap-view-default elementor-widget elementor-widget-text-editor\" data-id=\"eb055ff\" data-element_type=\"widget\" data-e-type=\"widget\" data-settings=\"{&quot;drop_cap&quot;:&quot;yes&quot;}\" data-widget_type=\"text-editor.default\">\n\t\t\t\t<div class=\"elementor-widget-container\">\n\t\t\t\t\t\t\t\t\t<p class=\"translation-block\"><strong>Koncerty i programy<\/strong> z muzyk\u0105 Victora Younga. Je\u015bli wiecie o takich wydarzeniach, prosz\u0119 o jak najszybsze przes\u0142anie informacji e-mailem.<\/p><p><strong>2026<\/strong><\/p><ul><li>W sobot\u0119 28 marca o 13:00 czasu PT, pianista Larry Vuckovich zaprezentuje solowy koncert fortepianowy utwor\u00f3w \u2018nieznanych\u2019 kompozytor\u00f3w, Victora Younga i Harry'ego Warrena <a href=\"https:\/\/larryvuckovich.com\/\" target=\"_blank\" rel=\"noopener\">(Harmonogram)<\/a><\/li><\/ul><p><strong>2025<\/strong><\/p><ul><li>Gra\u017cyna Augu\u015bcik prezentuje muzyk\u0119 Victora Younga, Chicago, 22 listopada (<a title=\"Informacje o wydarzeniu\" href=\"https:\/\/grazynaauguscik.com\/events\/events\/\" target=\"_blank\" rel=\"noopener\">Wydarzenia - Gra\u017cyna Augu\u015bcik<\/a>).<\/li><\/ul><p><strong>2024<\/strong><\/p><ul><li>The <em>Victor Young Jazz Festival<\/em> w M\u0142awie, w dniach 22-23 wrze\u015bnia, ju\u017c po raz pi\u0105ty (<a href=\"https:\/\/www.facebook.com\/people\/Victor-Young-Jazz-Festival-M%C5%82awa\/100091861538343\/\" target=\"_blank\" rel=\"noopener\">Facebook<\/a>).<\/li><\/ul>\t\t\t\t\t\t\t\t<\/div>\n\t\t\t\t<\/div>\n\t\t\t\t\t<\/div>\n\t\t<\/div>\n\t\t\t\t<div class=\"elementor-column elementor-col-50 elementor-top-column elementor-element elementor-element-77555d9\" data-id=\"77555d9\" data-element_type=\"column\" data-e-type=\"column\" data-settings=\"{&quot;background_background&quot;:&quot;classic&quot;}\">\n\t\t\t<div class=\"elementor-widget-wrap elementor-element-populated\">\n\t\t\t\t\t<div class=\"elementor-background-overlay\"><\/div>\n\t\t\t\t\t\t<div class=\"elementor-element elementor-element-395726f elementor-widget elementor-widget-heading\" data-id=\"395726f\" data-element_type=\"widget\" data-e-type=\"widget\" data-widget_type=\"heading.default\">\n\t\t\t\t<div class=\"elementor-widget-container\">\n\t\t\t\t\t<h3 class=\"elementor-heading-title elementor-size-default\">Pokazy filmowe<\/h3>\t\t\t\t<\/div>\n\t\t\t\t<\/div>\n\t\t\t\t<div class=\"elementor-element elementor-element-c65f351 elementor-widget elementor-widget-image\" data-id=\"c65f351\" data-element_type=\"widget\" data-e-type=\"widget\" data-widget_type=\"image.default\">\n\t\t\t\t<div class=\"elementor-widget-container\">\n\t\t\t\t\t\t\t\t\t\t\t\t\t\t\t<img decoding=\"async\" width=\"800\" height=\"533\" src=\"https:\/\/victoryoung.com\/wp-content\/uploads\/2026\/01\/NoirCityforWebsite_0.jpg\" class=\"attachment-large size-large wp-image-3180\" alt=\"\" srcset=\"https:\/\/victoryoung.com\/wp-content\/uploads\/2026\/01\/NoirCityforWebsite_0.jpg 1005w, https:\/\/victoryoung.com\/wp-content\/uploads\/2026\/01\/NoirCityforWebsite_0-300x200.jpg 300w, https:\/\/victoryoung.com\/wp-content\/uploads\/2026\/01\/NoirCityforWebsite_0-768x512.jpg 768w, https:\/\/victoryoung.com\/wp-content\/uploads\/2026\/01\/NoirCityforWebsite_0-18x12.jpg 18w\" sizes=\"(max-width: 800px) 100vw, 800px\" \/>\t\t\t\t\t\t\t\t\t\t\t\t\t\t\t<\/div>\n\t\t\t\t<\/div>\n\t\t\t\t<div class=\"elementor-element elementor-element-e6b2d63 elementor-drop-cap-yes elementor-drop-cap-view-default elementor-widget elementor-widget-text-editor\" data-id=\"e6b2d63\" data-element_type=\"widget\" data-e-type=\"widget\" data-settings=\"{&quot;drop_cap&quot;:&quot;yes&quot;}\" data-widget_type=\"text-editor.default\">\n\t\t\t\t<div class=\"elementor-widget-container\">\n\t\t\t\t\t\t\t\t\t<p class=\"translation-block\"><strong>Pokazy film\u00f3w<\/strong> z muzyk\u0105 skomponowan\u0105 przez Victora Younga. Je\u015bli wiecie o takich pokazach, prosz\u0119 o jak najszybszy kontakt mailowy.<\/p><p><strong>2023<\/strong><\/p><ul><li>Fundacja Film Noir <em>Noir City<\/em> powr\u00f3ci\u0142 do Chicago, rodzinnego miasta Victora Younga, w dniach 25-31 sierpnia.  Pokazy obejmuj\u0105 <em>Chicago Deadline<\/em> (1949) z Alanem Laddem i Donn\u0105 Reed w rolach g\u0142\u00f3wnych (<a href=\"https:\/\/musicboxtheatre.com\/series-and-festivals\/noir-city-chicago-2023\" target=\"_blank\" rel=\"noopener\">NOIR CITY: Chicago 2023 | Music Box Theatre<\/a>)<\/li><\/ul>\t\t\t\t\t\t\t\t<\/div>\n\t\t\t\t<\/div>\n\t\t\t\t\t<\/div>\n\t\t<\/div>\n\t\t\t\t\t<\/div>\n\t\t<\/section>\n\t\t\t\t<\/div>","protected":false},"excerpt":{"rendered":"<p>Events Concerts and Programs Concerts and Programs including Victor Young&#8217;s music.\u00a0 If you know of such events, please email me ASAP. 2026 Saturday March 28th at 1PM PT, pianist Larry Vuckovich will present a streaming solo piano concert of songs by &#8216;unsung&#8217; composers, Victor Young and Harry Warren (Schedule) 2025 Polish American singer Gra\u017cyna Augu\u015bcik [&hellip;]<\/p>\n","protected":false},"author":2,"featured_media":0,"parent":0,"menu_order":0,"comment_status":"closed","ping_status":"closed","template":"","meta":{"nf_dc_page":"","footnotes":""},"class_list":["post-228","page","type-page","status-publish","hentry"],"_links":{"self":[{"href":"https:\/\/victoryoung.com\/pl\/wp-json\/wp\/v2\/pages\/228","targetHints":{"allow":["GET"]}}],"collection":[{"href":"https:\/\/victoryoung.com\/pl\/wp-json\/wp\/v2\/pages"}],"about":[{"href":"https:\/\/victoryoung.com\/pl\/wp-json\/wp\/v2\/types\/page"}],"author":[{"embeddable":true,"href":"https:\/\/victoryoung.com\/pl\/wp-json\/wp\/v2\/users\/2"}],"replies":[{"embeddable":true,"href":"https:\/\/victoryoung.com\/pl\/wp-json\/wp\/v2\/comments?post=228"}],"version-history":[{"count":5,"href":"https:\/\/victoryoung.com\/pl\/wp-json\/wp\/v2\/pages\/228\/revisions"}],"predecessor-version":[{"id":3191,"href":"https:\/\/victoryoung.com\/pl\/wp-json\/wp\/v2\/pages\/228\/revisions\/3191"}],"wp:attachment":[{"href":"https:\/\/victoryoung.com\/pl\/wp-json\/wp\/v2\/media?parent=228"}],"curies":[{"name":"wp","href":"https:\/\/api.w.org\/{rel}","templated":true}]}}