{"id":2343,"date":"2023-09-22T15:35:24","date_gmt":"2023-09-22T22:35:24","guid":{"rendered":"https:\/\/victoryoung.com\/?page_id=2343"},"modified":"2025-12-20T09:17:26","modified_gmt":"2025-12-20T17:17:26","slug":"victor-young-powiazane-linki","status":"publish","type":"page","link":"https:\/\/victoryoung.com\/pl\/victor-young-powiazane-linki\/","title":{"rendered":"Linki"},"content":{"rendered":"<div data-elementor-type=\"wp-page\" data-elementor-id=\"2343\" class=\"elementor elementor-2343\" data-elementor-post-type=\"page\">\n\t\t\t\t\t\t<section class=\"elementor-section elementor-top-section elementor-element elementor-element-178298ed elementor-section-height-min-height elementor-section-boxed elementor-section-height-default elementor-section-items-middle\" data-id=\"178298ed\" data-element_type=\"section\" data-e-type=\"section\" data-settings=\"{&quot;background_background&quot;:&quot;classic&quot;}\">\n\t\t\t\t\t\t\t<div class=\"elementor-background-overlay\"><\/div>\n\t\t\t\t\t\t\t<div class=\"elementor-container elementor-column-gap-no\">\n\t\t\t\t\t<div class=\"elementor-column elementor-col-100 elementor-top-column elementor-element elementor-element-4828f475\" data-id=\"4828f475\" data-element_type=\"column\" data-e-type=\"column\">\n\t\t\t<div class=\"elementor-widget-wrap elementor-element-populated\">\n\t\t\t\t\t\t<div class=\"elementor-element elementor-element-7c4922be elementor-widget-divider--view-line elementor-widget elementor-widget-divider\" data-id=\"7c4922be\" data-element_type=\"widget\" data-e-type=\"widget\" data-widget_type=\"divider.default\">\n\t\t\t\t<div class=\"elementor-widget-container\">\n\t\t\t\t\t\t\t<div class=\"elementor-divider\">\n\t\t\t<span class=\"elementor-divider-separator\">\n\t\t\t\t\t\t<\/span>\n\t\t<\/div>\n\t\t\t\t\t\t<\/div>\n\t\t\t\t<\/div>\n\t\t\t\t\t<\/div>\n\t\t<\/div>\n\t\t\t\t\t<\/div>\n\t\t<\/section>\n\t\t\t\t<section class=\"elementor-section elementor-top-section elementor-element elementor-element-34d8521f elementor-section-height-min-height elementor-section-boxed elementor-section-height-default elementor-section-items-middle\" data-id=\"34d8521f\" data-element_type=\"section\" data-e-type=\"section\" data-settings=\"{&quot;background_background&quot;:&quot;classic&quot;}\">\n\t\t\t\t\t\t<div class=\"elementor-container elementor-column-gap-no\">\n\t\t\t\t\t<div class=\"elementor-column elementor-col-100 elementor-top-column elementor-element elementor-element-5298c8ce\" data-id=\"5298c8ce\" data-element_type=\"column\" data-e-type=\"column\">\n\t\t\t<div class=\"elementor-widget-wrap elementor-element-populated\">\n\t\t\t\t\t\t<div class=\"elementor-element elementor-element-2c8b0605 elementor-widget elementor-widget-heading\" data-id=\"2c8b0605\" data-element_type=\"widget\" data-e-type=\"widget\" data-widget_type=\"heading.default\">\n\t\t\t\t<div class=\"elementor-widget-container\">\n\t\t\t\t\t<h2 class=\"elementor-heading-title elementor-size-default\">Rodzaje stron internetowych powi\u0105zanych z VictorYoung.com<\/h2>\t\t\t\t<\/div>\n\t\t\t\t<\/div>\n\t\t\t\t<div class=\"elementor-element elementor-element-b0302a6 elementor-drop-cap-yes elementor-drop-cap-view-default elementor-widget elementor-widget-text-editor\" data-id=\"b0302a6\" data-element_type=\"widget\" data-e-type=\"widget\" data-settings=\"{&quot;drop_cap&quot;:&quot;yes&quot;}\" data-widget_type=\"text-editor.default\">\n\t\t\t\t<div class=\"elementor-widget-container\">\n\t\t\t\t\t\t\t\t\t<p>Na etapie zbierania materia\u0142\u00f3w do biografii pana Younga kontaktowa\u0142em si\u0119 mailowo, telefonicznie lub w inny spos\u00f3b z r\u00f3\u017cnymi osobami i organizacjami. Wiele z nich posiada w\u0142asne strony internetowe, kt\u00f3rych adresy wraz z kr\u00f3tkim opisem zamieszczam poni\u017cej, aby\u015bcie mogli zapozna\u0107 si\u0119 z nimi, je\u015bli macie tak\u0105 ochot\u0119.<\/p><p>Aby odwiedzi\u0107 dowoln\u0105 stron\u0119, kliknij poni\u017cszy link\u2026<\/p>\t\t\t\t\t\t\t\t<\/div>\n\t\t\t\t<\/div>\n\t\t\t\t\t<\/div>\n\t\t<\/div>\n\t\t\t\t\t<\/div>\n\t\t<\/section>\n\t\t\t\t<section class=\"elementor-section elementor-top-section elementor-element elementor-element-3dae88f elementor-section-boxed elementor-section-height-default elementor-section-height-default\" data-id=\"3dae88f\" data-element_type=\"section\" data-e-type=\"section\">\n\t\t\t\t\t\t<div class=\"elementor-container elementor-column-gap-default\">\n\t\t\t\t\t<div class=\"elementor-column elementor-col-100 elementor-top-column elementor-element elementor-element-f4a490c\" data-id=\"f4a490c\" data-element_type=\"column\" data-e-type=\"column\">\n\t\t\t<div class=\"elementor-widget-wrap elementor-element-populated\">\n\t\t\t\t\t\t<div class=\"elementor-element elementor-element-dcac636 elementor-widget elementor-widget-text-editor\" data-id=\"dcac636\" data-element_type=\"widget\" data-e-type=\"widget\" data-widget_type=\"text-editor.default\">\n\t\t\t\t<div class=\"elementor-widget-container\">\n\t\t\t\t\t\t\t\t\t<p><strong>Linki<\/strong> (wed\u0142ug kolejno\u015bci alfabetycznej pierwszego s\u0142owa)<\/p><ul><li><strong>Brandeis University<\/strong>.  Kolekcja Victora Younga w Brandeis University obejmuje ponad 100 partytur i nagra\u0144 p\u0142ytowych, a tak\u017ce nagrody (w tym Oscara i Z\u0142oty Glob), wycinki prasowe, fotografie i pami\u0105tki. Przekazana Brandeis przez rodzin\u0119 Younga, kolekcja jest cz\u0119sto wykorzystywana przez muzykolog\u00f3w i innych badaczy. Do kolekcji do\u0142\u0105czony jest szczeg\u00f3\u0142owy katalog oraz kr\u00f3tka biografia.<ul><li><a href=\"https:\/\/www.brandeis.edu\/library\/archives\/essays\/special-collections\/victor-young.html\" target=\"_blank\" rel=\"noopener\">https:\/\/www.brandeis.edu\/library\/archives\/essays\/special-collections\/victor-young.html<\/a><\/li><\/ul><\/li><li><strong>Bosto\u0144ska Biblioteka Publiczna<\/strong>.  Kolekcja zawiera 1400 pozycji, g\u0142\u00f3wnie partytury dyrygenckie, partytury wokalno-fortepianowe, nuty z lini\u0105 melodyczn\u0105 i partie instrumentalne, u\u017cywane niegdy\u015b przez kompozytora, aran\u017cera i dyrygenta Victora Younga. Najbardziej znany jest z nagrodzonej Oscarem \u015bcie\u017cki d\u017awi\u0119kowej do filmu...\u00a0<em>Dooko\u0142a \u015bwiata w 80 dni<\/em> (1956), Young skomponowa\u0142 r\u00f3wnie\u017c muzyk\u0119 do ponad 300 film\u00f3w, dw\u00f3ch przedstawie\u0144 na Broadwayu oraz licznych przeboj\u00f3w i reklam.<ul><li><a href=\"https:\/\/www.bpl.org\/archival_post\/young-victor-1900-1956-collection\/\" target=\"_blank\" rel=\"noopener\">https:\/\/www.bpl.org\/archival_post\/young-victor-1900-1956-collection\/<\/a><\/li><\/ul><\/li><li><strong>Chris Malone<\/strong>.  In\u017cynier d\u017awi\u0119ku, kt\u00f3ry pracowa\u0142 nad wieloma projektami, starannie odnawiaj\u0105c muzyk\u0119 Victora Younga na podstawie zniszczonych, oryginalnych nagra\u0144.  W\u015br\u00f3d jego dokona\u0144 znajduje si\u0119 wydawnictwo dla wytw\u00f3rni Kritzerland z 2014 roku. <em>Victor Young w Paramount Vol 1,<\/em> ratowanie wskaz\u00f3wek z film\u00f3w <em>Spotkanie z niebezpiecze\u0144stwem<\/em>, <i>The\u00a0<\/i><em>Oskar\u017cony<\/em>, oraz <em>Wrze\u015bniowy romans<\/em>, oraz <em>Victor Young w Paramount Vol 2,<\/em> przywracanie wskaz\u00f3wek z <em>Dumni i profanowani<\/em>, <em>Forever Female<\/em>, <em>Zagubiony ma\u0142y ch\u0142opiec<\/em>, oraz <em>M\u00f3j ulubiony szpieg<\/em>.<ul><li><a href=\"https:\/\/www.malonedigital.com\/\" target=\"_blank\" rel=\"noopener\">https:\/\/www.malonedigital.com\/<\/a><\/li><\/ul><\/li><li><strong>Kuba Stankiewicz<\/strong>.  Strona na Facebooku polskiego pianisty Kuby Stankiewicza, kt\u00f3ry by\u0142 inicjatorem wsp\u00f3\u0142czesnego ruchu na rzecz odkrywania zapomnianych polskich korzeni muzyki Victora Younga z Chicago oraz promowania jej studiowania i wykonywania. Kuba odegra\u0142 kluczow\u0105 rol\u0119 w stworzeniu corocznego festiwalu... <i>Victor Young Jazz Festival<\/i> w M\u0142awie, Polska.  W 2014 roku wyda\u0142 p\u0142yt\u0119 zatytu\u0142owan\u0105 <i>Muzyka Victora Younga<\/i>, w tym kilka mniej znanych utwor\u00f3w, takich jak \u2018Everything I Do\u2019 i \u2018It's Christmas Time Again\u2019, wsp\u00f3lne dzie\u0142o mi\u0142o\u015bci z muzykami Darkiem Oleszkiewiczem i Peterem Erskine.<ul><li><a href=\"https:\/\/www.facebook.com\/KubaStankiewiczKSQmusic\" target=\"_blank\" rel=\"noopener\">https:\/\/www.facebook.com\/KubaStankiewiczKSQmusic<\/a><\/li><\/ul><\/li><li><strong>Biblioteka Margaret Herrick<\/strong>.   Biblioteka Margaret Herrick to \u015bwiatowej s\u0142awy, niedost\u0119pna do wypo\u017cyczania kolekcja materia\u0142\u00f3w referencyjnych i badawczych po\u015bwi\u0119cona historii i rozwojowi kina jako formy sztuki i ga\u0142\u0119zi przemys\u0142u, prowadzona przez Akademi\u0119 Sztuki i Nauk Filmowych. Za\u0142o\u017cona w 1928 roku i obecnie mieszcz\u0105ca si\u0119 w Beverly Hills, biblioteka jest otwarta dla publiczno\u015bci po wcze\u015bniejszym um\u00f3wieniu i korzystaj\u0105 z niej przez ca\u0142y rok studenci, naukowcy, historycy i specjali\u015bci z bran\u017cy filmowej. Zbiory obejmuj\u0105 teczk\u0119 biograficzn\u0105 Victora Younga, zawieraj\u0105c\u0105 wycinki prasowe i fotografie, a tak\u017ce dokumentacj\u0119 produkcyjn\u0105 wielu film\u00f3w, do kt\u00f3rych skomponowa\u0142 muzyk\u0119, takich jak... <i>Nieproszeni<\/i> I <i>Dooko\u0142a \u015bwiata w 80 dni<\/i>.<ul><li><a href=\"https:\/\/www.oscars.org\/library\" target=\"_blank\" rel=\"noopener\">https:\/\/www.oscars.org\/library<\/a><\/li><\/ul><\/li><li><strong>Michael Moreno<\/strong>.  Gitarzysta jazzowy i kompozytor. Opr\u00f3cz komponowania i wykonywania muzyki, Michael prowadzi zaj\u0119cia na temat pochodzenia standard\u00f3w muzyki jazzowej wywodz\u0105cych si\u0119 ze \u015bwiata filmu, w tym utwor\u00f3w autorstwa Victora Younga, takich jak \u201eStella By Starlight\u201d i \u201eMy Foolish Heart\u201d. Utwory te mo\u017cna znale\u017a\u0107 na playli\u015bcie Spotify, a rozpoczynaj\u0105 si\u0119 one fragmentami dialog\u00f3w z film\u00f3w, co pozwala zrozumie\u0107 kontekst tych znanych motyw\u00f3w mi\u0142osnych.<ul><li><a href=\"http:\/\/www.mikemoreno.com\/\" target=\"_blank\" rel=\"noopener\">http:\/\/www.mikemoreno.com\/<\/a><\/li><\/ul><\/li><li><strong>Ron Seymour Photography<\/strong>.  Ron jest synem s\u0142ynnego chicagowskiego fotografa gwiazd, Maurice'a Seymoura, i kontynuuje jego dzie\u0142o. Maurice stworzy\u0142 wyj\u0105tkowy portret Victora Younga, wyr\u00f3\u017cniaj\u0105cy si\u0119 na tle jego bogatego dorobku, w kt\u00f3rym znajduj\u0105 si\u0119 portrety takich osobisto\u015bci jak Tommy Dorsey, Tony Bennett i Sylvia Sidney. Ten unikalny portret Younga zdobi ok\u0142adki wielu popularnych nut jego kompozycji, takich jak \u201eLove Is The Thing\u201d i \u201eCabin In The Cotton\u201d.<i>, <\/i>a nawet covery utwor\u00f3w innych kompozytor\u00f3w, kt\u00f3re pom\u00f3g\u0142 spopularyzowa\u0107, takich jak \u201eMood Indigo\u201d Duke'a Ellingtona.<i>.<\/i><ul><li><a href=\"https:\/\/ronseymour.com\/the-maurice-seymour-gallery\/\" target=\"_blank\" rel=\"noopener\">https:\/\/ronseymour.com\/the-maurice-seymour-gallery\/<\/a><\/li><\/ul><\/li><li><strong>Biblioteka UCLA<\/strong>.  Niniejsza kolekcja zawiera r\u0119kopi\u015bmienne szkice, partytury i nuty do kompozycji Victora Younga, stworzone na potrzeby program\u00f3w telewizyjnych takich jak \u201eMedic\u201d, \u201eThe Tony Martin Show\u201d (wykorzystuj\u0105ce materia\u0142y z programu \u201eTexaco Star Theater\u201d), a tak\u017ce do r\u00f3\u017cnych film\u00f3w i dla popularnych muzyk\u00f3w z lat 50. XX wieku.<ul><li><a href=\"https:\/\/oac.cdlib.org\/findaid\/ark:%2F13030%2Ftf796nb4d2\" target=\"_blank\" rel=\"noopener\">https:\/\/oac.cdlib.org\/findaid\/ark:%2F13030%2Ftf796nb4d2<\/a><\/li><\/ul><\/li><\/ul>\t\t\t\t\t\t\t\t<\/div>\n\t\t\t\t<\/div>\n\t\t\t\t\t<\/div>\n\t\t<\/div>\n\t\t\t\t\t<\/div>\n\t\t<\/section>\n\t\t\t\t<\/div>","protected":false},"excerpt":{"rendered":"<p>Types of Websites Linked to VictorYoung.com In the research stage of Mr. Young&#8217;s biography I have emailed, talked with, or otherwise connected with all kinds of people and organizations.\u00a0 Many of these have websites of their own and these are provided here, with a brief description, to follow up as you have interest. To visit [&hellip;]<\/p>\n","protected":false},"author":2,"featured_media":0,"parent":0,"menu_order":0,"comment_status":"closed","ping_status":"closed","template":"","meta":{"nf_dc_page":"","footnotes":""},"class_list":["post-2343","page","type-page","status-publish","hentry"],"_links":{"self":[{"href":"https:\/\/victoryoung.com\/pl\/wp-json\/wp\/v2\/pages\/2343","targetHints":{"allow":["GET"]}}],"collection":[{"href":"https:\/\/victoryoung.com\/pl\/wp-json\/wp\/v2\/pages"}],"about":[{"href":"https:\/\/victoryoung.com\/pl\/wp-json\/wp\/v2\/types\/page"}],"author":[{"embeddable":true,"href":"https:\/\/victoryoung.com\/pl\/wp-json\/wp\/v2\/users\/2"}],"replies":[{"embeddable":true,"href":"https:\/\/victoryoung.com\/pl\/wp-json\/wp\/v2\/comments?post=2343"}],"version-history":[{"count":5,"href":"https:\/\/victoryoung.com\/pl\/wp-json\/wp\/v2\/pages\/2343\/revisions"}],"predecessor-version":[{"id":3008,"href":"https:\/\/victoryoung.com\/pl\/wp-json\/wp\/v2\/pages\/2343\/revisions\/3008"}],"wp:attachment":[{"href":"https:\/\/victoryoung.com\/pl\/wp-json\/wp\/v2\/media?parent=2343"}],"curies":[{"name":"wp","href":"https:\/\/api.w.org\/{rel}","templated":true}]}}