{"id":2485,"date":"2025-12-16T15:26:17","date_gmt":"2025-12-16T23:26:17","guid":{"rendered":"https:\/\/victoryoung.com\/?page_id=2485"},"modified":"2025-12-20T09:16:37","modified_gmt":"2025-12-20T17:16:37","slug":"filmy","status":"publish","type":"page","link":"https:\/\/victoryoung.com\/pl\/filmy\/","title":{"rendered":"Filmy"},"content":{"rendered":"<div data-elementor-type=\"wp-page\" data-elementor-id=\"2485\" class=\"elementor elementor-2485\" data-elementor-post-type=\"page\">\n\t\t\t\t\t\t<section class=\"elementor-section elementor-top-section elementor-element elementor-element-178298ed elementor-section-height-min-height elementor-section-boxed elementor-section-height-default elementor-section-items-middle\" data-id=\"178298ed\" data-element_type=\"section\" data-e-type=\"section\" data-settings=\"{&quot;background_background&quot;:&quot;classic&quot;}\">\n\t\t\t\t\t\t\t<div class=\"elementor-background-overlay\"><\/div>\n\t\t\t\t\t\t\t<div class=\"elementor-container elementor-column-gap-no\">\n\t\t\t\t\t<div class=\"elementor-column elementor-col-100 elementor-top-column elementor-element elementor-element-4828f475\" data-id=\"4828f475\" data-element_type=\"column\" data-e-type=\"column\">\n\t\t\t<div class=\"elementor-widget-wrap elementor-element-populated\">\n\t\t\t\t\t\t<div class=\"elementor-element elementor-element-7c4922be elementor-widget-divider--view-line elementor-widget elementor-widget-divider\" data-id=\"7c4922be\" data-element_type=\"widget\" data-e-type=\"widget\" data-widget_type=\"divider.default\">\n\t\t\t\t<div class=\"elementor-widget-container\">\n\t\t\t\t\t\t\t<div class=\"elementor-divider\">\n\t\t\t<span class=\"elementor-divider-separator\">\n\t\t\t\t\t\t<\/span>\n\t\t<\/div>\n\t\t\t\t\t\t<\/div>\n\t\t\t\t<\/div>\n\t\t\t\t\t<\/div>\n\t\t<\/div>\n\t\t\t\t\t<\/div>\n\t\t<\/section>\n\t\t\t\t<section class=\"elementor-section elementor-top-section elementor-element elementor-element-34d8521f elementor-section-height-min-height elementor-section-boxed elementor-section-height-default elementor-section-items-middle\" data-id=\"34d8521f\" data-element_type=\"section\" data-e-type=\"section\" data-settings=\"{&quot;background_background&quot;:&quot;classic&quot;}\">\n\t\t\t\t\t\t<div class=\"elementor-container elementor-column-gap-no\">\n\t\t\t\t\t<div class=\"elementor-column elementor-col-100 elementor-top-column elementor-element elementor-element-5298c8ce\" data-id=\"5298c8ce\" data-element_type=\"column\" data-e-type=\"column\">\n\t\t\t<div class=\"elementor-widget-wrap elementor-element-populated\">\n\t\t\t\t\t\t<div class=\"elementor-element elementor-element-2c8b0605 elementor-widget elementor-widget-heading\" data-id=\"2c8b0605\" data-element_type=\"widget\" data-e-type=\"widget\" data-widget_type=\"heading.default\">\n\t\t\t\t<div class=\"elementor-widget-container\">\n\t\t\t\t\t<h2 class=\"elementor-heading-title elementor-size-default\">Muzyka filmowa skomponowana przez Victora Younga w latach 30., 40. i 50.<\/h2>\t\t\t\t<\/div>\n\t\t\t\t<\/div>\n\t\t\t\t<div class=\"elementor-element elementor-element-b0302a6 elementor-drop-cap-yes elementor-drop-cap-view-default elementor-widget elementor-widget-text-editor\" data-id=\"b0302a6\" data-element_type=\"widget\" data-e-type=\"widget\" data-settings=\"{&quot;drop_cap&quot;:&quot;yes&quot;}\" data-widget_type=\"text-editor.default\">\n\t\t\t\t<div class=\"elementor-widget-container\">\n\t\t\t\t\t\t\t\t\t<p>Je\u015bli chcieliby\u015bcie zacz\u0105\u0107 ogl\u0105da\u0107 filmy z muzyk\u0105 Victora Younga, poni\u017csza kr\u00f3tka lista zawiera cztery propozycje z ka\u017cdej dekady jego pracy w Hollywood. Wiele z nich jest dost\u0119pnych do wypo\u017cyczenia na YouTube i Amazonie. Linki do darmowych wersji na YouTube nie zosta\u0142y tutaj zamieszczone, poniewa\u017c cz\u0119sto ulegaj\u0105 zmianom lub s\u0105 usuwane.<\/p>\t\t\t\t\t\t\t\t<\/div>\n\t\t\t\t<\/div>\n\t\t\t\t\t<\/div>\n\t\t<\/div>\n\t\t\t\t\t<\/div>\n\t\t<\/section>\n\t\t\t\t<section class=\"elementor-section elementor-top-section elementor-element elementor-element-3dae88f elementor-section-boxed elementor-section-height-default elementor-section-height-default\" data-id=\"3dae88f\" data-element_type=\"section\" data-e-type=\"section\">\n\t\t\t\t\t\t<div class=\"elementor-container elementor-column-gap-default\">\n\t\t\t\t\t<div class=\"elementor-column elementor-col-100 elementor-top-column elementor-element elementor-element-f4a490c\" data-id=\"f4a490c\" data-element_type=\"column\" data-e-type=\"column\">\n\t\t\t<div class=\"elementor-widget-wrap elementor-element-populated\">\n\t\t\t\t\t\t<div class=\"elementor-element elementor-element-dcac636 elementor-widget elementor-widget-text-editor\" data-id=\"dcac636\" data-element_type=\"widget\" data-e-type=\"widget\" data-widget_type=\"text-editor.default\">\n\t\t\t\t<div class=\"elementor-widget-container\">\n\t\t\t\t\t\t\t\t\t<p><span style=\"text-decoration: underline;\"><strong>Filmy z lat 30<\/strong><\/span><\/p><ul><li class=\"translation-block\"><strong>Fatalna dama<\/strong> (1936). Kariera gwiazdy opery zostaje zagro\u017cona, gdy staje si\u0119 podejrzan\u0105 o morderstwo. W filmie pojawia si\u0119 popularna piosenka \u201eJe Vous Adore\u201d, kt\u00f3r\u0105 Young napisa\u0142 wsp\u00f3lnie z autorem tekst\u00f3w Samem Coslowem, a kt\u00f3ra dzi\u015b wydaje si\u0119 zapomniana.<\/li><li class=\"translation-block\"><strong>Wells Fargo<\/strong> (1937). Rozbudowana, fabularyzowana opowie\u015b\u0107 o powstaniu s\u0142ynnej firmy kurierskiej. Studio Paramount stworzy\u0142o 15-minutowy film kr\u00f3tkometra\u017cowy po\u015bwi\u0119cony muzyce do filmu, w kt\u00f3rym g\u0142\u00f3wne role odegrali m.in. Victor Young i Boris Morros.<\/li><li class=\"translation-block\"><strong>Odp\u0142yw (1937).<\/strong> Rozbitkowie trafiaj\u0105 w r\u0119ce religijnego fanatyka. To pierwszy z dw\u00f3ch film\u00f3w, kt\u00f3rych \u015bcie\u017cki d\u017awi\u0119kowe Victor Young, pod koniec swojej kariery, uzna\u0142 za swoje ulubione.  W filmie znalaz\u0142a si\u0119 popularna piosenka \u201eEbb Tide\u201d autorstwa Ralpha Raingera i Leo Robina.<\/li><li class=\"translation-block\"><strong>Dziewczyna z Salem<\/strong> (1937). M\u0142odzi kochankowie popadaj\u0105 w konflikt z represyjnym spo\u0142ecze\u0144stwem, gdy starsi mieszka\u0144cy Salem anga\u017cuj\u0105 si\u0119 w polowania na czarownice i procesy w XVII-wiecznym Massachusetts. To drugi z dw\u00f3ch film\u00f3w, kt\u00f3re Young pod koniec swojej kariery uzna\u0142 za swoje ulubione, je\u015bli chodzi o skomponowan\u0105 do nich muzyk\u0119.<\/li><\/ul><p><span style=\"text-decoration: underline;\"><strong>Filmy z lat 40<\/strong><\/span><\/p><ul><li class=\"translation-block\"><strong>Komu bije dzwon<\/strong> (1943). Amerykanin walczy w hiszpa\u0144skiej wojnie domowej i zakochuje si\u0119. To w\u0142a\u015bnie z tego filmu pochodzi popularna niegdy\u015b piosenka \u201eA Love Like This\u201d, kt\u00f3r\u0105 Young napisa\u0142 wsp\u00f3lnie z autorem tekst\u00f3w Nedem Washingtonem, a kt\u00f3ra dzi\u015b jest ju\u017c w du\u017cej mierze zapomniana. To jedna z najbardziej dramatycznych i rozmachowych kompozycji Younga, nominowana do Oscara w kategorii najlepsza muzyka do filmu dramatycznego lub komediowego.<\/li><\/ul><ul><li class=\"translation-block\"><strong>Niezaproszeni go\u015bcie<\/strong> (1944). Rodze\u0144stwo z Londynu kupuje opuszczon\u0105 nadmorsk\u0105 rezydencj\u0119 o mrocznej przesz\u0142o\u015bci. Film jest \u017ar\u00f3d\u0142em popularnej piosenki \u201eStella By Starlight\u201d, kt\u00f3r\u0105 Young napisa\u0142 wsp\u00f3lnie z autorem tekst\u00f3w Nedem Washingtonem, a kt\u00f3ra dzi\u015b uwa\u017cana jest za <span style=\"text-decoration: underline\">klasyk<\/span>. To pierwsza powa\u017cna<\/li><li class=\"translation-block\"><strong>Listy mi\u0142osne<\/strong> (1945). Ameryka\u0144ski \u017co\u0142nierz z czas\u00f3w II wojny \u015bwiatowej namawia swojego przyjaciela, aby pisa\u0142 za niego listy do domu, a po powrocie z wojny musi zmierzy\u0107 si\u0119 z konsekwencjami. Wed\u0142ug jednego ze \u017ar\u00f3de\u0142, motyw mi\u0142osny Victora, \u201eLove Letters\u201d, napisany wsp\u00f3lnie z autorem tekst\u00f3w Edem Heymanem, by\u0142 ulubion\u0105 piosenk\u0105 powracaj\u0105cych z wojny \u017co\u0142nierzy, zosta\u0142 nominowany do nagrody za najlepsz\u0105 oryginaln\u0105 piosenk\u0119 i jest dzi\u015b uwa\u017cany za <span style=\"text-decoration: underline\">klasyk<\/span>.<\/li><li class=\"translation-block\"><strong>I Walk Alone<\/strong> (1947). Gangster powraca z wi\u0119zienia i zastaje zmienione miasto oraz nowe zasady prowadzenia interes\u00f3w. \u015acie\u017cka d\u017awi\u0119kowa obfituje w znane popularne melodie, wykonywane przez orkiestr\u0119 lub piosenkark\u0119. Co ciekawe, Young skomponowa\u0142 w\u0142asny motyw mi\u0142osny, kt\u00f3ry pojawia si\u0119 za ka\u017cdym razem, gdy Lizabeth Scott i Burt Lancaster s\u0105 sami.<\/li><\/ul><p><span style=\"text-decoration: underline;\"><strong>Filmy z lat 50<\/strong><\/span><\/p><ul><li class=\"translation-block\"><strong>One Minute To Zero<\/strong> (1952). Idealistyczny urz\u0119dnik ONZ zderza si\u0119 z brutaln\u0105 rzeczywisto\u015bci\u0105 na pocz\u0105tku wojny korea\u0144skiej i zakochuje si\u0119 w oficerze odpowiedzialnym za ewakuacj\u0119 ludno\u015bci cywilnej. Film jest \u017ar\u00f3d\u0142em popularnej piosenki \u201eWhen I Fall In Love\u201d, napisanej wsp\u00f3lnie z autorem tekst\u00f3w Edem Heymanem, uwa\u017canej dzi\u015b za <span style=\"text-decoration: underline\">klasyk<\/span>.<\/li><li class=\"translation-block\"><strong>Shane<\/strong> (1953). Prze\u0142omowy western, w kt\u00f3rym hodowcy byd\u0142a i nowi osadnicy walcz\u0105 o ziemi\u0119; przez wielu uwa\u017cany za najlepszy western w historii kina. W roli g\u0142\u00f3wnej wyst\u0105pi\u0142 Alan Ladd. Motyw muzyczny z filmu \u201eShane\u201d (\u201eThe Call Of The Faraway Hills\u201d, skomponowany wsp\u00f3lnie z autorem tekst\u00f3w Mackiem Davidem) jest dzi\u015b w du\u017cej mierze zapomniany, ale cz\u0119sto rozbrzmiewa\u0142 w domu Ladda i zosta\u0142 zagrany na jego pogrzebie. Sam Ladd cz\u0119sto wymienia\u0142 rol\u0119 w \u201eShane\u201d jako swoj\u0105 ulubion\u0105.<\/li><li class=\"translation-block\"><strong>Strategic Air Command<\/strong> (1955). Porywaj\u0105cy, epicki film z okresu zimnej wojny o rozwoju ameryka\u0144skiego lotnictwa, z udzia\u0142em prawdziwego pilota bombowca z II wojny \u015bwiatowej, Jimmy'ego Stewarta. Motyw mi\u0142osny z filmu sta\u0142 si\u0119 popularn\u0105 piosenk\u0105 \u201eThe World Is Mine\u201d, napisan\u0105 wsp\u00f3lnie z autorem tekst\u00f3w Stanleyem Adamsem, kt\u00f3ra dzi\u015b jest ju\u017c w du\u017cej mierze zapomniana.  Film jest r\u00f3wnie\u017c \u017ar\u00f3d\u0142em porywaj\u0105cego marsza \u201eThe Air Force Takes Command\u201d, skomponowanego wsp\u00f3lnie z Nedem Washingtonem i majorem Tommy Thomson Jr.<\/li><li class=\"translation-block\"><strong>Run Of The Arrow<\/strong> (1957).  Wstrz\u0105saj\u0105ca opowie\u015b\u0107 o weteranie wojny secesyjnej, kt\u00f3ry pr\u00f3buje uciec przed swoj\u0105 przesz\u0142o\u015bci\u0105 na niespokojnym Dzikim Zachodzie, ale przekonuje si\u0119, \u017ce nie da si\u0119 unikn\u0105\u0107 trwaj\u0105cego konfliktu z rdzennymi Amerykanami. Muzyka do filmu, skomponowana dla producenta, scenarzysty i re\u017cysera Samuela Fullera, by\u0142a przedostatni\u0105 pe\u0142n\u0105 \u015bcie\u017ck\u0105 d\u017awi\u0119kow\u0105 Victora Younga.<\/li><\/ul>\t\t\t\t\t\t\t\t<\/div>\n\t\t\t\t<\/div>\n\t\t\t\t\t<\/div>\n\t\t<\/div>\n\t\t\t\t\t<\/div>\n\t\t<\/section>\n\t\t\t\t<\/div>","protected":false},"excerpt":{"rendered":"<p>Motion Pictures Scored By Victor Young From The 1930s, 40s, and 50s If you would like to begin watching films scored by Victor Young, this short list presents four choices from each decade that he worked in Hollywood.\u00a0 Many are available for rent on YouTube and Amazon.\u00a0 Links to free versions on YouTube are not [&hellip;]<\/p>\n","protected":false},"author":2,"featured_media":0,"parent":0,"menu_order":0,"comment_status":"closed","ping_status":"closed","template":"","meta":{"nf_dc_page":"","footnotes":""},"class_list":["post-2485","page","type-page","status-publish","hentry"],"_links":{"self":[{"href":"https:\/\/victoryoung.com\/pl\/wp-json\/wp\/v2\/pages\/2485","targetHints":{"allow":["GET"]}}],"collection":[{"href":"https:\/\/victoryoung.com\/pl\/wp-json\/wp\/v2\/pages"}],"about":[{"href":"https:\/\/victoryoung.com\/pl\/wp-json\/wp\/v2\/types\/page"}],"author":[{"embeddable":true,"href":"https:\/\/victoryoung.com\/pl\/wp-json\/wp\/v2\/users\/2"}],"replies":[{"embeddable":true,"href":"https:\/\/victoryoung.com\/pl\/wp-json\/wp\/v2\/comments?post=2485"}],"version-history":[{"count":5,"href":"https:\/\/victoryoung.com\/pl\/wp-json\/wp\/v2\/pages\/2485\/revisions"}],"predecessor-version":[{"id":3005,"href":"https:\/\/victoryoung.com\/pl\/wp-json\/wp\/v2\/pages\/2485\/revisions\/3005"}],"wp:attachment":[{"href":"https:\/\/victoryoung.com\/pl\/wp-json\/wp\/v2\/media?parent=2485"}],"curies":[{"name":"wp","href":"https:\/\/api.w.org\/{rel}","templated":true}]}}