{"id":278,"date":"2020-09-11T02:58:08","date_gmt":"2020-09-11T02:58:08","guid":{"rendered":"http:\/\/victoryoung.com\/testimonial\/"},"modified":"2025-12-22T13:59:29","modified_gmt":"2025-12-22T21:59:29","slug":"biografie","status":"publish","type":"page","link":"https:\/\/victoryoung.com\/pl\/biografie\/","title":{"rendered":"Biografie"},"content":{"rendered":"<div data-elementor-type=\"wp-page\" data-elementor-id=\"278\" class=\"elementor elementor-278\" data-elementor-post-type=\"page\">\n\t\t\t\t\t\t<section class=\"elementor-section elementor-top-section elementor-element elementor-element-034a199 elementor-section-height-min-height elementor-section-boxed elementor-section-height-default elementor-section-items-middle\" data-id=\"034a199\" data-element_type=\"section\" data-e-type=\"section\" data-settings=\"{&quot;background_background&quot;:&quot;classic&quot;}\">\n\t\t\t\t\t\t\t<div class=\"elementor-background-overlay\"><\/div>\n\t\t\t\t\t\t\t<div class=\"elementor-container elementor-column-gap-no\">\n\t\t\t\t\t<div class=\"elementor-column elementor-col-100 elementor-top-column elementor-element elementor-element-3f16b53\" data-id=\"3f16b53\" data-element_type=\"column\" data-e-type=\"column\">\n\t\t\t<div class=\"elementor-widget-wrap elementor-element-populated\">\n\t\t\t\t\t\t<div class=\"elementor-element elementor-element-48255a3 elementor-widget-divider--view-line elementor-widget elementor-widget-divider\" data-id=\"48255a3\" data-element_type=\"widget\" data-e-type=\"widget\" data-widget_type=\"divider.default\">\n\t\t\t\t<div class=\"elementor-widget-container\">\n\t\t\t\t\t\t\t<div class=\"elementor-divider\">\n\t\t\t<span class=\"elementor-divider-separator\">\n\t\t\t\t\t\t<\/span>\n\t\t<\/div>\n\t\t\t\t\t\t<\/div>\n\t\t\t\t<\/div>\n\t\t\t\t\t<\/div>\n\t\t<\/div>\n\t\t\t\t\t<\/div>\n\t\t<\/section>\n\t\t\t\t<section class=\"elementor-section elementor-top-section elementor-element elementor-element-ae0e712 elementor-section-content-middle elementor-section-boxed elementor-section-height-default elementor-section-height-default\" data-id=\"ae0e712\" data-element_type=\"section\" data-e-type=\"section\" data-settings=\"{&quot;background_background&quot;:&quot;classic&quot;}\">\n\t\t\t\t\t\t<div class=\"elementor-container elementor-column-gap-no\">\n\t\t\t\t\t<div class=\"elementor-column elementor-col-50 elementor-top-column elementor-element elementor-element-7791fbf\" data-id=\"7791fbf\" data-element_type=\"column\" data-e-type=\"column\">\n\t\t\t<div class=\"elementor-widget-wrap elementor-element-populated\">\n\t\t\t\t\t\t<div class=\"elementor-element elementor-element-e941ea6 elementor-widget elementor-widget-image\" data-id=\"e941ea6\" data-element_type=\"widget\" data-e-type=\"widget\" data-widget_type=\"image.default\">\n\t\t\t\t<div class=\"elementor-widget-container\">\n\t\t\t\t\t\t\t\t\t\t\t\t\t\t\t<img fetchpriority=\"high\" decoding=\"async\" width=\"500\" height=\"648\" src=\"https:\/\/victoryoung.com\/wp-content\/uploads\/2022\/08\/victoryoungbiog.png\" class=\"attachment-full size-full wp-image-463\" alt=\"victor young portrait\" srcset=\"https:\/\/victoryoung.com\/wp-content\/uploads\/2022\/08\/victoryoungbiog.png 500w, https:\/\/victoryoung.com\/wp-content\/uploads\/2022\/08\/victoryoungbiog-231x300.png 231w\" sizes=\"(max-width: 500px) 100vw, 500px\" \/>\t\t\t\t\t\t\t\t\t\t\t\t\t\t\t<\/div>\n\t\t\t\t<\/div>\n\t\t\t\t<section class=\"elementor-section elementor-inner-section elementor-element elementor-element-c97470a elementor-section-boxed elementor-section-height-default elementor-section-height-default\" data-id=\"c97470a\" data-element_type=\"section\" data-e-type=\"section\">\n\t\t\t\t\t\t<div class=\"elementor-container elementor-column-gap-no\">\n\t\t\t\t\t<div class=\"elementor-column elementor-col-100 elementor-inner-column elementor-element elementor-element-97619f6\" data-id=\"97619f6\" data-element_type=\"column\" data-e-type=\"column\" data-settings=\"{&quot;background_background&quot;:&quot;classic&quot;}\">\n\t\t\t<div class=\"elementor-widget-wrap elementor-element-populated\">\n\t\t\t\t\t\t<div class=\"elementor-element elementor-element-f1dc735 elementor-widget elementor-widget-testimonial\" data-id=\"f1dc735\" data-element_type=\"widget\" data-e-type=\"widget\" data-widget_type=\"testimonial.default\">\n\t\t\t\t<div class=\"elementor-widget-container\">\n\t\t\t\t\t\t\t<div class=\"elementor-testimonial-wrapper\">\n\t\t\t\t\t\t\t<div class=\"elementor-testimonial-content\">Urodzi\u0142 si\u0119 w Chicago, a wykszta\u0142cenie klasyczne zdoby\u0142 w Polsce. Pracowa\u0142 w Nowym Jorku, Chicago i Hollywood.<\/div>\n\t\t\t\n\t\t\t\t\t<\/div>\n\t\t\t\t\t\t<\/div>\n\t\t\t\t<\/div>\n\t\t\t\t\t<\/div>\n\t\t<\/div>\n\t\t\t\t\t<\/div>\n\t\t<\/section>\n\t\t\t\t\t<\/div>\n\t\t<\/div>\n\t\t\t\t<div class=\"elementor-column elementor-col-50 elementor-top-column elementor-element elementor-element-922da3e\" data-id=\"922da3e\" data-element_type=\"column\" data-e-type=\"column\">\n\t\t\t<div class=\"elementor-widget-wrap elementor-element-populated\">\n\t\t\t\t\t\t<div class=\"elementor-element elementor-element-34eb80a elementor-widget elementor-widget-heading\" data-id=\"34eb80a\" data-element_type=\"widget\" data-e-type=\"widget\" data-widget_type=\"heading.default\">\n\t\t\t\t<div class=\"elementor-widget-container\">\n\t\t\t\t\t<h1 class=\"elementor-heading-title elementor-size-default\">\u201eSko\u0144czy\u0142em z sztuk\u0105\u201d: Niezwyk\u0142e \u017cycie i muzyka Victora Younga<\/h1>\t\t\t\t<\/div>\n\t\t\t\t<\/div>\n\t\t\t\t<div class=\"elementor-element elementor-element-2548570 elementor-widget elementor-widget-heading\" data-id=\"2548570\" data-element_type=\"widget\" data-e-type=\"widget\" data-widget_type=\"heading.default\">\n\t\t\t\t<div class=\"elementor-widget-container\">\n\t\t\t\t\t<h3 class=\"elementor-heading-title elementor-size-default\">BIOGRAFIE<\/h3>\t\t\t\t<\/div>\n\t\t\t\t<\/div>\n\t\t\t\t<div class=\"elementor-element elementor-element-9ec78f1 elementor-widget-divider--view-line elementor-widget elementor-widget-divider\" data-id=\"9ec78f1\" data-element_type=\"widget\" data-e-type=\"widget\" data-widget_type=\"divider.default\">\n\t\t\t\t<div class=\"elementor-widget-container\">\n\t\t\t\t\t\t\t<div class=\"elementor-divider\">\n\t\t\t<span class=\"elementor-divider-separator\">\n\t\t\t\t\t\t<\/span>\n\t\t<\/div>\n\t\t\t\t\t\t<\/div>\n\t\t\t\t<\/div>\n\t\t\t\t<div class=\"elementor-element elementor-element-22e57d3 elementor-drop-cap-yes elementor-drop-cap-view-default elementor-widget elementor-widget-text-editor\" data-id=\"22e57d3\" data-element_type=\"widget\" data-e-type=\"widget\" data-settings=\"{&quot;drop_cap&quot;:&quot;yes&quot;}\" data-widget_type=\"text-editor.default\">\n\t\t\t\t<div class=\"elementor-widget-container\">\n\t\t\t\t\t\t\t\t\t<p>Kr\u00f3tkie biografie online, o r\u00f3\u017cnym stopniu szczeg\u00f3\u0142owo\u015bci, mo\u017cna znale\u017a\u0107 w poni\u017cszych linkach.  Informacje w nich zawarte w du\u017cej mierze si\u0119 zgadzaj\u0105, nawet tam, gdzie wkrad\u0142y si\u0119 b\u0142\u0119dy w zapisach historycznych. Na przyk\u0142ad, urodzi\u0142 si\u0119 w Chicago 8 sierpnia 1899 roku, a nie w 1900, 1901 czy 1902 roku, na samym ko\u0144cu XIX wieku.  Przeznaczony do bycia fenomenaln\u0105 si\u0142\u0105 tw\u00f3rcz\u0105 w XX wieku, Young najwyra\u017aniej fa\u0142szowa\u0142 dat\u0119 swojego urodzenia w wi\u0119kszo\u015bci \u017ar\u00f3de\u0142, podaj\u0105c rok 1900, aby \u2013 jak przypuszczam \u2013 kojarzy\u0107 si\u0119 z now\u0105 er\u0105, a nie ze star\u0105. By\u0107 mo\u017ce jego zami\u0142owanie do innowacji i nowo\u015bci sprawi\u0142o, \u017ce porzuci\u0142 klasyczne wykszta\u0142cenie muzyczne jako solista skrzypcowy, aby przeciera\u0107 szlaki w Z\u0142otej Erze hollywoodzkiej muzyki filmowej i pisania popularnych piosenek. Do czasu swojej nag\u0142ej \u015bmierci w 1956 roku pozostawi\u0142 po sobie dziedzictwo muzyczne, kt\u00f3re wystarczy\u0142oby na kilka \u017cy\u0107, komponuj\u0105c muzyk\u0119 nie tylko do film\u00f3w, ale tak\u017ce do program\u00f3w radiowych, przedstawie\u0144 teatralnych, wydarze\u0144 specjalnych i nagra\u0144 m\u00f3wionych. To w\u0142a\u015bnie to niesamowite \u017cycie pe\u0142ne muzycznych przyg\u00f3d odkryjemy i zbadamy razem, gdy sko\u0144cz\u0119 pisa\u0107 jego biografi\u0119.<\/p><p><strong>\u00a0 \u00a0 \u00a0 \u00a0 \u00a0 \u00a0 \u00a0 \u00a0 \u00a0 \u00a0 \u00a0 \u00a0 \u00a0 \u00a0 \u00a0 \u00a0 \u00a0 \u00a0 \u00a0 \u00a0<\/strong><\/p>\t\t\t\t\t\t\t\t<\/div>\n\t\t\t\t<\/div>\n\t\t\t\t\t<\/div>\n\t\t<\/div>\n\t\t\t\t\t<\/div>\n\t\t<\/section>\n\t\t\t\t<section class=\"elementor-section elementor-top-section elementor-element elementor-element-9b6a6a0 elementor-section-boxed elementor-section-height-default elementor-section-height-default\" data-id=\"9b6a6a0\" data-element_type=\"section\" data-e-type=\"section\" data-settings=\"{&quot;background_background&quot;:&quot;classic&quot;}\">\n\t\t\t\t\t\t<div class=\"elementor-container elementor-column-gap-default\">\n\t\t\t\t\t<div class=\"elementor-column elementor-col-100 elementor-top-column elementor-element elementor-element-ac32535\" data-id=\"ac32535\" data-element_type=\"column\" data-e-type=\"column\">\n\t\t\t<div class=\"elementor-widget-wrap elementor-element-populated\">\n\t\t\t\t\t\t<div class=\"elementor-element elementor-element-ec328f7 elementor-drop-cap-yes elementor-drop-cap-view-default elementor-widget elementor-widget-text-editor\" data-id=\"ec328f7\" data-element_type=\"widget\" data-e-type=\"widget\" data-settings=\"{&quot;drop_cap&quot;:&quot;yes&quot;}\" data-widget_type=\"text-editor.default\">\n\t\t\t\t<div class=\"elementor-widget-container\">\n\t\t\t\t\t\t\t\t\t<p>W chwili moich narodzin Victor Young nie \u017cy\u0142 ju\u017c od kilku lat. Jego oddani wsp\u00f3\u0142pracownicy wydawali ho\u0142dy muzyczne ku jego pami\u0119ci, ale bran\u017ca zmierza\u0142a ju\u017c w kierunku bardziej \u201edynamicznych\u201d metod komponowania muzyki filmowej, w kt\u00f3rych dominowa\u0142y gitary elektryczne, klawesyny i bongosy. Klasyczne partytury w rozmachowym, orkiestrowym stylu, kt\u00f3rego Young by\u0142 uosobieniem, cieszy\u0142y si\u0119 mniejszym zainteresowaniem. W ci\u0105gu sze\u015bciu dekad od jego \u015bmierci ci, kt\u00f3rzy znali go najlepiej, znaj\u0105cy bran\u017c\u0119 i sam\u0105 kompozycj\u0119 muzyczn\u0105, nigdy nie znale\u017ali czasu na napisanie obszernej biografii, kt\u00f3rej wszyscy tak bardzo pragn\u0119li\u015bmy. Zach\u0119cony przez cz\u0142onk\u00f3w jego rodziny i kilku poznanych polskich muzyk\u00f3w, podj\u0105\u0142em si\u0119 tego wyzwania w skromny, ale skoncentrowany spos\u00f3b, poniewa\u017c zakocha\u0142em si\u0119 w jego muzyce, a konkretnie w utworze \u201eStella by Starlight\u201d, i chc\u0119 zwr\u00f3ci\u0107 wi\u0119ksz\u0105 uwag\u0119 na jego ogromne osi\u0105gni\u0119cia.<\/p><p>Po raz pierwszy us\u0142ysza\u0142em utw\u00f3r \u201eStella\u201d w 1983 roku podczas ogl\u0105dania... <em>Nieproszeni<\/em> Ogl\u0105da\u0142em programy w p\u00f3\u017anych godzinach nocnych, robi\u0105c sobie przerw\u0119 od studiowania mechaniki kwantowej. M\u00f3j promotor pracy magisterskiej z chemii nauczy\u0142 mnie, jak prowadzi\u0107 badania, i t\u0119 dyscyplin\u0119 i metod\u0119 wykorzystuj\u0119 do odkrywania niesamowitego \u017cycia i tw\u00f3rczo\u015bci pana Younga, a w szczeg\u00f3lno\u015bci do na\u015bwietlenia tych drobnych szczeg\u00f3\u0142\u00f3w, kt\u00f3re by\u0142y cz\u0119\u015bci\u0105 jego wyj\u0105tkowej przygody, a kt\u00f3re tak bardzo lubi\u0119 czyta\u0107 w biografiach. Je\u015bli jaki\u015b przysz\u0142y czytelnik zainspiruje si\u0119, by p\u00f3j\u015b\u0107 w \u015blady Younga, pracowa\u0107 ci\u0119\u017cej nad realizacj\u0105 w\u0142asnych marze\u0144, dog\u0142\u0119bniej zbada\u0107 techniczne aspekty jego tw\u00f3rczo\u015bci lub odkry\u0107 nieznany dot\u0105d utw\u00f3r muzyczny Younga, tym lepiej. Wtedy m\u00f3j cel, jaki postawi\u0142em sobie pisz\u0105c t\u0119 \u200b\u200bbiografi\u0119, zostanie osi\u0105gni\u0119ty.<\/p>\t\t\t\t\t\t\t\t<\/div>\n\t\t\t\t<\/div>\n\t\t\t\t<div class=\"elementor-element elementor-element-03522da elementor-widget elementor-widget-text-editor\" data-id=\"03522da\" data-element_type=\"widget\" data-e-type=\"widget\" data-widget_type=\"text-editor.default\">\n\t\t\t\t<div class=\"elementor-widget-container\">\n\t\t\t\t\t\t\t\t\t<p><strong>LINKI<\/strong><\/p><p><span style=\"background-color: transparent;\">- Galeria S\u0142aw Piosenkarzy <\/span><span style=\"background-color: transparent; color: #ff242c;\"><a style=\"color: #ff242c;\" href=\"https:\/\/www.songhall.org\/profile\/Victor_Young\" target=\"_blank\" rel=\"noopener\">(Victor Young | Songwriters Hall of Fame (songhall.org))<\/a><\/span><\/p><p><span style=\"background-color: transparent;\">- IMDB <\/span><span style=\"background-color: transparent; color: #ff242c;\"><a style=\"color: #ff242c;\" href=\"https:\/\/www.imdb.com\/name\/nm0000082\/\" target=\"_blank\" rel=\"noopener\">(Victor Young - IMDb)<\/a><\/span><\/p><p><span style=\"background-color: transparent;\">- Standardy jazzowe <\/span><a href=\"https:\/\/www.jazzstandards.com\/biographies\/biography_126.htm\" target=\"_blank\" rel=\"noopener\"><span style=\"color: #ff242c;\">(Victor Young Biography (jazzstandards.com))<\/span><\/a><\/p><p><span style=\"background-color: transparent;\">- Wikipedia<\/span><a href=\"https:\/\/en.wikipedia.org\/wiki\/Victor_Young\" target=\"_blank\" rel=\"noopener\"><span style=\"color: #ff242c;\"> (Victor Young - Wikipedia)<\/span><\/a><\/p><p><span style=\"background-color: transparent;\">- Leonard Maltin <\/span><a title=\"Od Samsona do Shane&#039;a: niedoceniony Victor Young\" href=\"https:\/\/leonardmaltin.com\/from-samson-to-shane-the-unsung-victor-young\/\" target=\"_blank\" rel=\"noopener\"><span style=\"color: #ff242c;\">(http:\/\/leonardmaltin.com\/from-samson-to-shane-the-unsung-victor-young\/)<\/span><\/a><\/p><p><span style=\"background-color: transparent;\">- MusicianBio <\/span><a style=\"background-color: #f4f4f4;\" href=\"https:\/\/musicianbio.org\/victor-young\/\" target=\"_blank\" rel=\"noopener\"><span style=\"color: #ff242c;\">(Victor Young Bio, Wiki 2017 - Biografie muzyk\u00f3w)<\/span><\/a><\/p><p><span style=\"background-color: transparent;\">- Soundtrack Magazine <\/span><span style=\"background-color: transparent; color: #ff0000;\"><a style=\"color: #ff0000;\" href=\"https:\/\/musicianbio.org\/victor-young\/\" target=\"_blank\" rel=\"noopener\">(<\/a><a style=\"color: #ff0000;\" title=\"Esej biograficzny autorstwa Dirka Wickendena\" href=\"https:\/\/cinescores.dudaone.com\/victor-young-1\" target=\"_blank\" rel=\"noopener\">Esej biograficzny autorstwa Dirka Wickendena<\/a>)<\/span><\/p><p><span style=\"background-color: transparent;\">- Centrum Cinescores <\/span><span style=\"background-color: transparent; color: #ff0000;\">(<a style=\"color: #ff0000;\" href=\"https:\/\/cinescores.dudaone.com\/confessions-of-a-film-composer\" target=\"_blank\" rel=\"noopener\">Wyznania kompozytora filmowego autorstwa Victora Younga<\/a>)<\/span><\/p>\t\t\t\t\t\t\t\t<\/div>\n\t\t\t\t<\/div>\n\t\t\t\t\t<\/div>\n\t\t<\/div>\n\t\t\t\t\t<\/div>\n\t\t<\/section>\n\t\t\t\t<\/div>","protected":false},"excerpt":{"rendered":"<p>Born In Chicago and Classically Educated in Poland, He Worked in New York, Chicago, and Hollywood. \u2018I\u2019m Done With Art:\u2019 The Incredible Life And Music Of Victor Young BIOGRAPHIES Short online biographies of varying detail can be found in the Links below. These agree quite well, even where errors have crept into the historical record. [&hellip;]<\/p>\n","protected":false},"author":2,"featured_media":0,"parent":0,"menu_order":0,"comment_status":"closed","ping_status":"closed","template":"","meta":{"nf_dc_page":"","footnotes":""},"class_list":["post-278","page","type-page","status-publish","hentry"],"_links":{"self":[{"href":"https:\/\/victoryoung.com\/pl\/wp-json\/wp\/v2\/pages\/278","targetHints":{"allow":["GET"]}}],"collection":[{"href":"https:\/\/victoryoung.com\/pl\/wp-json\/wp\/v2\/pages"}],"about":[{"href":"https:\/\/victoryoung.com\/pl\/wp-json\/wp\/v2\/types\/page"}],"author":[{"embeddable":true,"href":"https:\/\/victoryoung.com\/pl\/wp-json\/wp\/v2\/users\/2"}],"replies":[{"embeddable":true,"href":"https:\/\/victoryoung.com\/pl\/wp-json\/wp\/v2\/comments?post=278"}],"version-history":[{"count":5,"href":"https:\/\/victoryoung.com\/pl\/wp-json\/wp\/v2\/pages\/278\/revisions"}],"predecessor-version":[{"id":3116,"href":"https:\/\/victoryoung.com\/pl\/wp-json\/wp\/v2\/pages\/278\/revisions\/3116"}],"wp:attachment":[{"href":"https:\/\/victoryoung.com\/pl\/wp-json\/wp\/v2\/media?parent=278"}],"curies":[{"name":"wp","href":"https:\/\/api.w.org\/{rel}","templated":true}]}}