{"id":348,"date":"2020-09-09T11:49:05","date_gmt":"2020-09-09T11:49:05","guid":{"rendered":"http:\/\/victoryoung.com\/home\/"},"modified":"2025-12-22T10:14:59","modified_gmt":"2025-12-22T18:14:59","slug":"home","status":"publish","type":"page","link":"https:\/\/victoryoung.com\/pl\/","title":{"rendered":"Strona g\u0142\u00f3wna"},"content":{"rendered":"<div data-elementor-type=\"wp-page\" data-elementor-id=\"348\" class=\"elementor elementor-348\" data-elementor-post-type=\"page\">\n\t\t\t\t\t\t<section class=\"elementor-section elementor-top-section elementor-element elementor-element-6d28695 elementor-section-content-bottom elementor-section-height-min-height elementor-section-boxed elementor-section-height-default elementor-section-items-middle\" data-id=\"6d28695\" data-element_type=\"section\" data-e-type=\"section\" data-settings=\"{&quot;background_background&quot;:&quot;classic&quot;}\">\n\t\t\t\t\t\t\t<div class=\"elementor-background-overlay\"><\/div>\n\t\t\t\t\t\t\t<div class=\"elementor-container elementor-column-gap-no\">\n\t\t\t\t\t<div class=\"elementor-column elementor-col-50 elementor-top-column elementor-element elementor-element-aa1adfa\" data-id=\"aa1adfa\" data-element_type=\"column\" data-e-type=\"column\">\n\t\t\t<div class=\"elementor-widget-wrap elementor-element-populated\">\n\t\t\t\t\t\t<div class=\"elementor-element elementor-element-c80b990 elementor-widget__width-initial elementor-widget elementor-widget-heading\" data-id=\"c80b990\" data-element_type=\"widget\" data-e-type=\"widget\" data-widget_type=\"heading.default\">\n\t\t\t\t<div class=\"elementor-widget-container\">\n\t\t\t\t\t<h2 class=\"elementor-heading-title elementor-size-default\">Po\u015bwi\u0119cony promowaniu<\/h2>\t\t\t\t<\/div>\n\t\t\t\t<\/div>\n\t\t\t\t<div class=\"elementor-element elementor-element-aaa16c6 elementor-widget elementor-widget-heading\" data-id=\"aaa16c6\" data-element_type=\"widget\" data-e-type=\"widget\" data-widget_type=\"heading.default\">\n\t\t\t\t<div class=\"elementor-widget-container\">\n\t\t\t\t\t<h1 class=\"elementor-heading-title elementor-size-default\">Dziedzictwo niezr\u00f3wnanego Victora Younga.<\/h1>\t\t\t\t<\/div>\n\t\t\t\t<\/div>\n\t\t\t\t<div class=\"elementor-element elementor-element-acf732d elementor-widget-divider--view-line elementor-widget elementor-widget-divider\" data-id=\"acf732d\" data-element_type=\"widget\" data-e-type=\"widget\" data-widget_type=\"divider.default\">\n\t\t\t\t<div class=\"elementor-widget-container\">\n\t\t\t\t\t\t\t<div class=\"elementor-divider\">\n\t\t\t<span class=\"elementor-divider-separator\">\n\t\t\t\t\t\t<\/span>\n\t\t<\/div>\n\t\t\t\t\t\t<\/div>\n\t\t\t\t<\/div>\n\t\t\t\t<div class=\"elementor-element elementor-element-cf1e7d2 elementor-list-item-link-inline elementor-align-start elementor-mobile-align-center elementor-widget__width-initial elementor-icon-list--layout-traditional elementor-widget elementor-widget-icon-list\" data-id=\"cf1e7d2\" data-element_type=\"widget\" data-e-type=\"widget\" data-widget_type=\"icon-list.default\">\n\t\t\t\t<div class=\"elementor-widget-container\">\n\t\t\t\t\t\t\t<ul class=\"elementor-icon-list-items\">\n\t\t\t\t\t\t\t<li class=\"elementor-icon-list-item\">\n\t\t\t\t\t\t\t\t\t\t\t<a href=\"#intro\">\n\n\t\t\t\t\t\t\t\t\t\t\t\t<span class=\"elementor-icon-list-icon\">\n\t\t\t\t\t\t\t<i aria-hidden=\"true\" class=\"fas fa-angle-down\"><\/i>\t\t\t\t\t\t<\/span>\n\t\t\t\t\t\t\t\t\t\t<span class=\"elementor-icon-list-text\">Przewi\u0144 w d\u00f3\u0142 ...<\/span>\n\t\t\t\t\t\t\t\t\t\t\t<\/a>\n\t\t\t\t\t\t\t\t\t<\/li>\n\t\t\t\t\t\t<\/ul>\n\t\t\t\t\t\t<\/div>\n\t\t\t\t<\/div>\n\t\t\t\t\t<\/div>\n\t\t<\/div>\n\t\t\t\t<div class=\"elementor-column elementor-col-50 elementor-top-column elementor-element elementor-element-e29f613\" data-id=\"e29f613\" data-element_type=\"column\" data-e-type=\"column\">\n\t\t\t<div class=\"elementor-widget-wrap elementor-element-populated\">\n\t\t\t\t\t\t<div class=\"elementor-element elementor-element-cb9e01d elementor-align-center elementor-widget elementor-widget-button\" data-id=\"cb9e01d\" data-element_type=\"widget\" data-e-type=\"widget\" data-widget_type=\"button.default\">\n\t\t\t\t<div class=\"elementor-widget-container\">\n\t\t\t\t\t\t\t\t\t<div class=\"elementor-button-wrapper\">\n\t\t\t\t\t<a class=\"elementor-button elementor-button-link elementor-size-sm\" href=\"https:\/\/victoryoung.com\/pl\/newsletter\/\">\n\t\t\t\t\t\t<span class=\"elementor-button-content-wrapper\">\n\t\t\t\t\t\t\t\t\t<span class=\"elementor-button-text\">ZAPISZ SI\u0118 DO NEWSLETTERA<\/span>\n\t\t\t\t\t<\/span>\n\t\t\t\t\t<\/a>\n\t\t\t\t<\/div>\n\t\t\t\t\t\t\t\t<\/div>\n\t\t\t\t<\/div>\n\t\t\t\t\t<\/div>\n\t\t<\/div>\n\t\t\t\t\t<\/div>\n\t\t<\/section>\n\t\t\t\t<section class=\"elementor-section elementor-top-section elementor-element elementor-element-56e9315 elementor-section-boxed elementor-section-height-default elementor-section-height-default\" data-id=\"56e9315\" data-element_type=\"section\" data-e-type=\"section\" id=\"intro\" data-settings=\"{&quot;background_background&quot;:&quot;classic&quot;}\">\n\t\t\t\t\t\t<div class=\"elementor-container elementor-column-gap-no\">\n\t\t\t\t\t<div class=\"elementor-column elementor-col-100 elementor-top-column elementor-element elementor-element-14c10ef\" data-id=\"14c10ef\" data-element_type=\"column\" data-e-type=\"column\">\n\t\t\t<div class=\"elementor-widget-wrap elementor-element-populated\">\n\t\t\t\t\t\t<div class=\"elementor-element elementor-element-c2e9f40 elementor-widget elementor-widget-heading\" data-id=\"c2e9f40\" data-element_type=\"widget\" data-e-type=\"widget\" data-widget_type=\"heading.default\">\n\t\t\t\t<div class=\"elementor-widget-container\">\n\t\t\t\t\t<h3 class=\"elementor-heading-title elementor-size-default\">Victor Young (1899-1956)<\/h3>\t\t\t\t<\/div>\n\t\t\t\t<\/div>\n\t\t\t\t<section class=\"elementor-section elementor-inner-section elementor-element elementor-element-a5b768a elementor-section-content-middle elementor-section-boxed elementor-section-height-default elementor-section-height-default\" data-id=\"a5b768a\" data-element_type=\"section\" data-e-type=\"section\">\n\t\t\t\t\t\t<div class=\"elementor-container elementor-column-gap-default\">\n\t\t\t\t\t<div class=\"elementor-column elementor-col-50 elementor-inner-column elementor-element elementor-element-e9f074d\" data-id=\"e9f074d\" data-element_type=\"column\" data-e-type=\"column\">\n\t\t\t<div class=\"elementor-widget-wrap elementor-element-populated\">\n\t\t\t\t\t\t<div class=\"elementor-element elementor-element-3ca4f3f elementor-drop-cap-yes elementor-drop-cap-view-default elementor-widget elementor-widget-text-editor\" data-id=\"3ca4f3f\" data-element_type=\"widget\" data-e-type=\"widget\" data-settings=\"{&quot;drop_cap&quot;:&quot;yes&quot;}\" data-widget_type=\"text-editor.default\">\n\t\t\t\t<div class=\"elementor-widget-container\">\n\t\t\t\t\t\t\t\t\t<p>Wiele os\u00f3b wie, \u017ce by\u0142 s\u0142ynnym kompozytorem muzyki filmowej i popularnej, ale nie zdaje sobie sprawy, \u017ce pisa\u0142 tak\u017ce \u2018powa\u017cn\u0105\u2019 muzyk\u0119 i oryginalne piosenki do program\u00f3w radiowych, a nawet na Broadway. By\u0142 rozchwytywanym dyrygentem i utalentowanym aran\u017cerem; koncertuj\u0105cym solist\u0105 skrzypcowym (kt\u00f3ry odby\u0142 tourn\u00e9e po Europie) i muzycznym innowatorem, ale by\u0142 te\u017c dobrodusznym \u017cartownisiem, oddanym fotografem, gospodarzem cotygodniowej gry w pokera, wystawc\u0105 ps\u00f3w wystawowych, czu\u0142ym wujkiem, oddanym m\u0119\u017cem i ukochanym przyjacielem. Po\u015bmiertnie otrzyma\u0142 Oscara za najlepsz\u0105 muzyk\u0119 filmow\u0105 (po ponad 20 nominacjach), ale tak\u017ce wspania\u0142y, ca\u0142ostronicowy pomnik na tylnej ok\u0142adce presti\u017cowego magazynu bran\u017cowego, <em>The Hollywood Reporter<\/em>, a nast\u0119pnie album za albumem muzycznych ho\u0142d\u00f3w nagranych i wydanych przez jego podziwiaj\u0105cych r\u00f3wie\u015bnik\u00f3w.  Dzi\u015b jego spu\u015bcizna \u017cyje, poniewa\u017c nowe pokolenie muzyk\u00f3w \u0107wiczy, coveruje i publikuje swoje wykonania jego muzyki ka\u017cdego dnia.<\/p>\t\t\t\t\t\t\t\t<\/div>\n\t\t\t\t<\/div>\n\t\t\t\t\t<\/div>\n\t\t<\/div>\n\t\t\t\t<div class=\"elementor-column elementor-col-50 elementor-inner-column elementor-element elementor-element-bc05cbe\" data-id=\"bc05cbe\" data-element_type=\"column\" data-e-type=\"column\">\n\t\t\t<div class=\"elementor-widget-wrap elementor-element-populated\">\n\t\t\t\t\t\t<div class=\"elementor-element elementor-element-468e39f elementor-widget elementor-widget-image\" data-id=\"468e39f\" data-element_type=\"widget\" data-e-type=\"widget\" data-widget_type=\"image.default\">\n\t\t\t\t<div class=\"elementor-widget-container\">\n\t\t\t\t\t\t\t\t\t\t\t\t\t\t\t<img fetchpriority=\"high\" decoding=\"async\" width=\"800\" height=\"560\" src=\"https:\/\/victoryoung.com\/wp-content\/uploads\/2022\/08\/Victor-Young-and-his-Chrysler-Town-and-Country-1024x717.jpg\" class=\"attachment-large size-large wp-image-1554\" alt=\"victor young\" srcset=\"https:\/\/victoryoung.com\/wp-content\/uploads\/2022\/08\/Victor-Young-and-his-Chrysler-Town-and-Country-1024x717.jpg 1024w, https:\/\/victoryoung.com\/wp-content\/uploads\/2022\/08\/Victor-Young-and-his-Chrysler-Town-and-Country-300x210.jpg 300w, https:\/\/victoryoung.com\/wp-content\/uploads\/2022\/08\/Victor-Young-and-his-Chrysler-Town-and-Country-768x538.jpg 768w, https:\/\/victoryoung.com\/wp-content\/uploads\/2022\/08\/Victor-Young-and-his-Chrysler-Town-and-Country.jpg 1441w\" sizes=\"(max-width: 800px) 100vw, 800px\" \/>\t\t\t\t\t\t\t\t\t\t\t\t\t\t\t<\/div>\n\t\t\t\t<\/div>\n\t\t\t\t\t<\/div>\n\t\t<\/div>\n\t\t\t\t\t<\/div>\n\t\t<\/section>\n\t\t\t\t<div class=\"elementor-element elementor-element-7cbaf29 elementor-drop-cap-yes elementor-drop-cap-view-default elementor-widget elementor-widget-text-editor\" data-id=\"7cbaf29\" data-element_type=\"widget\" data-e-type=\"widget\" data-settings=\"{&quot;drop_cap&quot;:&quot;yes&quot;}\" data-widget_type=\"text-editor.default\">\n\t\t\t\t<div class=\"elementor-widget-container\">\n\t\t\t\t\t\t\t\t\t<p>Aby dowiedzie\u0107 si\u0119 wi\u0119cej o \u017cyciu i muzyce pana Younga lub powi\u0105zanych wydarzeniach, prosimy o nawigowanie po stronie za pomoc\u0105 menu (u g\u00f3ry) lub szybkich link\u00f3w (u do\u0142u):<\/p><p style=\"text-align: left;\" class=\"translation-block\">:  Jest to kr\u00f3tki opis \u017cycia pana Younga i pow\u00f3d, dla kt\u00f3rego zdecydowa\u0142em si\u0119 napisa\u0107 jego pierwsz\u0105 pe\u0142nometra\u017cow\u0105 biografi\u0119.  Na tej stronie znajduj\u0105 si\u0119 r\u00f3wnie\u017c linki do istniej\u0105cych, kr\u00f3tkich biografii, takich jak Wikipedia i Songwriters Hall of Fame.  Podkre\u015bl\u0105 one czytelnikowi wiele intryguj\u0105cych element\u00f3w podr\u00f3\u017cy Younga z getta w Chicago do Beverly Hills, od muzycznego zapomnienia do kariery szerszej ni\u017c jakikolwiek inny hollywoodzki kompozytor jego czas\u00f3w, a mo\u017ce i wszechczas\u00f3w.<\/p><p style=\"text-align: left;\" class=\"translation-block\">:  Ta strona zawiera formularz zapisu do mojego kwartalnego biuletynu na temat projektu biograficznego, a tak\u017ce jest repozytorium poprzednich biuletyn\u00f3w, zasadniczo w formacie bloga, dzi\u0119ki czemu mo\u017cesz nadrobi\u0107 zaleg\u0142o\u015bci w poprzednich wydaniach, kt\u00f3re przegapi\u0142e\u015b.  Biuletyny b\u0119d\u0105 wysy\u0142ane na prywatn\u0105 list\u0119 dystrybucyjn\u0105 e-mail i publikowane na tej stronie od marca 2023 roku.  Og\u00f3lny format b\u0119dzie obejmowa\u0142 trzy kr\u00f3tkie sekcje:<\/p><p class=\"translation-block\"><span style=\"text-decoration: underline\">Badania i przemy\u015blenia<\/span>: Kr\u00f3tkie podsumowanie aktualnego tematu badawczego, zazwyczaj nieporuszanego w biografiach dost\u0119pnych online.<\/p><p class=\"translation-block\"><span style=\"text-decoration: underline\">Muzyka w centrum uwagi<\/span>: Link do serwisu YouTube lub Spotify z now\u0105 wersj\u0105 utworu Younga, kt\u00f3rej nie mo\u017cecie przegapi\u0107.<\/p><p class=\"translation-block\"><span style=\"text-decoration: underline\">Filmy lub wydarzenia warte uwagi<\/span>: Konkretne filmy lub powi\u0105zane programy, kt\u00f3re chc\u0119 wyr\u00f3\u017cni\u0107, lub wydarzenia, kt\u00f3re zwr\u00f3ci\u0142y moj\u0105 uwag\u0119.<\/p><p class=\"translation-block\"><span style=\"text-decoration: underline\">Fragment filmowy i utw\u00f3r muzyczny w centrum uwagi<\/span> \u2013 Fragment filmu lub nagranie d\u017awi\u0119kowe fragmentu muzycznego z filmu oraz por\u00f3wnanie utworu muzycznego, kt\u00f3ry ostatecznie powsta\u0142 na bazie tego fragmentu,<\/p><p class=\"translation-block\"><span style=\"text-decoration: underline\">\u0179r\u00f3d\u0142o informacji biograficznych w centrum uwagi<\/span> \u2013 Kr\u00f3tkie podsumowanie lub cel \u017ar\u00f3d\u0142a, z kt\u00f3rego ju\u017c korzystano lub z kt\u00f3rego zamierza si\u0119 skorzysta\u0107.<\/p><p style=\"text-align: left;\"><b>YouTube<\/b>:  Wideo i audio publikacje muzyki Victora Younga na YouTube s\u0105 wszechobecne.  Niekt\u00f3re z nich s\u0105 dobrze zorganizowane w listy odtwarzania, a inne s\u0105 po prostu jednorazowymi postami, takimi jak nowy cover jednej z jego popularnych piosenek, takich jak \u2018When I Fall in Love\u2019 lub \u2018A Women's Intuition\u2019.  Ta strona zawiera g\u0142\u00f3wnie utwory z muzyki filmowej, kt\u00f3re autor zada\u0142 sobie trud zmontowania w \u2018suit\u0119\u2019 zwi\u0105zan\u0105 z konkretnym filmem, np. <i>Shane <\/i>lub <i>For Whom the Bell Tolls<\/i>.  Zazwyczaj trwaj\u0105 one oko\u0142o 10 minut i szybko daj\u0105 s\u0142uchaczowi wyobra\u017cenie o tym, jak pan Young podszed\u0142 do danego filmu.  G\u0142\u00f3wny link na YouTube na tej stronie prowadzi do pi\u0119ciogodzinnej kolekcji suit muzyki filmowej, kt\u00f3re umie\u015bci\u0142em na li\u015bcie odtwarzania.  W przysz\u0142o\u015bci b\u0119d\u0119 tu zagl\u0105da\u0142 w poszukiwaniu nowych playlist i link\u00f3w do poszczeg\u00f3lnych wpis\u00f3w na YouTube.<\/p><p style=\"text-align: left;\"><b>Spotify<\/b>:  Jako czo\u0142owa platforma do strumieniowego przesy\u0142ania muzyki, Spotify oferuje bezp\u0142atne i p\u0142atne subskrypcje katalogu ponad <b>sto milion\u00f3w<\/b> utwor\u00f3w muzycznych.  Na stronie Spotify pod adresem VictorYoung.com znajduje si\u0119 link do pi\u0119ciogodzinnej playlisty popularnych cover\u00f3w, z kt\u00f3rej wybra\u0142em ponad 70 utwor\u00f3w prezentuj\u0105cych r\u00f3\u017cne style wykonawcze, od oryginalnych, cz\u0119sto przeznaczonych do ta\u0144ca aran\u017cacji Fox Trot, nagranych przez samego Younga pod szyldem wytw\u00f3rni Decca i Brunswick, po wsp\u00f3\u0142czesne wykonania, kt\u00f3re mo\u017cna us\u0142ysze\u0107 na koncercie na \u017cywo w dowolnym miejscu na \u015bwiecie.  Na potrzeby tej wst\u0119pnej playlisty wybra\u0142em losowo od 3 do 4 nagra\u0144 tego samego zestawu oko\u0142o 25 piosenek, dzi\u0119ki czemu mo\u017cna us\u0142ysze\u0107, jak muzycy interpretowali muzyk\u0119 Younga w latach 30. a\u017c do 2020 roku.  Prawdopodobnie odkryjesz tytu\u0142y piosenek, kt\u00f3rych nigdy wcze\u015bniej nie s\u0142ysza\u0142e\u015b, lub muzyk\u00f3w, kt\u00f3rzy do tej pory umkn\u0119li twojej uwadze.<\/p><p><strong>Filmy<\/strong>:  Dla tych, kt\u00f3rzy nie s\u0105 zaznajomieni z partyturami Younga w kontek\u015bcie samych film\u00f3w, ta strona podsumowuje dwana\u015bcie film\u00f3w, po cztery z lat trzydziestych, czterdziestych i pi\u0119\u0107dziesi\u0105tych, oferuj\u0105c szeroki zakres gatunk\u00f3w z ogromnego dorobku, jaki stworzy\u0142.<\/p><p style=\"text-align: left;\"><b>Wydarzenia<\/b>:  Na tej stronie b\u0119d\u0105 og\u0142aszane nadchodz\u0105ce (lub powi\u0105zane z nimi nagrania) koncerty i programy zawieraj\u0105ce muzyk\u0119 napisan\u0105 przez Victora Younga lub pokazy film\u00f3w, do kt\u00f3rych muzyk\u0119 napisa\u0142.  Czasami zwracam na nie uwag\u0119 poprzez codzienne wyszukiwanie w Google, ale cz\u0119sto nie udaje mi si\u0119 znale\u017a\u0107 powiadomie\u0144 z wyprzedzeniem.  Podejrzewam, \u017ce wiele innych pozostaje niezauwa\u017conych, poniewa\u017c programista nie wymieni\u0142 nazwiska Younga lub nie wiedzia\u0142, \u017ce skomponowa\u0142 on konkretn\u0105 piosenk\u0119 lub skomponowa\u0142 muzyk\u0119 do konkretnego filmu.  W tym miejscu szczeg\u00f3lnie potrzebuj\u0119 i b\u0119d\u0119 wdzi\u0119czny za TWOJ\u0104 sta\u0142\u0105 pomoc!  Za ka\u017cdym razem, gdy natkniesz si\u0119 na takie og\u0142oszenia, PROSZ\u0118 przeka\u017c mi je, korzystaj\u0105c z sekcji <b>Kontakt <\/b>wi\u0119c mog\u0119 je opublikowa\u0107 na tej stronie <b>Wydarzenia <\/b>i zwr\u00f3ci\u0107 na nie uwag\u0119 na stronie <b>Nasz biuletyn<\/b> dla potomno\u015bci.<\/p><p style=\"text-align: left;\"><b>Kontakt<\/b>:  Ostatni\u0105, ale nie mniej wa\u017cn\u0105, jest strona, na kt\u00f3rej mo\u017cna wys\u0142a\u0107 mi wiadomo\u015b\u0107 za pomoc\u0105 formularza kontaktowego na tej stronie internetowej lub wys\u0142a\u0107 wiadomo\u015b\u0107 e-mail do mnie za pomoc\u0105 w\u0142asnego klienta poczty e-mail (na adres John@VictorYoung.com.) Jak wspomniano powy\u017cej, chc\u0119 dowiedzie\u0107 si\u0119 o koncertach i pokazach filmowych, w kt\u00f3rych pojawia si\u0119 muzyka pana Younga, ale chc\u0119 r\u00f3wnie\u017c us\u0142ysze\u0107 od was o nadchodz\u0105cej biografii, takich jak tematy, kt\u00f3re chcieliby\u015bcie zobaczy\u0107, lub informacje, o kt\u00f3rych chcieliby\u015bcie, abym wiedzia\u0142 lub zbada\u0142.  Podchodz\u0105c do tego projektu z punktu widzenia naukowca i kierownika projektu, kt\u00f3ry uwielbia biografie, a nie jako wyszkolony muzyk, kompozytor, dyrygent, muzykolog, historyk itp., licz\u0119 na to, \u017ce wszyscy pomo\u017cecie mi uczyni\u0107 ten ho\u0142d dla Victora Younga najlepszym, jaki mo\u017ce by\u0107.<\/p><p style=\"text-align: left;\">\u00a0<\/p>\t\t\t\t\t\t\t\t<\/div>\n\t\t\t\t<\/div>\n\t\t\t\t\t<\/div>\n\t\t<\/div>\n\t\t\t\t\t<\/div>\n\t\t<\/section>\n\t\t\t\t<\/div>","protected":false},"excerpt":{"rendered":"<p>Dedicated to promoting the Legacy of the Incomparable Victor Young. Please Scroll Down &#8230; SIGN UP FOR NEWSLETTER Victor Young (1899-1956) Many people know he was a famous composer for motion pictures and popular music but don\u2019t realize that he also wrote \u2018serious\u2019 music and original songs for radio programs, even the Broadway stage. He [&hellip;]<\/p>\n","protected":false},"author":2,"featured_media":0,"parent":0,"menu_order":0,"comment_status":"closed","ping_status":"closed","template":"","meta":{"nf_dc_page":"","footnotes":""},"class_list":["post-348","page","type-page","status-publish","hentry"],"_links":{"self":[{"href":"https:\/\/victoryoung.com\/pl\/wp-json\/wp\/v2\/pages\/348","targetHints":{"allow":["GET"]}}],"collection":[{"href":"https:\/\/victoryoung.com\/pl\/wp-json\/wp\/v2\/pages"}],"about":[{"href":"https:\/\/victoryoung.com\/pl\/wp-json\/wp\/v2\/types\/page"}],"author":[{"embeddable":true,"href":"https:\/\/victoryoung.com\/pl\/wp-json\/wp\/v2\/users\/2"}],"replies":[{"embeddable":true,"href":"https:\/\/victoryoung.com\/pl\/wp-json\/wp\/v2\/comments?post=348"}],"version-history":[{"count":5,"href":"https:\/\/victoryoung.com\/pl\/wp-json\/wp\/v2\/pages\/348\/revisions"}],"predecessor-version":[{"id":3077,"href":"https:\/\/victoryoung.com\/pl\/wp-json\/wp\/v2\/pages\/348\/revisions\/3077"}],"wp:attachment":[{"href":"https:\/\/victoryoung.com\/pl\/wp-json\/wp\/v2\/media?parent=348"}],"curies":[{"name":"wp","href":"https:\/\/api.w.org\/{rel}","templated":true}]}}