{"id":810,"date":"2022-08-05T15:54:25","date_gmt":"2022-08-05T15:54:25","guid":{"rendered":"http:\/\/victoryoung.com\/?page_id=810"},"modified":"2026-01-02T20:38:30","modified_gmt":"2026-01-03T04:38:30","slug":"spotify","status":"publish","type":"page","link":"https:\/\/victoryoung.com\/pl\/spotify\/","title":{"rendered":"Spotify"},"content":{"rendered":"<div data-elementor-type=\"wp-page\" data-elementor-id=\"810\" class=\"elementor elementor-810\" data-elementor-post-type=\"page\">\n\t\t\t\t\t\t<section class=\"elementor-section elementor-top-section elementor-element elementor-element-dc00f47 elementor-section-height-min-height elementor-section-boxed elementor-section-height-default elementor-section-items-middle\" data-id=\"dc00f47\" data-element_type=\"section\" data-e-type=\"section\" data-settings=\"{&quot;background_background&quot;:&quot;classic&quot;}\">\n\t\t\t\t\t\t\t<div class=\"elementor-background-overlay\"><\/div>\n\t\t\t\t\t\t\t<div class=\"elementor-container elementor-column-gap-no\">\n\t\t\t\t\t<div class=\"elementor-column elementor-col-100 elementor-top-column elementor-element elementor-element-90b462e\" data-id=\"90b462e\" data-element_type=\"column\" data-e-type=\"column\">\n\t\t\t<div class=\"elementor-widget-wrap elementor-element-populated\">\n\t\t\t\t\t\t<div class=\"elementor-element elementor-element-e432d70 elementor-widget-divider--view-line elementor-widget elementor-widget-divider\" data-id=\"e432d70\" data-element_type=\"widget\" data-e-type=\"widget\" data-widget_type=\"divider.default\">\n\t\t\t\t<div class=\"elementor-widget-container\">\n\t\t\t\t\t\t\t<div class=\"elementor-divider\">\n\t\t\t<span class=\"elementor-divider-separator\">\n\t\t\t\t\t\t<\/span>\n\t\t<\/div>\n\t\t\t\t\t\t<\/div>\n\t\t\t\t<\/div>\n\t\t\t\t\t<\/div>\n\t\t<\/div>\n\t\t\t\t\t<\/div>\n\t\t<\/section>\n\t\t\t\t<section class=\"elementor-section elementor-top-section elementor-element elementor-element-0908fd6 elementor-section-height-min-height elementor-section-boxed elementor-section-height-default elementor-section-items-middle\" data-id=\"0908fd6\" data-element_type=\"section\" data-e-type=\"section\" data-settings=\"{&quot;background_background&quot;:&quot;classic&quot;}\">\n\t\t\t\t\t\t<div class=\"elementor-container elementor-column-gap-no\">\n\t\t\t\t\t<div class=\"elementor-column elementor-col-100 elementor-top-column elementor-element elementor-element-d85a586\" data-id=\"d85a586\" data-element_type=\"column\" data-e-type=\"column\">\n\t\t\t<div class=\"elementor-widget-wrap elementor-element-populated\">\n\t\t\t\t\t\t<div class=\"elementor-element elementor-element-a219c2e elementor-widget elementor-widget-heading\" data-id=\"a219c2e\" data-element_type=\"widget\" data-e-type=\"widget\" data-widget_type=\"heading.default\">\n\t\t\t\t<div class=\"elementor-widget-container\">\n\t\t\t\t\t<h2 class=\"elementor-heading-title elementor-size-default\">Zawarto\u015b\u0107 playlisty Victora Younga na Spotify<\/h2>\t\t\t\t<\/div>\n\t\t\t\t<\/div>\n\t\t\t\t<div class=\"elementor-element elementor-element-3fceee9 elementor-drop-cap-yes elementor-drop-cap-view-default elementor-widget elementor-widget-text-editor\" data-id=\"3fceee9\" data-element_type=\"widget\" data-e-type=\"widget\" data-settings=\"{&quot;drop_cap&quot;:&quot;yes&quot;}\" data-widget_type=\"text-editor.default\">\n\t\t\t\t<div class=\"elementor-widget-container\">\n\t\t\t\t\t\t\t\t\t<p>Obecna playlista, trwaj\u0105ca 5 godzin, zawiera covery utwor\u00f3w Victora Younga, g\u0142\u00f3wnie z kategorii muzyki popularnej, a nie orkiestrowej, obejmuj\u0105ce 35 r\u00f3\u017cne tytu\u0142y. Je\u015bli macie jakie\u015b nowe covery, kt\u00f3re chcieliby\u015bcie poleci\u0107, prosz\u0119 o kontakt za po\u015brednictwem sekcji \u201eKontakt\u201d. Moim celem jest regularne aktualizowanie listy o nowe utwory, a zw\u0142aszcza dodawanie cover\u00f3w mniej znanych kompozycji (np. \u201eA Woman\u2019s Intuition\u201d). Niekt\u00f3re z jego piosenek nie maj\u0105 obecnie dost\u0119pnych wersji na Spotify, takie jak \u201eLove Me\u201d, \u201eOne Look at You\u201d czy \u201eI Live Again\u201d. Docelowo mam nadziej\u0119 stworzy\u0107 sekcj\u0119 z list\u0105 rzadkich utwor\u00f3w i linkami do nut, aby zach\u0119ci\u0107 \u015brodowisko muzyczne do ich interpretacji i dalszego budowania dziedzictwa pana Younga. Je\u015bli nie macie konta na Spotify, oferuj\u0105 oni bezp\u0142atn\u0105 subskrypcj\u0119 z pewnymi ograniczeniami oraz konto p\u0142atne. Osobi\u015bcie wol\u0119 Spotify od YouTube do tworzenia playlist, poniewa\u017c utwory maj\u0105 wyr\u00f3wnany poziom g\u0142o\u015bno\u015bci.<\/p><p>Aby otworzy\u0107 playlist\u0119 Spotify w nowym oknie, kliknij na poni\u017cszy zrzut ekranu\u2026<\/p><p>Aby zobaczy\u0107 list\u0119 wszystkich tytu\u0142\u00f3w w tej playli\u015bcie, przewi\u0144 stron\u0119 w d\u00f3\u0142, poni\u017cej obrazka\u2026<\/p>\t\t\t\t\t\t\t\t<\/div>\n\t\t\t\t<\/div>\n\t\t\t\t<section class=\"elementor-section elementor-inner-section elementor-element elementor-element-f7e4427 elementor-section-content-bottom elementor-section-boxed elementor-section-height-default elementor-section-height-default\" data-id=\"f7e4427\" data-element_type=\"section\" data-e-type=\"section\">\n\t\t\t\t\t\t<div class=\"elementor-container elementor-column-gap-no\">\n\t\t\t\t\t<div class=\"elementor-column elementor-col-100 elementor-inner-column elementor-element elementor-element-ab1c3a6\" data-id=\"ab1c3a6\" data-element_type=\"column\" data-e-type=\"column\" data-settings=\"{&quot;background_background&quot;:&quot;classic&quot;}\">\n\t\t\t<div class=\"elementor-widget-wrap elementor-element-populated\">\n\t\t\t\t\t\t<div class=\"elementor-element elementor-element-6efc526 elementor-widget elementor-widget-image\" data-id=\"6efc526\" data-element_type=\"widget\" data-e-type=\"widget\" data-widget_type=\"image.default\">\n\t\t\t\t<div class=\"elementor-widget-container\">\n\t\t\t\t\t\t\t\t\t\t\t\t\t\t\t\t<a href=\"https:\/\/open.spotify.com\/playlist\/2TPZ7aet2QOOy38GUvaTYX?si=350ceac2f41e498a&#038;nd=1\" target=\"_blank\" rel=\"noopener\">\n\t\t\t\t\t\t\t<img fetchpriority=\"high\" decoding=\"async\" width=\"1392\" height=\"994\" src=\"https:\/\/victoryoung.com\/wp-content\/uploads\/2026\/01\/Spotify-2026-01-02-202846.png\" class=\"attachment-full size-full wp-image-3153\" alt=\"\" srcset=\"https:\/\/victoryoung.com\/wp-content\/uploads\/2026\/01\/Spotify-2026-01-02-202846.png 1392w, https:\/\/victoryoung.com\/wp-content\/uploads\/2026\/01\/Spotify-2026-01-02-202846-300x214.png 300w, https:\/\/victoryoung.com\/wp-content\/uploads\/2026\/01\/Spotify-2026-01-02-202846-1024x731.png 1024w, https:\/\/victoryoung.com\/wp-content\/uploads\/2026\/01\/Spotify-2026-01-02-202846-768x548.png 768w, https:\/\/victoryoung.com\/wp-content\/uploads\/2026\/01\/Spotify-2026-01-02-202846-18x12.png 18w, https:\/\/victoryoung.com\/wp-content\/uploads\/2026\/01\/Spotify-2026-01-02-202846-1320x943.png 1320w\" sizes=\"(max-width: 1392px) 100vw, 1392px\" \/>\t\t\t\t\t\t\t\t<\/a>\n\t\t\t\t\t\t\t\t\t\t\t\t\t\t\t<\/div>\n\t\t\t\t<\/div>\n\t\t\t\t\t<\/div>\n\t\t<\/div>\n\t\t\t\t\t<\/div>\n\t\t<\/section>\n\t\t\t\t\t<\/div>\n\t\t<\/div>\n\t\t\t\t\t<\/div>\n\t\t<\/section>\n\t\t\t\t<section class=\"elementor-section elementor-top-section elementor-element elementor-element-ebde297 elementor-section-boxed elementor-section-height-default elementor-section-height-default\" data-id=\"ebde297\" data-element_type=\"section\" data-e-type=\"section\">\n\t\t\t\t\t\t<div class=\"elementor-container elementor-column-gap-default\">\n\t\t\t\t\t<div class=\"elementor-column elementor-col-100 elementor-top-column elementor-element elementor-element-2c4616e\" data-id=\"2c4616e\" data-element_type=\"column\" data-e-type=\"column\">\n\t\t\t<div class=\"elementor-widget-wrap elementor-element-populated\">\n\t\t\t\t\t\t<div class=\"elementor-element elementor-element-0abfa6a elementor-widget elementor-widget-text-editor\" data-id=\"0abfa6a\" data-element_type=\"widget\" data-e-type=\"widget\" data-widget_type=\"text-editor.default\">\n\t\t\t\t<div class=\"elementor-widget-container\">\n\t\t\t\t\t\t\t\t\t<p><strong>Lista popularnych piosenek Victora Younga<\/strong><\/p><ol><li>W ko\u0144cu sam<\/li><li>Ka\u017cde miejsce na Ziemi jest niebem<\/li><li>Dooko\u0142a \u015bwiata<\/li><li>Pi\u0119kna mi\u0142o\u015b\u0107<\/li><li>Czarny<\/li><li>Blue Star<\/li><li>Wezwanie z odleg\u0142ych wzg\u00f3rz<\/li><li>Czy nie mo\u017cemy tego przedyskutowa\u0107?<\/li><li>Delilah<\/li><li>Wszystko, co robi\u0119<\/li><li>Z\u0142ote kolczyki<\/li><li>Po\u0142udnie w mojej duszy<\/li><li>Sto lat od dzi\u015b<\/li><li>Nie mam z tob\u0105 najmniejszych szans<\/li><li>Powinienem wiedzie\u0107 o tobie wi\u0119cej<\/li><li>Motyw mi\u0142osny Lewa r\u0119ka Boga<\/li><li>Mi\u0142o\u015b\u0107 jest rzecz\u0105<\/li><li>Listy mi\u0142osne<\/li><li>Mi\u0142o\u015b\u0107 taka jak ta<\/li><li>Love Me Tonight<\/li><li>Moje g\u0142upie serce<\/li><li>Pragnienie mojego serca<\/li><li>Nasz w\u0142asny<\/li><li>Siedem wzg\u00f3rz Rzymu<\/li><li>Cienie na oknie<\/li><li>Song of Surrender<\/li><li>Stella by Starlight<\/li><li>Ulica Marze\u0144<\/li><li>S\u0142odka Sue<\/li><li>Kiedy si\u0119 zakocham<\/li><li>Gdzie mog\u0119 i\u015b\u0107 bez ciebie?<\/li><li>Bia\u0142y<\/li><li>Zimowy czas mi\u0142o\u015bci<\/li><li>Kobieca intuicja<\/li><li>Jeste\u015b tkaczem sn\u00f3w<\/li><\/ol>\t\t\t\t\t\t\t\t<\/div>\n\t\t\t\t<\/div>\n\t\t\t\t\t<\/div>\n\t\t<\/div>\n\t\t\t\t\t<\/div>\n\t\t<\/section>\n\t\t\t\t<\/div>","protected":false},"excerpt":{"rendered":"<p>Victor Young Spotify Playlist Content The Playlist, currently 5 hours in length, is for covers of Victor Young&#8217;s music, mostly in the Popular, not the Orchestral category, for 35 different titles.\u00a0\u00a0If you have new covers you would like to recommend, please reach out to me in the Contact section. My intent is to keep the [&hellip;]<\/p>\n","protected":false},"author":2,"featured_media":0,"parent":0,"menu_order":0,"comment_status":"closed","ping_status":"closed","template":"","meta":{"nf_dc_page":"","footnotes":""},"class_list":["post-810","page","type-page","status-publish","hentry"],"_links":{"self":[{"href":"https:\/\/victoryoung.com\/pl\/wp-json\/wp\/v2\/pages\/810","targetHints":{"allow":["GET"]}}],"collection":[{"href":"https:\/\/victoryoung.com\/pl\/wp-json\/wp\/v2\/pages"}],"about":[{"href":"https:\/\/victoryoung.com\/pl\/wp-json\/wp\/v2\/types\/page"}],"author":[{"embeddable":true,"href":"https:\/\/victoryoung.com\/pl\/wp-json\/wp\/v2\/users\/2"}],"replies":[{"embeddable":true,"href":"https:\/\/victoryoung.com\/pl\/wp-json\/wp\/v2\/comments?post=810"}],"version-history":[{"count":5,"href":"https:\/\/victoryoung.com\/pl\/wp-json\/wp\/v2\/pages\/810\/revisions"}],"predecessor-version":[{"id":3163,"href":"https:\/\/victoryoung.com\/pl\/wp-json\/wp\/v2\/pages\/810\/revisions\/3163"}],"wp:attachment":[{"href":"https:\/\/victoryoung.com\/pl\/wp-json\/wp\/v2\/media?parent=810"}],"curies":[{"name":"wp","href":"https:\/\/api.w.org\/{rel}","templated":true}]}}